{"id":22116,"date":"2026-03-22T22:48:52","date_gmt":"2026-03-22T21:48:52","guid":{"rendered":"https:\/\/ritosa.click.si\/?post_type=product&#038;p=22116"},"modified":"2026-03-27T16:40:13","modified_gmt":"2026-03-27T15:40:13","slug":"neom-doblax-20%e2%80%b3","status":"publish","type":"product","link":"https:\/\/ritosa.click.si\/hr\/ducan\/biciklizam\/kotaci\/elektricna-kolesa\/mestna-elektricna-kolesa\/neom-doblax-20%e2%80%b3\/","title":{"rendered":"NEOM Doblax 20\u2033"},"content":{"rendered":"<p>Polnovzmeteno zlo\u017eljivo elektri\u010dno kolo Neom Doblax<\/p>\n<p>Zlo\u017eljivo elektri\u010dno kolo Neom Doblax zdru\u017euje eleganco, udobje in prakti\u010dnost v sodobni obliki, zasnovani za mestno vo\u017enjo in dnevno mobilnost. S polno vzmetenim aluminijastim okvirjem z nizkim vstopom omogo\u010da lahkotno sestopanje ter gladko vo\u017enjo po razli\u010dnih podlagah. Zahvaljujo\u010d zmogljivemu motorju in kakovostni opremi je odli\u010dna izbira za mestna opravila in kraj\u0161e izlete.<\/p>\n<div class=\"tab-content\">\n<div id=\"tab6\" class=\"tab-pane active\" role=\"tabpanel\">\n<div class=\"podrobno_podrobniopis\">Specifikacija:<br \/>\nOkvir: Alu 6061, LS &#8211; nizek vstop (Low Step), polno vzmeten<br \/>\nVilice: Ovjes<br \/>\nOprema: Shimano, Tourney, 7P<br \/>\nZavore: Tektro, Mehanske disk zavore<br \/>\nPla\u0161\u010di: 20&#215;1,95, Kenda<br \/>\nMotor: Bafang motor v zadnjem pestu, 36V, 250W<br \/>\nBaterija: Li-ion 36V 10,4 Ah<br \/>\nZaslon: K5348<br \/>\nSvjetiljka: LED<br \/>\nDodatna oprema: Blatnik, Nosa\u010d za prtljagu, Stalak<br \/>\nDomet: Do 60 km<\/div>\n<\/div>\n<\/div>","protected":false},"excerpt":{"rendered":"<p>Polnovzmeteno zlo\u017eljivo elektri\u010dno kolo NEOM Doblax 20\u2033<\/p>\n<ul>\n<li>Nizek polnovzmeten okvir za enostaven vstop in sestop<\/li>\n<li>Skrita integrirana baterija<\/li>\n<\/ul>\n<p><span style=\"color: #00ccff\">MOGU\u0106NOST PRIJAVE ZA DODATNE SUBVENCIJE -25%<\/span><\/p>","protected":false},"featured_media":22117,"template":"","meta":{"_acf_changed":false,"inline_featured_image":false,"_monsterinsights_skip_tracking":false,"_monsterinsights_sitenote_active":false,"_monsterinsights_sitenote_note":"","_monsterinsights_sitenote_category":0},"product_brand":[],"product_cat":[630,642],"product_tag":[],"class_list":{"0":"post-22116","1":"product","2":"type-product","3":"status-publish","4":"has-post-thumbnail","6":"product_cat-mestna-elektricna-kolesa","7":"product_cat-zlozljiva-elektricna-kolesa","9":"first","10":"onbackorder","11":"sale","12":"taxable","13":"shipping-taxable","14":"purchasable","15":"product-type-simple"},"acf":[],"aioseo_notices":[],"_links":{"self":[{"href":"https:\/\/ritosa.click.si\/hr\/wp-json\/wp\/v2\/product\/22116","targetHints":{"allow":["GET"]}}],"collection":[{"href":"https:\/\/ritosa.click.si\/hr\/wp-json\/wp\/v2\/product"}],"about":[{"href":"https:\/\/ritosa.click.si\/hr\/wp-json\/wp\/v2\/types\/product"}],"wp:featuredmedia":[{"embeddable":true,"href":"https:\/\/ritosa.click.si\/hr\/wp-json\/wp\/v2\/media\/22117"}],"wp:attachment":[{"href":"https:\/\/ritosa.click.si\/hr\/wp-json\/wp\/v2\/media?parent=22116"}],"wp:term":[{"taxonomy":"product_brand","embeddable":true,"href":"https:\/\/ritosa.click.si\/hr\/wp-json\/wp\/v2\/product_brand?post=22116"},{"taxonomy":"product_cat","embeddable":true,"href":"https:\/\/ritosa.click.si\/hr\/wp-json\/wp\/v2\/product_cat?post=22116"},{"taxonomy":"product_tag","embeddable":true,"href":"https:\/\/ritosa.click.si\/hr\/wp-json\/wp\/v2\/product_tag?post=22116"}],"curies":[{"name":"radni list","href":"https:\/\/api.w.org\/{rel}","templated":true}]}}