{"id":22103,"date":"2026-03-22T21:33:06","date_gmt":"2026-03-22T20:33:06","guid":{"rendered":"https:\/\/ritosa.click.si\/?post_type=product&#038;p=22103"},"modified":"2026-03-22T22:42:38","modified_gmt":"2026-03-22T21:42:38","slug":"cube-compact-hybrid-545-2026","status":"publish","type":"product","link":"https:\/\/ritosa.click.si\/hr\/ducan\/biciklizam\/kotaci\/elektricna-kolesa\/mestna-elektricna-kolesa\/cube-compact-hybrid-545-2026\/","title":{"rendered":"CUBE COMPACT HYBRID 545 2026"},"content":{"rendered":"<p data-start=\"0\" data-end=\"85\"><strong>CUBE COMPACT HYBRID 545<\/strong><\/p>\n<p data-start=\"75\" data-end=\"396\">CUBE Compact Hybrid Comfort 545 zdru\u017euje kompaktno zasnovo, <strong>zmogljiv Bosch Performance motor<\/strong> in prakti\u010dne detajle za vsakodnevno uporabo. Z baterijo kapacitete 545 Wh, elegantno integrirano v okvir, ter Bosch Smart Systemom, ki se povezuje z aplikacijo eBike Flow, ta e-kolo ponuja svobodo gibanja v mestu in izven njega.<\/p>\n<p data-start=\"398\" data-end=\"796\">Zaradi <strong>20-pal\u010dnih koles<\/strong> in trpe\u017enega <strong>Aluminium Superlite okvirja<\/strong> s prakti\u010dnim ro\u010dajem za no\u0161enje je Compact Hybrid Comfort enostaven za shranjevanje in upravljanje v ozkih urbanih prostorih. Shimano 5-stopenjski notranji menjalnik omogo\u010da enostavno vzdr\u017eevanje in gladko prestavljanje, medtem ko <strong>Shimano hidravli\u010dne disk zavore<\/strong> zagotavljajo varno in zanesljivo zaviranje v vseh vremenskih razmerah.<\/p>\n<p data-start=\"798\" data-end=\"1109\">Za maksimalno uporabnost so tu \u0161e sprednji nosilec tovora, blatniki, svetlobni sistem in ta\u010dka, nastavljivo krmilo in sede\u017e pa omogo\u010data hitro prilagoditev razli\u010dnim uporabnikom. Ne glede na to, ali se odpravlja\u0161 v slu\u017ebo, po nakupih, na izlet ali raziskovanje mesta \u2013 ta kompaktni e-bike je pripravljen na vse.<\/p>\n<p><em>Najve\u010dja dovoljena skupna te\u017ea (vklju\u010dno z maso kolesa): 142 kg<\/em><\/p>\n<h4><strong>Specifikacije<\/strong><\/h4>\n<p>Motor: Bosch Drive Unit Performance Line, 75 Nm (BDU34)<br data-start=\"1191\" data-end=\"1194\" \/>Baterija: Bosch PowerPack 545<br data-start=\"1223\" data-end=\"1226\" \/>Polnilec: Bosch 2A<br data-start=\"1244\" data-end=\"1247\" data-is-only-node=\"\" \/>Zaslon: Bosch Purion 200 z integriranim zaslonom<br data-start=\"1295\" data-end=\"1298\" \/>Okvir: Aluminium Superlite, Comfort Ride Geometry, Semi-Integrated Carrier, Double Butted, priprava za sprednji nosilec, drsni dropout<br data-start=\"1432\" data-end=\"1435\" \/>Vilica: Aluminijasta, toga, 20&#8243;<br data-start=\"1466\" data-end=\"1469\" \/>Le\u017eaj vilice: Cube H835D3, polintegriran, zaprti le\u017eaji<br data-start=\"1524\" data-end=\"1527\" \/>Lula krmila: BySchulz Speedlifter Twist Pro SDS T15<br data-start=\"1578\" data-end=\"1581\" \/>Krmilo: CUBE Comfort Trail Bar, 680 mm<br data-start=\"1619\" data-end=\"1622\" \/>Ro\u010daji: ACID Travel Comfort<br data-start=\"1649\" data-end=\"1652\" \/>Zadnji menjalnik: Shimano Cues RD-U4010, 9-stopenjski<br data-start=\"1705\" data-end=\"1708\" \/>Menjalne ro\u010dice: Shimano Cues SL-U4010, Rapidfire-Plus<br data-start=\"1762\" data-end=\"1765\" \/>Zavore: Shimano BR-MT200, hidravli\u010dne disk zavore (180\/160 mm)<br data-start=\"1827\" data-end=\"1830\" \/>Gonilka: ACID Trekking Hybrid, 44T<br data-start=\"1864\" data-end=\"1867\" \/>Pedala: ACID PP Trekking<br data-start=\"1891\" data-end=\"1894\" \/>Veriga: KMC eGlide<br data-start=\"1912\" data-end=\"1915\" \/>Kaseta: Shimano Cues CS-LG300, 11\u201336T<br data-start=\"1952\" data-end=\"1955\" \/>Prednje pesto: Shimano HB-QC300, QR, Centerlock<br data-start=\"2002\" data-end=\"2005\" \/>Zadnje pesto: Shimano FH-QC300-HM, QR, Centerlock<br data-start=\"2054\" data-end=\"2057\" \/>Obro\u010di \/ kolesa: ACID EX30, 32 naper, disk, Tubeless Ready<br data-start=\"2115\" data-end=\"2118\" \/>Pnevmatike: Schwalbe Super Moto-X, Double Defense, 62-406<br data-start=\"2175\" data-end=\"2178\" \/>Sede\u017e: ACID Sequence Pro 160<br data-start=\"2206\" data-end=\"2209\" \/>Sede\u017ena opora: Newmen Evolution, 27.2 mm<br data-start=\"2249\" data-end=\"2252\" \/>Prednja lu\u010d: ACID Front Light PRO-E 60 X-Connect, 12V, DC<br data-start=\"2309\" data-end=\"2312\" \/>Zadnja lu\u010d: ACID Mudguard Rear Light PRO-E, 12V, DC<br data-start=\"2363\" data-end=\"2366\" \/>Zvonec: Easy Bell<br data-start=\"2383\" data-end=\"2386\" \/>Blatniki: ACID 75, BB-Mount<br data-start=\"2413\" data-end=\"2416\" \/>Prtlja\u017enik: ACID 20&#8243; Semi-Integrated Carrier, ACID RILink Adapter Compatible<br data-start=\"2492\" data-end=\"2495\" \/>Ta\u010dka: CUBE CenterStand<br data-start=\"2518\" data-end=\"2521\" \/>Te\u017ea: 23,4 kg<\/p>","protected":false},"excerpt":{"rendered":"<p>Elektri\u010dno kolo Cube Compact Hybrid 545 Royalgreen &#8216;n&#8217; Black<\/p>\n<p><span style=\"color: #00ccff\">MOGU\u0106NOST PRIJAVE ZA DODATNE SUBVENCIJE -25%<\/span><\/p>","protected":false},"featured_media":22112,"template":"","meta":{"_acf_changed":false,"inline_featured_image":false,"_monsterinsights_skip_tracking":false,"_monsterinsights_sitenote_active":false,"_monsterinsights_sitenote_note":"","_monsterinsights_sitenote_category":0},"product_brand":[1192],"product_cat":[630,642],"product_tag":[],"class_list":{"0":"post-22103","1":"product","2":"type-product","3":"status-publish","4":"has-post-thumbnail","6":"product_brand-cube","7":"product_cat-mestna-elektricna-kolesa","8":"product_cat-zlozljiva-elektricna-kolesa","10":"first","11":"instock","12":"sale","13":"taxable","14":"shipping-taxable","15":"purchasable","16":"product-type-simple"},"acf":[],"aioseo_notices":[],"_links":{"self":[{"href":"https:\/\/ritosa.click.si\/hr\/wp-json\/wp\/v2\/product\/22103","targetHints":{"allow":["GET"]}}],"collection":[{"href":"https:\/\/ritosa.click.si\/hr\/wp-json\/wp\/v2\/product"}],"about":[{"href":"https:\/\/ritosa.click.si\/hr\/wp-json\/wp\/v2\/types\/product"}],"wp:featuredmedia":[{"embeddable":true,"href":"https:\/\/ritosa.click.si\/hr\/wp-json\/wp\/v2\/media\/22112"}],"wp:attachment":[{"href":"https:\/\/ritosa.click.si\/hr\/wp-json\/wp\/v2\/media?parent=22103"}],"wp:term":[{"taxonomy":"product_brand","embeddable":true,"href":"https:\/\/ritosa.click.si\/hr\/wp-json\/wp\/v2\/product_brand?post=22103"},{"taxonomy":"product_cat","embeddable":true,"href":"https:\/\/ritosa.click.si\/hr\/wp-json\/wp\/v2\/product_cat?post=22103"},{"taxonomy":"product_tag","embeddable":true,"href":"https:\/\/ritosa.click.si\/hr\/wp-json\/wp\/v2\/product_tag?post=22103"}],"curies":[{"name":"radni list","href":"https:\/\/api.w.org\/{rel}","templated":true}]}}