{"id":22038,"date":"2026-03-22T12:54:01","date_gmt":"2026-03-22T11:54:01","guid":{"rendered":"https:\/\/ritosa.click.si\/?post_type=product&#038;p=22038"},"modified":"2026-03-22T12:59:43","modified_gmt":"2026-03-22T11:59:43","slug":"cube-attain-slx-2026","status":"publish","type":"product","link":"https:\/\/ritosa.click.si\/hr\/ducan\/biciklizam\/kotaci\/cestovni-gravel-bicikli\/cube-attain-slx-2026\/","title":{"rendered":"CUBE ATTAIN SLX 2026"},"content":{"rendered":"<p data-start=\"0\" data-end=\"61\"><strong data-start=\"0\" data-end=\"19\">CUBE ATTAIN SLX<\/strong><br data-start=\"19\" data-end=\"22\" \/>Hitrost in udobje v popolnem ravnovesju<\/p>\n<p data-start=\"63\" data-end=\"314\">CUBE Attain SLX zdru\u017euje izjemno hitrost in vrhunsko udobje. Njegov okvir iz <strong data-start=\"140\" data-end=\"168\">6061 Aluminium Superlite<\/strong> z delno aero obliko in integriranim vodenjem kablov zagotavlja \u010dist in eleganten videz, medtem ko <strong data-start=\"267\" data-end=\"285\">Smooth Welding<\/strong> spoji dodajo premium izgled.<\/p>\n<p data-start=\"316\" data-end=\"597\"><strong data-start=\"316\" data-end=\"334\">Tapered vilica<\/strong> in <strong data-start=\"338\" data-end=\"355\">thru-axle osi<\/strong> omogo\u010dajo natan\u010dno vodljivost in u\u010dinkovit prenos mo\u010di. Tanke zadnje cevi (<strong data-start=\"431\" data-end=\"452\">slender seatstays<\/strong>) in <strong data-start=\"457\" data-end=\"479\">full carbon vilica<\/strong> zmanj\u0161ujejo udarce in vibracije s ceste, prostor za pnevmatike do <strong data-start=\"546\" data-end=\"555\">32 mm<\/strong> pa dodatno izbolj\u0161a stabilnost in udobje.<\/p>\n<p data-start=\"599\" data-end=\"748\">Attain SLX je idealna izbira za kolesarje, ki \u017eelijo popolno kombinacijo hitrosti in udobja, bodisi za hitre skupinske vo\u017enje ali dalj\u0161e vikend ture.<\/p>\n<p><em>Velikosti:\u00a0<\/em><em>47cm, 50cm, 53cm, 56cm, 58cm, 60cm<\/em><\/p>\n<p><em>Najve\u010dja nosilnost (vklju\u010dno s te\u017eo kolesa): 115 kg<\/em><\/p>\n<h4><strong>Specifikacije<\/strong><\/h4>\n<div class=\"flex max-w-full flex-col gap-4 grow\">\n<div class=\"min-h-8 text-message relative flex w-full flex-col items-end gap-2 text-start break-words whitespace-normal [.text-message+&amp;]:mt-1\" dir=\"auto\" data-message-author-role=\"assistant\" data-message-id=\"d38422c5-e9cf-41af-b1e4-c8cc9bc83379\" data-message-model-slug=\"gpt-5-3\">\n<div class=\"flex w-full flex-col gap-1 empty:hidden\">\n<div class=\"markdown prose dark:prose-invert w-full wrap-break-word light markdown-new-styling\">\n<p data-start=\"755\" data-end=\"1914\" data-is-last-node=\"\" data-is-only-node=\"\">Okvir: Aluminium 6061 T4\/T6 Superlite, Road Comfort Geometry, notranja napeljava kablov, Flat Mount disk zavore, integrirana objemka sede\u017ene opore, 12&#215;142 mm, AXH<br data-start=\"937\" data-end=\"940\" \/>Vilica: CUBE CSL Race Disc, full carbon, 1 1\/8&#8243; \u2013 1 1\/4&#8243; tapered, Flat Mount, 12&#215;100 mm<br data-start=\"1027\" data-end=\"1030\" \/>Le\u017eaj vilice: ACROS, zgoraj integriran 1 1\/2&#8243; z notranjo napeljavo kablov, spodaj integriran 1 1\/4&#8243;<br data-start=\"1129\" data-end=\"1132\" data-is-only-node=\"\" \/>Lula krmila: CUBE CIS Stem z notranjo napeljavo kablov, FPI-Link<br data-start=\"1196\" data-end=\"1199\" \/>Krmilo: ACID Road Omne 31.8, 5\u00b0, 120 NF<br data-start=\"1238\" data-end=\"1241\" \/>Trak krmila: ACID Bartape RC 3.0<br data-start=\"1273\" data-end=\"1276\" \/>Prednji menjalnik: Shimano 105 FD-R7100, objemka 31,8 mm<br data-start=\"1332\" data-end=\"1335\" \/>Zadnji menjalnik: Shimano 105 RD-R7100-DGS, 12-stopenjski<br data-start=\"1392\" data-end=\"1395\" \/>Ro\u010dice menjalnika\/zavor: Shimano 105 ST-R7120<br data-start=\"1440\" data-end=\"1443\" \/>Zavore: Shimano BR-R7170, hidravli\u010dne disk zavore, Flat Mount (160\/160 mm)<br data-start=\"1517\" data-end=\"1520\" \/>Gonilna os: Shimano BB-RS500PB, Pressfit<br data-start=\"1560\" data-end=\"1563\" \/>Gonilka: Shimano 105 FC-R7100, Hollowtech II, 50x34T<br data-start=\"1615\" data-end=\"1618\" \/>Veriga: Shimano CN-M6100<br data-start=\"1642\" data-end=\"1645\" \/>Kaseta: Shimano CS-R7101, 11\u201334T<br data-start=\"1677\" data-end=\"1680\" \/>Obro\u010di \/ kolesa: Newmen Performance R.32, 24\/24 naper, 12&#215;100 mm \/ 12&#215;142 mm, Tubeless Ready<br data-start=\"1772\" data-end=\"1775\" \/>Pnevmatike: Continental Grand Prix, Kevlar, 30-622<br data-start=\"1825\" data-end=\"1828\" \/>Sede\u017e: ACID Nuance Lite<br data-start=\"1851\" data-end=\"1854\" \/>Sede\u017ena opora: CUBE Performance Post, 27,2 mm<br data-start=\"1899\" data-end=\"1902\" \/>Te\u017ea: 9,6 kg<\/p>\n<\/div>\n<\/div>\n<\/div>\n<\/div>\n","protected":false},"excerpt":{"rendered":"<p>Cestno kolo Cube Attain SLX Coal &#8216;n&#8217; Prism<\/p>","protected":false},"featured_media":22040,"template":"","meta":{"_acf_changed":false,"inline_featured_image":false,"_monsterinsights_skip_tracking":false,"_monsterinsights_sitenote_active":false,"_monsterinsights_sitenote_note":"","_monsterinsights_sitenote_category":0},"product_brand":[1192],"product_cat":[501],"product_tag":[],"class_list":{"0":"post-22038","1":"product","2":"type-product","3":"status-publish","4":"has-post-thumbnail","6":"product_brand-cube","7":"product_cat-cestna-gravel-kolesa","8":"pa_velikost-1183","10":"first","11":"instock","12":"sale","13":"taxable","14":"shipping-taxable","15":"purchasable","16":"product-type-variable"},"acf":[],"aioseo_notices":[],"_links":{"self":[{"href":"https:\/\/ritosa.click.si\/hr\/wp-json\/wp\/v2\/product\/22038","targetHints":{"allow":["GET"]}}],"collection":[{"href":"https:\/\/ritosa.click.si\/hr\/wp-json\/wp\/v2\/product"}],"about":[{"href":"https:\/\/ritosa.click.si\/hr\/wp-json\/wp\/v2\/types\/product"}],"wp:featuredmedia":[{"embeddable":true,"href":"https:\/\/ritosa.click.si\/hr\/wp-json\/wp\/v2\/media\/22040"}],"wp:attachment":[{"href":"https:\/\/ritosa.click.si\/hr\/wp-json\/wp\/v2\/media?parent=22038"}],"wp:term":[{"taxonomy":"product_brand","embeddable":true,"href":"https:\/\/ritosa.click.si\/hr\/wp-json\/wp\/v2\/product_brand?post=22038"},{"taxonomy":"product_cat","embeddable":true,"href":"https:\/\/ritosa.click.si\/hr\/wp-json\/wp\/v2\/product_cat?post=22038"},{"taxonomy":"product_tag","embeddable":true,"href":"https:\/\/ritosa.click.si\/hr\/wp-json\/wp\/v2\/product_tag?post=22038"}],"curies":[{"name":"radni list","href":"https:\/\/api.w.org\/{rel}","templated":true}]}}