{"id":21961,"date":"2026-03-19T19:19:08","date_gmt":"2026-03-19T18:19:08","guid":{"rendered":"https:\/\/ritosa.click.si\/?post_type=product&#038;p=21961"},"modified":"2026-03-19T19:23:04","modified_gmt":"2026-03-19T18:23:04","slug":"sprednja-luc-flux-550lm-usb-c","status":"publish","type":"product","link":"https:\/\/ritosa.click.si\/hr\/ducan\/biciklizam\/oprema-za-biciklizam\/dodatna-oprema-in-rezervni-deli\/luci-zarometi\/sprednja-luc-flux-550lm-usb-c\/","title":{"rendered":"Prednje svjetlo FLUX 550LM, USB-C"},"content":{"rendered":"<ul>\n<li>1 \u00d7 visokou\u010dinkovita bijela LED 550LM<\/li>\n<li>5 funkcija: 3 na\u010dina osvjetljenja + 2 na\u010dina treptanja<\/li>\n<li>Univerzalni plasti\u010dni nosa\u010d za upravlja\u010d 22,2\u201331,8 mm<\/li>\n<li>Baterija: integrirana 18650 Li 3,7V 1800mAh, USB-C punjenje<\/li>\n<li>Trajanje baterije: 1,5\u20138 sati (ovisno o odabranom na\u010dinu)<\/li>\n<li>Vrijeme punjenja: 5 sati<\/li>\n<li>Dimenzije: 104 mm \u00d7 39 mm \u00d7 30 mm<\/li>\n<\/ul>","protected":false},"excerpt":{"rendered":"<p>Prednje svjetlo za bicikl Force FLUX 550LM, s USB-C punjenjem.<\/p>","protected":false},"featured_media":21962,"template":"","meta":{"_acf_changed":false,"inline_featured_image":false},"product_brand":[1559],"product_cat":[534],"product_tag":[1537,2275,1549],"class_list":{"0":"post-21961","1":"product","2":"type-product","3":"status-publish","4":"has-post-thumbnail","6":"product_brand-force","7":"product_cat-luci-zarometi","8":"product_tag-luc-za-kolo","9":"product_tag-prednja-luc","10":"product_tag-sprednja-luc","12":"first","13":"instock","14":"taxable","15":"shipping-taxable","16":"purchasable","17":"product-type-simple"},"acf":[],"_links":{"self":[{"href":"https:\/\/ritosa.click.si\/hr\/wp-json\/wp\/v2\/product\/21961","targetHints":{"allow":["GET"]}}],"collection":[{"href":"https:\/\/ritosa.click.si\/hr\/wp-json\/wp\/v2\/product"}],"about":[{"href":"https:\/\/ritosa.click.si\/hr\/wp-json\/wp\/v2\/types\/product"}],"wp:featuredmedia":[{"embeddable":true,"href":"https:\/\/ritosa.click.si\/hr\/wp-json\/wp\/v2\/media\/21962"}],"wp:attachment":[{"href":"https:\/\/ritosa.click.si\/hr\/wp-json\/wp\/v2\/media?parent=21961"}],"wp:term":[{"taxonomy":"product_brand","embeddable":true,"href":"https:\/\/ritosa.click.si\/hr\/wp-json\/wp\/v2\/product_brand?post=21961"},{"taxonomy":"product_cat","embeddable":true,"href":"https:\/\/ritosa.click.si\/hr\/wp-json\/wp\/v2\/product_cat?post=21961"},{"taxonomy":"product_tag","embeddable":true,"href":"https:\/\/ritosa.click.si\/hr\/wp-json\/wp\/v2\/product_tag?post=21961"}],"curies":[{"name":"radni list","href":"https:\/\/api.w.org\/{rel}","templated":true}]}}