{"id":21855,"date":"2026-03-18T17:15:51","date_gmt":"2026-03-18T16:15:51","guid":{"rendered":"https:\/\/ritosa.click.si\/?post_type=product&#038;p=21855"},"modified":"2026-03-18T17:41:21","modified_gmt":"2026-03-18T16:41:21","slug":"cube-reaction-slx-2026","status":"publish","type":"product","link":"https:\/\/ritosa.click.si\/hr\/ducan\/biciklizam\/kotaci\/gorska-kolesa\/zenska-gorska-kolesa\/cube-reaction-slx-2026\/","title":{"rendered":"CUBE REACTION SLX 2026"},"content":{"rendered":"<p><strong>CUBE REACTION SLX<\/strong><\/p>\n<p data-start=\"34\" data-end=\"483\">CUBE Reaction SLX je zasnovan za kolesarje, ki \u017eelijo maksimalno u\u017eivati v vo\u017enji, brez kompromisov pri zanesljivosti in nadzoru. Njegov eleganten okvir <strong data-start=\"187\" data-end=\"205\">Aluminium Lite<\/strong> s <strong data-start=\"208\" data-end=\"225\">Smooth Welded<\/strong> spoji prina\u0161a sodoben videz in vrhunsko trdnost. Dopolnjujejo ga tudi prakti\u010dne re\u0161itve, kot so notranje vodenje kablov, navojno sredinsko le\u017ei\u0161\u010de ter integrirani nosilci za ACID blatnike in prtlja\u017enik, kar omogo\u010da enostavno prilagoditev razli\u010dnim potrebam.<\/p>\n<p data-start=\"485\" data-end=\"747\">Trail geometrija z ni\u017ejo zgornjo cevjo in <strong data-start=\"527\" data-end=\"548\">tapered head tube<\/strong> konstrukcijo zagotavlja stabilnost in varnost, medtem ko prostor za \u0161iroke <strong data-start=\"624\" data-end=\"644\">2,25\u201d pnevmatike<\/strong> poskrbi za dodatno udobje in oprijem. Okvir je pripravljen tudi za nadgradnjo s potopno sede\u017eno oporo.<\/p>\n<p data-start=\"749\" data-end=\"1029\">Kombinacija vrhunske opreme zagotavlja u\u017eitek na vsaki stezi: <strong data-start=\"811\" data-end=\"864\">RockShox Recon Silver zra\u010dna vilica s 100 mm hoda<\/strong> u\u010dinkovito bla\u017ei udarce in omogo\u010da natan\u010den nadzor, medtem ko <strong data-start=\"927\" data-end=\"952\">Shimano XT 1\u00d712 pogon<\/strong> zagotavlja enostavno in zanesljivo prestavljanje z izjemno \u0161irokim razponom.<\/p>\n<p data-start=\"1031\" data-end=\"1337\" data-is-last-node=\"\" data-is-only-node=\"\">Poseben poudarek je na zmogljivih in progresivnih <strong data-start=\"1081\" data-end=\"1121\">Shimano XT hidravli\u010dnih disk zavorah<\/strong>, ki nudijo varnost ter dodatno mero hitrosti in nadzora v vseh razmerah. Za piko na i poskrbijo <strong data-start=\"1218\" data-end=\"1260\">Schwalbe Racing Ralph 2,25\u201d pnevmatike<\/strong>, ki se odlikujejo po hitrem kotaljenju, odli\u010dnem oprijemu in vsestranskosti.<\/p>\n<p data-start=\"1325\" data-end=\"1388\"><em>Najve\u010dja dovoljena obremenitev (vklju\u010dno z maso kolesa): 140 kg<\/em><\/p>\n<p data-start=\"1390\" data-end=\"1401\"><em>Podjela veli\u010dine:<\/em><\/p>\n<p data-start=\"1403\" data-end=\"1474\"><em>14\u201d (XS), 16\u201d (S) = 27,5\u201d<\/em><br data-start=\"1428\" data-end=\"1431\" \/><em>18\u201d (M), 20\u201d (L), 22\u201d (XL), 24\u201d (XXL) = 29\u201d<\/em><\/p>\n<h4 data-start=\"1476\" data-end=\"2510\">Specifikacije<\/h4>\n<p data-start=\"1476\" data-end=\"2510\">Okvir: Aluminium Lite, AMF, Double Butted, Internal Cable Routing, Tapered Head Tube, Flat Mount Brake, SIC Mount, FM Kickstand Mount<br data-start=\"1625\" data-end=\"1628\" \/>Vilica: RockShox Recon Silver RL Air, 100 mm, OneLoc<br data-start=\"1680\" data-end=\"1683\" \/>Le\u017eaj vilice: CUBE FPH868, Semi-Integrated<br data-start=\"1725\" data-end=\"1728\" \/>Lula krmila: CUBE Performance Stem SLX, FPI-Link, 31.8 mm<br data-start=\"1785\" data-end=\"1788\" \/>Krmilo: CUBE Rise Trail Bar, 680 mm<br data-start=\"1823\" data-end=\"1826\" data-is-only-node=\"\" \/>Ro\u010daji: ACID Icon<br data-start=\"1843\" data-end=\"1846\" \/>Zadnji menjalnik: Shimano XT RD-M8100-SGS, ShadowPlus, 12-speed<br data-start=\"1909\" data-end=\"1912\" \/>Menjalne ro\u010dice: Shimano XT SL-M8100-IR, Direct Attach<br data-start=\"1966\" data-end=\"1969\" \/>Zavore: Shimano XT BR-M8100, hidravli\u010dne disk zavore (180\/160)<br data-start=\"2031\" data-end=\"2034\" \/>Gonilna os: Prowheel BSA PW-MB68<br data-start=\"2066\" data-end=\"2069\" \/>Gonilka: Shimano FC-MT511, 32T, Boost<br data-start=\"2106\" data-end=\"2109\" \/>Pedala: ACID PP MTB<br data-start=\"2128\" data-end=\"2131\" \/>Veriga: KMC X12<br data-start=\"2146\" data-end=\"2149\" \/>Kaseta: Shimano Deore CS-M6100, 10\u201351T<br data-start=\"2187\" data-end=\"2190\" \/>Prednje pesto: ACID SLX, 15 mm, Boost, Centerlock<br data-start=\"2239\" data-end=\"2242\" \/>Zadnje pesto: Shimano FH-QC500-MS, QR, Centerlock<br data-start=\"2291\" data-end=\"2294\" \/>Obro\u010di \/ kolesa: ACID EX25, 32 naper, Disc, Tubeless Ready<br data-start=\"2352\" data-end=\"2355\" \/>Pnevmatike: Schwalbe Racing Ralph, Addix Performance, Kevlar, 2.25<br data-start=\"2421\" data-end=\"2424\" \/>Sede\u017e: ACID Venec Lite<br data-start=\"2446\" data-end=\"2449\" \/>Sede\u017ena opora: CUBE Performance Post, 27.2 mm<br data-start=\"2494\" data-end=\"2497\" \/>Te\u017eina: 13,5 kg<\/p>","protected":false},"excerpt":{"rendered":"<p>Kolo Cube Reaction SLX Metalicgrey &#8216;n&#8217; Black<\/p>","protected":false},"featured_media":21870,"template":"","meta":{"_acf_changed":false,"inline_featured_image":false},"product_brand":[1192],"product_cat":[488,572],"product_tag":[],"class_list":{"0":"post-21855","1":"product","2":"type-product","3":"status-publish","4":"has-post-thumbnail","6":"product_brand-cube","7":"product_cat-gorska-kolesa","8":"product_cat-zenska-gorska-kolesa","9":"pa_velikost-l","11":"first","12":"instock","13":"sale","14":"taxable","15":"shipping-taxable","16":"purchasable","17":"product-type-variable"},"acf":[],"_links":{"self":[{"href":"https:\/\/ritosa.click.si\/hr\/wp-json\/wp\/v2\/product\/21855","targetHints":{"allow":["GET"]}}],"collection":[{"href":"https:\/\/ritosa.click.si\/hr\/wp-json\/wp\/v2\/product"}],"about":[{"href":"https:\/\/ritosa.click.si\/hr\/wp-json\/wp\/v2\/types\/product"}],"wp:featuredmedia":[{"embeddable":true,"href":"https:\/\/ritosa.click.si\/hr\/wp-json\/wp\/v2\/media\/21870"}],"wp:attachment":[{"href":"https:\/\/ritosa.click.si\/hr\/wp-json\/wp\/v2\/media?parent=21855"}],"wp:term":[{"taxonomy":"product_brand","embeddable":true,"href":"https:\/\/ritosa.click.si\/hr\/wp-json\/wp\/v2\/product_brand?post=21855"},{"taxonomy":"product_cat","embeddable":true,"href":"https:\/\/ritosa.click.si\/hr\/wp-json\/wp\/v2\/product_cat?post=21855"},{"taxonomy":"product_tag","embeddable":true,"href":"https:\/\/ritosa.click.si\/hr\/wp-json\/wp\/v2\/product_tag?post=21855"}],"curies":[{"name":"radni list","href":"https:\/\/api.w.org\/{rel}","templated":true}]}}