{"id":21850,"date":"2026-03-18T17:04:24","date_gmt":"2026-03-18T16:04:24","guid":{"rendered":"https:\/\/ritosa.click.si\/?post_type=product&#038;p=21850"},"modified":"2026-03-18T17:31:13","modified_gmt":"2026-03-18T16:31:13","slug":"cube-attention-pro-2026-2","status":"publish","type":"product","link":"https:\/\/ritosa.click.si\/hr\/ducan\/biciklizam\/kotaci\/gorska-kolesa\/zenska-gorska-kolesa\/cube-attention-pro-2026-2\/","title":{"rendered":"CUBE ATTENTION PRO 2026"},"content":{"rendered":"<p><strong>CUBE ATTENTION PRO<\/strong><\/p>\n<p data-start=\"0\" data-end=\"399\">CUBE Attention Pro je odli\u010dna izbira za kolesarje, ki i\u0161\u010dejo zanesljiv, sodoben in vsestranski hardtail MTB. Njegov eleganten <strong data-start=\"126\" data-end=\"144\">Aluminium Lite<\/strong> okvir izstopa z <strong data-start=\"161\" data-end=\"178\">Smooth Welded<\/strong> spoji, ki zagotavljajo \u010dist in dinami\u010den videz, medtem ko notranje vodenje kablov, navojno sredinsko le\u017ei\u0161\u010de in integrirani nosilci za ACID blatnike in prtlja\u017enik omogo\u010dajo dolgo \u017eivljenjsko dobo in enostavne nadgradnje.<\/p>\n<p data-start=\"401\" data-end=\"743\">Geometrija z ni\u017ejo zgornjo cevjo omogo\u010da bolj\u0161i nadzor in ve\u010d samozavesti pri vo\u017enji, zahvaljujo\u010d <strong data-start=\"499\" data-end=\"521\">Size Split sistemu<\/strong> pa lahko vedno izbere\u0161 velikost, ki popolnoma ustreza tvoji vi\u0161ini. Za maksimalno udobje in nadzor na terenu poskrbi <strong data-start=\"639\" data-end=\"694\">zra\u010dna vilica s 100 mm hoda in daljinskim lockoutom<\/strong>, ki omogo\u010da hitro prilagoditev razmeram na poti.<\/p>\n<p data-start=\"745\" data-end=\"1147\" data-is-last-node=\"\" data-is-only-node=\"\"><strong data-start=\"745\" data-end=\"767\">Shimano 1\u00d712 pogon<\/strong> s <strong data-start=\"770\" data-end=\"796\">XT zadnjim menjalnikom<\/strong> nudi \u0161irok razpon prestav in vrhunsko zanesljivost, medtem ko <strong data-start=\"859\" data-end=\"894\" data-is-only-node=\"\">Shimano hidravli\u010dne disk zavore<\/strong> zagotavljajo varnost in mo\u010dno zaviranje v vseh vremenskih razmerah. Dovolj prostora za \u0161iroke <strong data-start=\"989\" data-end=\"1009\">2,25\u201d pnevmatike<\/strong> pomeni bolj\u0161i oprijem in ve\u010d udobja, okvir pa je pripravljen tudi za potopno sede\u017eno oporo, kar omogo\u010da dodatne nadgradnje v prihodnosti.<\/p>\n<p><em>Maksimalna nosivost (uklju\u010duju\u0107i te\u017einu bicikla): 140 kg<\/em><\/p>\n<p><em>Podjela veli\u010dine:<\/em><\/p>\n<ul>\n<li><em>27,5\u2033: XS, S<\/em><\/li>\n<li><em>29\u2033: M, L, XL, XXL<\/em><\/li>\n<\/ul>\n<h4><strong>Specifikacije<\/strong><\/h4>\n<p>Okvir: Aluminium Lite, AMF, Double Butted, Internal Cable Routing, Tapered Head Tube, Flat Mount Brake, SIC Mount, FM Kickstand Mount<br data-start=\"1603\" data-end=\"1606\" \/>Vilica: SR Suntour X1-32, Air, 15&#215;110 mm, 100 mm, RL<br data-start=\"1658\" data-end=\"1661\" \/>Le\u017eaj vilice: CUBE FPH868, Semi-Integrated<br data-start=\"1703\" data-end=\"1706\" \/>Lula krmila: CUBE Performance Stem SLX, FPI-Link, 31.8 mm<br data-start=\"1763\" data-end=\"1766\" \/>Krmilo: CUBE Rise Trail Bar, 680 mm<br data-start=\"1801\" data-end=\"1804\" data-is-only-node=\"\" \/>Ro\u010daji: ACID Icon<br data-start=\"1821\" data-end=\"1824\" \/>Zadnji menjalnik: Shimano XT RD-M8100-SGS, ShadowPlus, 12-speed<br data-start=\"1887\" data-end=\"1890\" \/>Menjalne ro\u010dice: Shimano Deore SL-M6100, Rapidfire Plus<br data-start=\"1945\" data-end=\"1948\" \/>Zavore: Shimano BR-MT200\/UR300, hidravli\u010dne disk zavore (180\/160)<br data-start=\"2013\" data-end=\"2016\" \/>Gonilna os: Prowheel BSA PW-MB68<br data-start=\"2048\" data-end=\"2051\" \/>Gonilka: ACID MTB Pro, 32T<br data-start=\"2077\" data-end=\"2080\" \/>Pedala: ACID PP MTB<br data-start=\"2099\" data-end=\"2102\" \/>Veriga: KMC X12<br data-start=\"2117\" data-end=\"2120\" \/>Kaseta: Shimano Deore CS-M6100, 10\u201351T<br data-start=\"2158\" data-end=\"2161\" \/>Prednje pesto: Shimano HB-TC500, Boost, Centerlock<br data-start=\"2211\" data-end=\"2214\" \/>Zadnje pesto: Shimano FH-QC500-MS, QR, Centerlock<br data-start=\"2263\" data-end=\"2266\" \/>Obro\u010di \/ kolesa: ACID EX25, 32 naper, Disc, Tubeless Ready<br data-start=\"2324\" data-end=\"2327\" \/>Pnevmatike: Schwalbe Smart Sam, 2.25<br data-start=\"2363\" data-end=\"2366\" \/>Sede\u017e: ACID Venec Lite<br data-start=\"2388\" data-end=\"2391\" \/>Sede\u017ena opora: CUBE Performance Post, 27.2 mm<br data-start=\"2436\" data-end=\"2439\" \/>Te\u017ea: 14,7 kg<\/p>","protected":false},"excerpt":{"rendered":"<p>Kolo Cube Attention Pro Night &#8216;n&#8217; Black<\/p>","protected":false},"featured_media":21841,"template":"","meta":{"_acf_changed":false,"inline_featured_image":false},"product_brand":[1192],"product_cat":[488,572],"product_tag":[],"class_list":{"0":"post-21850","1":"product","2":"type-product","3":"status-publish","4":"has-post-thumbnail","6":"product_brand-cube","7":"product_cat-gorska-kolesa","8":"product_cat-zenska-gorska-kolesa","9":"pa_velikost-l","11":"first","12":"instock","13":"sale","14":"taxable","15":"shipping-taxable","16":"purchasable","17":"product-type-variable"},"acf":[],"_links":{"self":[{"href":"https:\/\/ritosa.click.si\/hr\/wp-json\/wp\/v2\/product\/21850","targetHints":{"allow":["GET"]}}],"collection":[{"href":"https:\/\/ritosa.click.si\/hr\/wp-json\/wp\/v2\/product"}],"about":[{"href":"https:\/\/ritosa.click.si\/hr\/wp-json\/wp\/v2\/types\/product"}],"wp:featuredmedia":[{"embeddable":true,"href":"https:\/\/ritosa.click.si\/hr\/wp-json\/wp\/v2\/media\/21841"}],"wp:attachment":[{"href":"https:\/\/ritosa.click.si\/hr\/wp-json\/wp\/v2\/media?parent=21850"}],"wp:term":[{"taxonomy":"product_brand","embeddable":true,"href":"https:\/\/ritosa.click.si\/hr\/wp-json\/wp\/v2\/product_brand?post=21850"},{"taxonomy":"product_cat","embeddable":true,"href":"https:\/\/ritosa.click.si\/hr\/wp-json\/wp\/v2\/product_cat?post=21850"},{"taxonomy":"product_tag","embeddable":true,"href":"https:\/\/ritosa.click.si\/hr\/wp-json\/wp\/v2\/product_tag?post=21850"}],"curies":[{"name":"radni list","href":"https:\/\/api.w.org\/{rel}","templated":true}]}}