{"id":21830,"date":"2026-03-18T16:21:53","date_gmt":"2026-03-18T15:21:53","guid":{"rendered":"https:\/\/ritosa.click.si\/?post_type=product&#038;p=21830"},"modified":"2026-03-18T17:33:31","modified_gmt":"2026-03-18T16:33:31","slug":"cube-aim-slx-2026-2","status":"publish","type":"product","link":"https:\/\/ritosa.click.si\/hr\/ducan\/biciklizam\/kotaci\/gorska-kolesa\/zenska-gorska-kolesa\/cube-aim-slx-2026-2\/","title":{"rendered":"CUBE AIM SLX 2026"},"content":{"rendered":"<p><strong>CUBE AIM SLX<\/strong><\/p>\n<div class=\"flex flex-col text-sm pb-25\">\n<article class=\"text-token-text-primary w-full focus:outline-none [--shadow-height:45px] has-data-writing-block:pointer-events-none has-data-writing-block:-mt-(--shadow-height) has-data-writing-block:pt-(--shadow-height) [&amp;:has([data-writing-block])&gt;*]:pointer-events-auto scroll-mt-[calc(var(--header-height)+min(200px,max(70px,20svh)))]\" dir=\"auto\" data-turn-id=\"request-WEB:77bb5810-ba1d-46d3-a5dc-5380a22fdc04-24\" data-testid=\"conversation-turn-50\" data-scroll-anchor=\"true\" data-turn=\"assistant\">\n<div class=\"text-base my-auto mx-auto pb-10 [--thread-content-margin:var(--thread-content-margin-xs,calc(var(--spacing)*4))] @w-sm\/main:[--thread-content-margin:var(--thread-content-margin-sm,calc(var(--spacing)*6))] @w-lg\/main:[--thread-content-margin:var(--thread-content-margin-lg,calc(var(--spacing)*16))] px-(--thread-content-margin)\">\n<div class=\"[--thread-content-max-width:40rem] @w-lg\/main:[--thread-content-max-width:48rem] mx-auto max-w-(--thread-content-max-width) flex-1 group\/turn-messages focus-visible:outline-hidden relative flex w-full min-w-0 flex-col agent-turn\">\n<div class=\"flex max-w-full flex-col gap-4 grow\">\n<div class=\"min-h-8 text-message relative flex w-full flex-col items-end gap-2 text-start break-words whitespace-normal [.text-message+&amp;]:mt-1\" dir=\"auto\" data-message-author-role=\"assistant\" data-message-id=\"fdaf4651-f083-4396-b1e8-54ec877d45b2\" data-message-model-slug=\"gpt-5-3\">\n<div class=\"flex w-full flex-col gap-1 empty:hidden\">\n<div class=\"markdown prose dark:prose-invert w-full wrap-break-word light markdown-new-styling\">\n<p data-start=\"0\" data-end=\"330\">CUBE Aim SLX 2026 prina\u0161a popolno ravnovesje med udobjem, nadzorom in zmogljivostjo za vo\u017enjo po vseh terenih. Njegov lahek aluminijast okvir z elegantnimi <strong data-start=\"156\" data-end=\"173\">Smooth Welded<\/strong> spoji in notranjim vodenjem kablov zagotavlja sodoben in \u010dist videz, medtem ko geometrija z ni\u017ejo zgornjo cevjo poskrbi za stabilnost in varnost pri vo\u017enji.<\/p>\n<p data-start=\"332\" data-end=\"672\">Zmogljiva <strong data-start=\"342\" data-end=\"401\">SR Suntour XCM vilica s 100 mm hoda in lockout sistemom<\/strong> omogo\u010da prilagoditev vo\u017enje \u2013 od zahtevnih poti do gladkih cest. Poleg tega <strong data-start=\"478\" data-end=\"506\">Shimano Deore 1\u00d712 pogon<\/strong> nudi \u0161irok razpon prestav za premagovanje vseh vzponov, medtem ko <strong data-start=\"573\" data-end=\"608\">Shimano hidravli\u010dne disk zavore<\/strong> zagotavljajo zanesljivo zavorno mo\u010d v vseh vremenskih razmerah.<\/p>\n<p data-start=\"674\" data-end=\"875\" data-is-last-node=\"\" data-is-only-node=\"\">Kolo je opremljeno s kakovostnimi <strong data-start=\"708\" data-end=\"743\">ACID EX25 Tubeless Ready kolesi<\/strong> in <strong data-start=\"747\" data-end=\"769\">2,25\u2033 pnevmatikami<\/strong>, obenem pa omogo\u010da tudi namestitev potopne sede\u017ene opore za \u0161e ve\u010d nadzora na tehni\u010dno zahtevnih terenih.<\/p>\n<\/div>\n<\/div>\n<\/div>\n<\/div>\n<\/div>\n<\/div>\n<\/article>\n<\/div>\n<p><em>Najve\u010dja nosilnost (vklju\u010dno s te\u017eo kolesa): 140 kg<\/em><\/p>\n<p><em>Size Split:<\/em><\/p>\n<ul>\n<li><em>14&#8221;(XS), 16&#8221;(S) = 27,5&#8221;<\/em><\/li>\n<li><em>18&#8221;(M), 20&#8221;(L), 22&#8221;(XL), 24&#8221;(XXL) = 29&#8221;<\/em><\/li>\n<\/ul>\n<h4><strong>Specifikacije<\/strong><\/h4>\n<p>Okvir: Aluminium Lite, AMF, Double Butted, Internal Cable Routing, Tapered Head Tube, Flat Mount Brake, SIC Mount, FM Kickstand Mount<br data-start=\"1484\" data-end=\"1487\" \/>Vilica: SR Suntour XCM Disc, 100 mm, Remote Lockout<br data-start=\"1538\" data-end=\"1541\" \/>Le\u017eaj vilice: CUBE FPH868p, Tapered, Semi-Integrated<br data-start=\"1593\" data-end=\"1596\" \/>Lula krmila: CUBE Performance Stem, 31.8 mm<br data-start=\"1639\" data-end=\"1642\" \/>Krmilo: CUBE Rise Trail Bar, 680 mm<br data-start=\"1677\" data-end=\"1680\" data-is-only-node=\"\" \/>Ro\u010daji: ACID Icon<br data-start=\"1697\" data-end=\"1700\" \/>Zadnji menjalnik: Shimano Deore RD-M6100-SGS, ShadowPlus, 12-speed<br data-start=\"1766\" data-end=\"1769\" \/>Menjalne ro\u010dice: Shimano Deore SL-M6100-R, Rapidfire Plus<br data-start=\"1826\" data-end=\"1829\" \/>Zavore: Shimano BR-MT200\/UR300, hidravli\u010dne disk zavore (160\/160)<br data-start=\"1894\" data-end=\"1897\" \/>Gonilna os: Prowheel BSA PW-MB68<br data-start=\"1929\" data-end=\"1932\" \/>Gonilka: ACID MTB Pro, 32T<br data-start=\"1958\" data-end=\"1961\" \/>Pedala: CUBE PP MTB<br data-start=\"1980\" data-end=\"1983\" \/>Veriga: KMC X12<br data-start=\"1998\" data-end=\"2001\" \/>Kaseta: Shimano Deore CS-M6100, 10\u201351T<br data-start=\"2039\" data-end=\"2042\" \/>Prednje pesto: Shimano HB-QC300, QR, Centerlock<br data-start=\"2089\" data-end=\"2092\" \/>Zadnji pesto: Shimano FH-QC500-MS, QR, Centerlock<br data-start=\"2141\" data-end=\"2144\" \/>Obro\u010di \/ kolesa: ACID EX25, 32 naper, Disc, Tubeless Ready<br data-start=\"2202\" data-end=\"2205\" \/>Pnevmatike: CUBE MTB, 2.25<br data-start=\"2231\" data-end=\"2234\" \/>Sede\u017e: ACID Venec Lite<br data-start=\"2256\" data-end=\"2259\" \/>Sede\u017ena opora: CUBE Performance Post, 27.2 mm<br data-start=\"2304\" data-end=\"2307\" \/>Te\u017ea: 15,1 kg<\/p>\n","protected":false},"excerpt":{"rendered":"<p>Gorsko kolo Cube Aim SLX Blushrose &#8216;n&#8217; Black<\/p>","protected":false},"featured_media":21828,"template":"","meta":{"_acf_changed":false,"inline_featured_image":false},"product_brand":[1192],"product_cat":[488,572],"product_tag":[1840,1839,993,1137,1143,1144,1838,863],"class_list":{"0":"post-21830","1":"product","2":"type-product","3":"status-publish","4":"has-post-thumbnail","6":"product_brand-cube","7":"product_cat-gorska-kolesa","8":"product_cat-zenska-gorska-kolesa","9":"product_tag-aim-slx","10":"product_tag-bike-cube-aim-slx","11":"product_tag-cube","12":"product_tag-cube-aim-slx","13":"product_tag-gorsko-kolo","14":"product_tag-gorsko-kolo-cube","15":"product_tag-gorsko-kolo-cube-aim-slx","16":"product_tag-kolo","17":"pa_velikost-l","18":"pa_velikost-s","20":"first","21":"instock","22":"sale","23":"taxable","24":"shipping-taxable","25":"purchasable","26":"product-type-variable"},"acf":[],"_links":{"self":[{"href":"https:\/\/ritosa.click.si\/hr\/wp-json\/wp\/v2\/product\/21830","targetHints":{"allow":["GET"]}}],"collection":[{"href":"https:\/\/ritosa.click.si\/hr\/wp-json\/wp\/v2\/product"}],"about":[{"href":"https:\/\/ritosa.click.si\/hr\/wp-json\/wp\/v2\/types\/product"}],"wp:featuredmedia":[{"embeddable":true,"href":"https:\/\/ritosa.click.si\/hr\/wp-json\/wp\/v2\/media\/21828"}],"wp:attachment":[{"href":"https:\/\/ritosa.click.si\/hr\/wp-json\/wp\/v2\/media?parent=21830"}],"wp:term":[{"taxonomy":"product_brand","embeddable":true,"href":"https:\/\/ritosa.click.si\/hr\/wp-json\/wp\/v2\/product_brand?post=21830"},{"taxonomy":"product_cat","embeddable":true,"href":"https:\/\/ritosa.click.si\/hr\/wp-json\/wp\/v2\/product_cat?post=21830"},{"taxonomy":"product_tag","embeddable":true,"href":"https:\/\/ritosa.click.si\/hr\/wp-json\/wp\/v2\/product_tag?post=21830"}],"curies":[{"name":"radni list","href":"https:\/\/api.w.org\/{rel}","templated":true}]}}