{"id":21773,"date":"2026-03-18T14:41:06","date_gmt":"2026-03-18T13:41:06","guid":{"rendered":"https:\/\/ritosa.click.si\/?post_type=product&#038;p=21773"},"modified":"2026-03-18T14:50:27","modified_gmt":"2026-03-18T13:50:27","slug":"cube-aim-pro-2026","status":"publish","type":"product","link":"https:\/\/ritosa.click.si\/hr\/ducan\/biciklizam\/kotaci\/gorska-kolesa\/zenska-gorska-kolesa\/cube-aim-pro-2026\/","title":{"rendered":"CUBE AIM PRO 2026"},"content":{"rendered":"<p><strong>CUBE AIM PRO<\/strong><\/p>\n<p><strong>CUBE Aim Pro<\/strong>\u00a0je popolna izbira za rekreativne kolesarje, ki \u017eelijo do\u017eiveti pravo gorsko kolesarsko izku\u0161njo. Njegov lahek aluminijast okvir\u00a0<strong>Aluminium Lite<\/strong>\u00a0z elegantnimi\u00a0<strong>Smooth Welded<\/strong>\u00a0spoji in notranjim vodenjem kablov ponuja sodoben videz, trpe\u017enost in \u010dist dizajn.<\/p>\n<p>S\u00a0<strong>SR Suntour<\/strong>\u00a0vilico s 100 mm hoda to kolo zagotavlja udobje in nadzor na neravnih terenih, medtem ko\u00a0<strong>hidravli\u010dne Shimano disk zavore<\/strong>\u00a0poskrbijo za mo\u010dno in zanesljivo zaustavljanje v vseh razmerah.<\/p>\n<p><strong>Shimano Cues 1&#215;10<\/strong>\u00a0pogon z razponom 11\u201348T omogo\u010da enostavno premagovanje strmih vzponov in hitro vo\u017enjo po ravninah, medtem ko robustne 2,25&#8243; pnevmatike ponujajo optimalen oprijem in stabilnost. Zahvaljujo\u010d\u00a0<strong>Size Split<\/strong>\u00a0sistemu vsak kolesar enostavno najde idealno velikost okvirja, ki je \u017ee pripravljena za nadgradnjo s\u00a0<strong>potopno sede\u017eno oporo<\/strong>\u00a0za \u0161e ve\u010djo prilagodljivost.<\/p>\n<p><em>Najve\u010dja dovoljena obremenitev (vklju\u010dno z maso kolesa): 140 kg<\/em><\/p>\n<p><em>Podjela veli\u010dine:<\/em><\/p>\n<ul>\n<li><em>14&#8221; (XS), 16&#8221; (S) = 27,5&#8221;<\/em><\/li>\n<li><em>18&#8221; (M), 20&#8221; (L), 22&#8221; (XL), 24&#8221; (XXL) = 29&#8221;<\/em><\/li>\n<\/ul>\n<h4><strong>Specifikacije<\/strong><\/h4>\n<ul>\n<li><strong>Okvir:<\/strong>\u00a0Aluminium Lite, AMF, Double Butted, Internal Cable Routing, Tapered Head Tube, Flat Mount Brake, SIC Mount, FM Kickstand Mount<\/li>\n<li><strong>Vilica:<\/strong>\u00a0SR Suntour XCT, 100 mm<\/li>\n<li><strong>Le\u017eaj vilice:<\/strong>\u00a0CUBE FPH868p, Tapered, Semi-Integrated<\/li>\n<li><strong>Lula volana:<\/strong>\u00a0CUBE Performance Stem, 31.8 mm<\/li>\n<li><strong>Volan:<\/strong>\u00a0CUBE Rise Trail Volan, 680 mm<\/li>\n<li><strong>Ru\u010dke:<\/strong>\u00a0Ikona KISELE<\/li>\n<li><strong>Zadnji mjenja\u010d:<\/strong>\u00a0Shimano Cues RD-U6000-GS, 10-speed<\/li>\n<li><strong>Ru\u010dice mjenja\u010da:<\/strong>\u00a0Shimano \u0161tapovi SL-U6000, Rapidfire Plus<\/li>\n<li><strong>Ko\u010dnice:<\/strong>\u00a0Shimano BR-MT200\/UR300, hidravli\u010dne disk zavore (160\/160)<\/li>\n<li><strong>Pogonska osovina:<\/strong>\u00a0Thun Paso-ML, 73 mm BSA<\/li>\n<li><strong>Pogonska osovina:<\/strong>\u00a0Shimano Cues FC-UT400, 32T<\/li>\n<li><strong>Pedale:<\/strong>\u00a0CUBE PP MTB<\/li>\n<li><strong>Lanac:<\/strong>\u00a0KMC xGlide<\/li>\n<li><strong>Kaseta:<\/strong>\u00a0Shimano Cues CS-LG300, 11\u201348T<\/li>\n<li><strong>Obro\u010di \/ kolesa:<\/strong>\u00a0ACID Pro 25, 32\/32 naper, QR\/QR, Tubeless Ready<\/li>\n<li><strong>Gume:<\/strong>\u00a0CUBE MTB, 2.25<\/li>\n<li><strong>Sjedalo:<\/strong>\u00a0ACID Vijenac Lite<\/li>\n<li><strong>Potpora sjedala:<\/strong>\u00a0CUBE Performance stup, 27,2 mm<\/li>\n<li><strong>Te\u017eina:<\/strong>\u00a015,1 kg<\/li>\n<\/ul>","protected":false},"excerpt":{"rendered":"<p>Gorsko kolo Cube Aim Pro Slateblack &#8216;n&#8217; Black<\/p>","protected":false},"featured_media":21780,"template":"","meta":{"_acf_changed":false,"inline_featured_image":false},"product_brand":[1192],"product_cat":[488,572],"product_tag":[],"class_list":{"0":"post-21773","1":"product","2":"type-product","3":"status-publish","4":"has-post-thumbnail","6":"product_brand-cube","7":"product_cat-gorska-kolesa","8":"product_cat-zenska-gorska-kolesa","9":"pa_velikost-l","10":"pa_velikost-xl","12":"first","13":"instock","14":"sale","15":"taxable","16":"shipping-taxable","17":"purchasable","18":"product-type-variable"},"acf":[],"_links":{"self":[{"href":"https:\/\/ritosa.click.si\/hr\/wp-json\/wp\/v2\/product\/21773","targetHints":{"allow":["GET"]}}],"collection":[{"href":"https:\/\/ritosa.click.si\/hr\/wp-json\/wp\/v2\/product"}],"about":[{"href":"https:\/\/ritosa.click.si\/hr\/wp-json\/wp\/v2\/types\/product"}],"wp:featuredmedia":[{"embeddable":true,"href":"https:\/\/ritosa.click.si\/hr\/wp-json\/wp\/v2\/media\/21780"}],"wp:attachment":[{"href":"https:\/\/ritosa.click.si\/hr\/wp-json\/wp\/v2\/media?parent=21773"}],"wp:term":[{"taxonomy":"product_brand","embeddable":true,"href":"https:\/\/ritosa.click.si\/hr\/wp-json\/wp\/v2\/product_brand?post=21773"},{"taxonomy":"product_cat","embeddable":true,"href":"https:\/\/ritosa.click.si\/hr\/wp-json\/wp\/v2\/product_cat?post=21773"},{"taxonomy":"product_tag","embeddable":true,"href":"https:\/\/ritosa.click.si\/hr\/wp-json\/wp\/v2\/product_tag?post=21773"}],"curies":[{"name":"radni list","href":"https:\/\/api.w.org\/{rel}","templated":true}]}}