{"id":21668,"date":"2026-03-14T13:38:39","date_gmt":"2026-03-14T12:38:39","guid":{"rendered":"https:\/\/ritosa.click.si\/?post_type=product&#038;p=21668"},"modified":"2026-03-14T13:43:50","modified_gmt":"2026-03-14T12:43:50","slug":"kosara-acid-30-trunk-rilink-2-0","status":"publish","type":"product","link":"https:\/\/ritosa.click.si\/hr\/ducan\/biciklizam\/oprema-za-biciklizam\/dodatna-oprema-in-rezervni-deli\/kosare\/kosara-acid-30-trunk-rilink-2-0\/","title":{"rendered":"Ko\u0161ara ACID 30 Trunk RILink 2.0"},"content":{"rendered":"<p>S 30 litara obujma za no\u0161enje, dovoljno je velik da ponesete svoju sportsku torbu u teretanu ili prevezete namirnice ku\u0107i za vikend. Reflektiraju\u0107i logotip pove\u0107ava sigurnost u cestovnom prometu, dok oja\u010dana baza pobolj\u0161ava dugovje\u010dnost u odnosu na prethodni model.<\/p>\n<ul>\n<li data-start=\"429\" data-end=\"469\">Dimenzije: (\u0160xVxD) 31 x 26 x 53 cm<\/li>\n<li data-start=\"472\" data-end=\"510\">Materijal: \u010deli\u010dna \u017eica, plastika<\/li>\n<li data-start=\"513\" data-end=\"537\">Volumen: 30 litara<\/li>\n<\/ul>","protected":false},"excerpt":{"rendered":"<p>Ko\u0161ara za nosa\u010d ACID 30 Trunk RILink 2.0 brzo i sigurno se pri\u010dvr\u0161\u0107uje na sve ACID i CUBE RILink nosa\u010de prtljage.<\/p>","protected":false},"featured_media":21669,"template":"","meta":{"_acf_changed":false,"inline_featured_image":false,"_monsterinsights_skip_tracking":false,"_monsterinsights_sitenote_active":false,"_monsterinsights_sitenote_note":"","_monsterinsights_sitenote_category":0},"product_brand":[1192],"product_cat":[536],"product_tag":[],"class_list":{"0":"post-21668","1":"product","2":"type-product","3":"status-publish","4":"has-post-thumbnail","6":"product_brand-cube","7":"product_cat-kosare","9":"first","10":"instock","11":"taxable","12":"shipping-taxable","13":"purchasable","14":"product-type-simple"},"acf":[],"aioseo_notices":[],"_links":{"self":[{"href":"https:\/\/ritosa.click.si\/hr\/wp-json\/wp\/v2\/product\/21668","targetHints":{"allow":["GET"]}}],"collection":[{"href":"https:\/\/ritosa.click.si\/hr\/wp-json\/wp\/v2\/product"}],"about":[{"href":"https:\/\/ritosa.click.si\/hr\/wp-json\/wp\/v2\/types\/product"}],"wp:featuredmedia":[{"embeddable":true,"href":"https:\/\/ritosa.click.si\/hr\/wp-json\/wp\/v2\/media\/21669"}],"wp:attachment":[{"href":"https:\/\/ritosa.click.si\/hr\/wp-json\/wp\/v2\/media?parent=21668"}],"wp:term":[{"taxonomy":"product_brand","embeddable":true,"href":"https:\/\/ritosa.click.si\/hr\/wp-json\/wp\/v2\/product_brand?post=21668"},{"taxonomy":"product_cat","embeddable":true,"href":"https:\/\/ritosa.click.si\/hr\/wp-json\/wp\/v2\/product_cat?post=21668"},{"taxonomy":"product_tag","embeddable":true,"href":"https:\/\/ritosa.click.si\/hr\/wp-json\/wp\/v2\/product_tag?post=21668"}],"curies":[{"name":"radni list","href":"https:\/\/api.w.org\/{rel}","templated":true}]}}