{"id":21645,"date":"2026-03-14T12:57:15","date_gmt":"2026-03-14T11:57:15","guid":{"rendered":"https:\/\/ritosa.click.si\/?post_type=product&#038;p=21645"},"modified":"2026-03-14T13:03:52","modified_gmt":"2026-03-14T12:03:52","slug":"head-ridott-1-6-26","status":"publish","type":"product","link":"https:\/\/ritosa.click.si\/hr\/ducan\/biciklizam\/kotaci\/djecji-bicikli-2\/26-2\/head-ridott-1-6-26\/","title":{"rendered":"HEAD Ridott 1.6 26&#8243;"},"content":{"rendered":"<h3><strong>TEHNI\u010cKI PODACI<\/strong><\/h3>\n<ul>\n<li>Okvir: Aluminij 6061, veli\u010dina: 36 cm, unutarnje usmjerene sajle, hidroformirane cijevi, termi\u010dki obra\u0111eno<\/li>\n<li>Vilice: Zoom HL CH-565 AMS, Hod: 100 mm<\/li>\n<li>Le\u017eaj upravlja\u010da: Neco H142, poluintegrirani<\/li>\n<li>Zadnji menjalnik: S-Ride RDTX800, 8 prestav<\/li>\n<li>Sprednji menjalnik: S-Ride FD-M315<\/li>\n<li>Menjalne ro\u010dice: S-Ride STEFH00, 2\u00d78 prestav<\/li>\n<li>Pogonski sklop: Prowheel TM-CY01, Prednji lan\u010danici: 36-22, duljina: 170 mm<\/li>\n<li>Lanac: KMC Z8, 8 brzina<\/li>\n<\/ul>\n<p><strong>BICIKLI<\/strong><\/p>\n<ul>\n<li>Obro\u010di: Remerx Dragon<\/li>\n<li>Prednje pesto: Formula QV31, QR, 100 mm<\/li>\n<li>Zadnje pesto: Formula QV32, QR, 135 mm<\/li>\n<li>Pnevmatike: CST 26&#8243;x2,10&#8243;<\/li>\n<\/ul>\n<p><strong>KOMPONENTE<\/strong><\/p>\n<ul>\n<li>Zavore: Tektro C310 V-brake<\/li>\n<li>Volan: HBC, \u0160irina: 560 mm, 31,8 mm<\/li>\n<li>Lupa volana: HBC, Duljina: 70 mm, 31,8 mm<\/li>\n<li>Sede\u017e: HBC YTX-K176<\/li>\n<li>Cijev sjedala: HBC, Duljina: 300 mm, 27,2 mm<\/li>\n<li>Pedale: Wellgo LU 895T DU<\/li>\n<\/ul>","protected":false},"excerpt":{"rendered":"<p>Otro\u0161ko kolo Head Ridott 1.6 26&#8221;<\/p>\n<p>Za djecu visine izme\u0111u 145 i 165 cm preporu\u010duje se bicikl od 26 in\u010da.<\/p>\n<ul>\n<li><strong>Okvir:<\/strong> Aluminij 6061, veli\u010dina: 36 cm<\/li>\n<li><strong>Vilice:<\/strong> Zoom HL CH-565 AMS<\/li>\n<li><strong>Zadnji mjenja\u010d:<\/strong> S-Ride RDTX800<\/li>\n<li><strong>Ko\u010dnice<\/strong>: Tektro C310 V-brake<\/li>\n<li><strong>Kota\u010di:<\/strong> 26\u2033<\/li>\n<li><strong>Te\u017eina:<\/strong> 13,7 kg<\/li>\n<\/ul>","protected":false},"featured_media":21646,"template":"","meta":{"_acf_changed":false,"inline_featured_image":false,"_monsterinsights_skip_tracking":false,"_monsterinsights_sitenote_active":false,"_monsterinsights_sitenote_note":"","_monsterinsights_sitenote_category":0},"product_brand":[1193],"product_cat":[648],"product_tag":[1198,1202,1007],"class_list":{"0":"post-21645","1":"product","2":"type-product","3":"status-publish","4":"has-post-thumbnail","6":"product_brand-head","7":"product_cat-26-2","8":"product_tag-otroci","9":"product_tag-otroska-kolesa","10":"product_tag-otrosko-kolo","12":"first","13":"instock","14":"sale","15":"taxable","16":"shipping-taxable","17":"purchasable","18":"product-type-simple"},"acf":[],"aioseo_notices":[],"_links":{"self":[{"href":"https:\/\/ritosa.click.si\/hr\/wp-json\/wp\/v2\/product\/21645","targetHints":{"allow":["GET"]}}],"collection":[{"href":"https:\/\/ritosa.click.si\/hr\/wp-json\/wp\/v2\/product"}],"about":[{"href":"https:\/\/ritosa.click.si\/hr\/wp-json\/wp\/v2\/types\/product"}],"wp:featuredmedia":[{"embeddable":true,"href":"https:\/\/ritosa.click.si\/hr\/wp-json\/wp\/v2\/media\/21646"}],"wp:attachment":[{"href":"https:\/\/ritosa.click.si\/hr\/wp-json\/wp\/v2\/media?parent=21645"}],"wp:term":[{"taxonomy":"product_brand","embeddable":true,"href":"https:\/\/ritosa.click.si\/hr\/wp-json\/wp\/v2\/product_brand?post=21645"},{"taxonomy":"product_cat","embeddable":true,"href":"https:\/\/ritosa.click.si\/hr\/wp-json\/wp\/v2\/product_cat?post=21645"},{"taxonomy":"product_tag","embeddable":true,"href":"https:\/\/ritosa.click.si\/hr\/wp-json\/wp\/v2\/product_tag?post=21645"}],"curies":[{"name":"radni list","href":"https:\/\/api.w.org\/{rel}","templated":true}]}}