{"id":21629,"date":"2026-03-14T12:18:53","date_gmt":"2026-03-14T11:18:53","guid":{"rendered":"https:\/\/ritosa.click.si\/?post_type=product&#038;p=21629"},"modified":"2026-03-14T12:24:04","modified_gmt":"2026-03-14T11:24:04","slug":"head-lauren-1-5-24","status":"publish","type":"product","link":"https:\/\/ritosa.click.si\/hr\/ducan\/biciklizam\/kotaci\/djecji-bicikli-2\/24\/head-lauren-1-5-24\/","title":{"rendered":"HEAD Lauren 1.5 24&#8221;"},"content":{"rendered":"<h3><strong>TEHNI\u010cKI PODACI<\/strong><\/h3>\n<ul>\n<li>Okvir: Aluminij 6061, veli\u010dina: 34 cm, unutarnje usmjerene sajle, hidroformirane cijevi, termi\u010dki obra\u0111eno<\/li>\n<li>Vilica: Kruta Hi-Ten<\/li>\n<li>Le\u017eaj upravlja\u010da: Neco H142, poluintegrirani<\/li>\n<li>Zadnji menjalnik: S-Ride RDTX800, 8 prestav<\/li>\n<li>Menjalna ro\u010dica: S-Ride SLRRS45, 1\u00d78<\/li>\n<li>Pogonski sklop: Prowheel A10XPP, Prednji prsten: 32, duljina: 152 mm<\/li>\n<li>Lanac: KMC Z8, 8 brzina<\/li>\n<\/ul>\n<p>BICIKLI<\/p>\n<ul>\n<li>Obro\u010di: Remerx 219-L, 36 lukenj<\/li>\n<li>Prednja glav\u010dina: Formula OV31, QR, 100 mm<\/li>\n<li>Stra\u017enja glav\u010dina: Formula OV32, QR, 135 mm<\/li>\n<li>Gume: CST C-1040N, 24\u00d72.1\u201d<\/li>\n<\/ul>\n<p>KOMPONENTE<\/p>\n<ul>\n<li>Zavore: Saccon, HD-J285, 160\/160mm<\/li>\n<li>Volan: HBC, \u0161irina: 560 mm, 31,8 mm<\/li>\n<li>Lupa volana: HBC, duljina: 70 mm, 31,8 mm<\/li>\n<li>Cijev sjedala: YBT-K176, nosa\u010di: Cr-Mo<\/li>\n<li>Cijev sjedala: HBC, duljina: 300 mm, 27,2 mm<\/li>\n<li>Pedale: Wellgo LU 895T DU<\/li>\n<\/ul>","protected":false},"excerpt":{"rendered":"<p>Dekli\u0161ko kolo Head Lauren 1.5 24&#8221;<\/p>\n<p>Za djecu visine izme\u0111u 130 i 155 cm preporu\u010duje se bicikl od 24 in\u010da.<\/p>\n<ul>\n<li><strong>Okvir:<\/strong> Aluminij 6061, veli\u010dina: 34 cm<\/li>\n<li><strong>Vilice:<\/strong> Kruti Hi-Ten<\/li>\n<li><strong>Zadnji mjenja\u010d:<\/strong> S-Ride RDTX800<\/li>\n<li><strong>Ko\u010dnice:<\/strong> Saccon, HD-J285, 160\/160mm<\/li>\n<li><strong>Kota\u010di:<\/strong> 24\u2033<\/li>\n<li><strong>Te\u017eina:<\/strong> 11 kg<\/li>\n<\/ul>","protected":false},"featured_media":21630,"template":"","meta":{"inline_featured_image":false},"product_brand":[1193],"product_cat":[647],"product_tag":[1198,1202,1007],"class_list":{"0":"post-21629","1":"product","2":"type-product","3":"status-publish","4":"has-post-thumbnail","6":"product_brand-head","7":"product_cat-647","8":"product_tag-otroci","9":"product_tag-otroska-kolesa","10":"product_tag-otrosko-kolo","12":"first","13":"instock","14":"sale","15":"taxable","16":"shipping-taxable","17":"purchasable","18":"product-type-simple"},"_links":{"self":[{"href":"https:\/\/ritosa.click.si\/hr\/wp-json\/wp\/v2\/product\/21629","targetHints":{"allow":["GET"]}}],"collection":[{"href":"https:\/\/ritosa.click.si\/hr\/wp-json\/wp\/v2\/product"}],"about":[{"href":"https:\/\/ritosa.click.si\/hr\/wp-json\/wp\/v2\/types\/product"}],"wp:featuredmedia":[{"embeddable":true,"href":"https:\/\/ritosa.click.si\/hr\/wp-json\/wp\/v2\/media\/21630"}],"wp:attachment":[{"href":"https:\/\/ritosa.click.si\/hr\/wp-json\/wp\/v2\/media?parent=21629"}],"wp:term":[{"taxonomy":"product_brand","embeddable":true,"href":"https:\/\/ritosa.click.si\/hr\/wp-json\/wp\/v2\/product_brand?post=21629"},{"taxonomy":"product_cat","embeddable":true,"href":"https:\/\/ritosa.click.si\/hr\/wp-json\/wp\/v2\/product_cat?post=21629"},{"taxonomy":"product_tag","embeddable":true,"href":"https:\/\/ritosa.click.si\/hr\/wp-json\/wp\/v2\/product_tag?post=21629"}],"curies":[{"name":"radni list","href":"https:\/\/api.w.org\/{rel}","templated":true}]}}