{"id":21612,"date":"2026-03-14T11:19:46","date_gmt":"2026-03-14T10:19:46","guid":{"rendered":"https:\/\/ritosa.click.si\/?post_type=product&#038;p=21612"},"modified":"2026-03-18T16:07:30","modified_gmt":"2026-03-18T15:07:30","slug":"cube-numove-240-zelen","status":"publish","type":"product","link":"https:\/\/ritosa.click.si\/hr\/ducan\/biciklizam\/kotaci\/djecji-bicikli-2\/24\/cube-numove-240-zelen\/","title":{"rendered":"CUBE NUMOVE 240 \u2013 zelen"},"content":{"rendered":"<p><strong>CUBE NUMOVE 240<\/strong><\/p>\n<p><strong>Kocka Numove 240<\/strong> je <strong>dje\u010dji aluminijski bicikl<\/strong>, \u0161to \u0107e omogu\u0107iti mla\u0111im ljubiteljima biciklizma <strong>nezaboravno iskustvo vo\u017enje<\/strong>Iako <strong>izuzetno lako<\/strong>, je u isto vrijeme <strong>\u010dvrst i izdr\u017eljiv<\/strong>Osim toga, <strong>geometrija osmi\u0161ljena da bude i zabavna i sigurna<\/strong>, zajedno s <strong>prikladna vilica<\/strong>, \u0161to savr\u0161eno odgovara maloj te\u017eini okvira. Ovo je <strong>idealna osnova za razvoj vje\u0161tina i samopouzdanja va\u0161eg djeteta<\/strong>.<\/p>\n<p><em>Cube Numove 240 idealan je za djecu visine izme\u0111u 118 i 136 cm i duljine koraka od 52 do 63 cm.<\/em><\/p>\n<p><em>Najvi\u0161ja obremenitev: 80 kg<\/em><\/p>\n<h3><strong>Specifikacije<\/strong><\/h3>\n<ul>\n<li><strong>Okvir<\/strong>Aluminij Lite 6061<\/li>\n<li><strong>Vilica<\/strong>Aluminij Lite 6061<\/li>\n<li><strong>Nosa\u010d upravlja\u010da<\/strong>CUBE Numove podesivi<\/li>\n<li><strong>Volan<\/strong>KOCKA ZA DJECU 590 mm, \u00d8 19 mm<\/li>\n<li><strong>Volan \/ Traka za volan<\/strong>Prirodna fit djeca 19.0<\/li>\n<li><strong>Stra\u017enji mjenja\u010d<\/strong>Shimano RD-M3020, 8 brzina<\/li>\n<li><strong>Ru\u010dice mjenja\u010da<\/strong>Shimano SL-M315, Rapidfire-Plus<\/li>\n<li><strong>Ko\u010dnice<\/strong>Aluminijske V-ko\u010dnice<\/li>\n<li><strong>Pogonska osovina<\/strong>Thun Shorty-ML Sl, kvadratna, \u0161irina BB kuglice 68 mm<\/li>\n<li><strong>Voza\u010d<\/strong>ACID Numove 30T, 130 mm, uski Q-faktor<\/li>\n<li><strong>Pedale<\/strong>: ACID PP Rookie medium<\/li>\n<li><strong>Lanac<\/strong>KMC Z8.3<\/li>\n<li><strong>Kaseta<\/strong>Sunrace CSM55, 11-34<\/li>\n<li><strong>Naplatci \/ Kota\u010di<\/strong>: ACID Pro ZX17, 24\/24 Spokes, QR\/QR<\/li>\n<li><strong>Vanjske gume<\/strong>: Schwalbe Smart Sam Kevlar, 1.85<\/li>\n<li><strong>Sjedalo<\/strong>: ACID Rookie<\/li>\n<li><strong>Potpora sjedala<\/strong>CUBE Performance stup, 27,2 mm<\/li>\n<li><strong>Te\u017eina<\/strong>: <strong>8,6 kg<\/strong><\/li>\n<\/ul>","protected":false},"excerpt":{"rendered":"<p>Otro\u0161ko kolo 24&#8221; Cube Numove 240<\/p>","protected":false},"featured_media":21613,"template":"","meta":{"_acf_changed":false,"inline_featured_image":false},"product_brand":[1192],"product_cat":[647],"product_tag":[1198,1202,1007],"class_list":{"0":"post-21612","1":"product","2":"type-product","3":"status-publish","4":"has-post-thumbnail","6":"product_brand-cube","7":"product_cat-647","8":"product_tag-otroci","9":"product_tag-otroska-kolesa","10":"product_tag-otrosko-kolo","12":"first","13":"instock","14":"sale","15":"taxable","16":"shipping-taxable","17":"purchasable","18":"product-type-simple"},"acf":[],"_links":{"self":[{"href":"https:\/\/ritosa.click.si\/hr\/wp-json\/wp\/v2\/product\/21612","targetHints":{"allow":["GET"]}}],"collection":[{"href":"https:\/\/ritosa.click.si\/hr\/wp-json\/wp\/v2\/product"}],"about":[{"href":"https:\/\/ritosa.click.si\/hr\/wp-json\/wp\/v2\/types\/product"}],"wp:featuredmedia":[{"embeddable":true,"href":"https:\/\/ritosa.click.si\/hr\/wp-json\/wp\/v2\/media\/21613"}],"wp:attachment":[{"href":"https:\/\/ritosa.click.si\/hr\/wp-json\/wp\/v2\/media?parent=21612"}],"wp:term":[{"taxonomy":"product_brand","embeddable":true,"href":"https:\/\/ritosa.click.si\/hr\/wp-json\/wp\/v2\/product_brand?post=21612"},{"taxonomy":"product_cat","embeddable":true,"href":"https:\/\/ritosa.click.si\/hr\/wp-json\/wp\/v2\/product_cat?post=21612"},{"taxonomy":"product_tag","embeddable":true,"href":"https:\/\/ritosa.click.si\/hr\/wp-json\/wp\/v2\/product_tag?post=21612"}],"curies":[{"name":"radni list","href":"https:\/\/api.w.org\/{rel}","templated":true}]}}