{"id":21600,"date":"2026-03-14T10:33:09","date_gmt":"2026-03-14T09:33:09","guid":{"rendered":"https:\/\/ritosa.click.si\/?post_type=product&#038;p=21600"},"modified":"2026-03-27T16:38:58","modified_gmt":"2026-03-27T15:38:58","slug":"head-ridott-2-5-20","status":"publish","type":"product","link":"https:\/\/ritosa.click.si\/hr\/ducan\/biciklizam\/kotaci\/djecji-bicikli-2\/20\/head-ridott-2-5-20\/","title":{"rendered":"HEAD Ridott 2.5 20&#8243;"},"content":{"rendered":"<div class=\"rte\">\n<h3><strong>TEHNI\u010cKI PODACI<\/strong><\/h3>\n<ul>\n<li><strong>Okvir:<\/strong>\u00a0Aluminij 6061, veli\u010dina: 29 cm, unutarnje usmjeravanje, toplinski obra\u0111eno<\/li>\n<li><strong>Vilice:<\/strong> Suntour XCT JR, 20&#8243;, 40mm<\/li>\n<li><strong>Le\u017eaj upravlja\u010da:<\/strong>\u00a0Neco H142, poluintegrirani<\/li>\n<li><strong>Zadnji mjenja\u010d:<\/strong> S-Ride RDTY200, 7 prestav<\/li>\n<li><strong>Ru\u010dica mjenja\u010da:<\/strong> S-Ride SLRV200, 1\u00d77<\/li>\n<li><strong>Pogonska osovina:<\/strong>\u00a0Prowheel Pro-W-36PP, lan\u010danik: 36, duljina: 127 mm<\/li>\n<li><strong>Lanac:<\/strong> KMC Z8, 8 brzina<\/li>\n<\/ul>\n<p><strong>BICIKLI<\/strong><\/p>\n<ul>\n<li><strong>Kola:<\/strong>\u00a0Remerx 219-L, 36 rupa<\/li>\n<li><strong>Prednji pesto:<\/strong>\u00a0Formula OV31, QR, 100 mm<\/li>\n<li><strong>Zadnji pesto:<\/strong>\u00a0Formula OV31, brzi, 135 mm<\/li>\n<li><strong>Gume:<\/strong> CST, 20\u00d71.95<\/li>\n<\/ul>\n<p><strong>KOMPONENTE<\/strong><\/p>\n<ul>\n<li><strong>Ko\u010dnice:<\/strong>\u00a0Tektro C310, V-ko\u010dnice<\/li>\n<li><strong>Volan:<\/strong>\u00a0HBC, \u0161irina: 520 mm, 25,4 mm<\/li>\n<li><strong>Nosa\u010d upravlja\u010da:<\/strong>\u00a0HBC, duljina: 60 mm, 25,4 mm<\/li>\n<li><strong>Sjedalo:<\/strong>\u00a0HBC YBT-K181<\/li>\n<li><strong>Potpora sjedala:<\/strong>\u00a0HBC, duljina: 350 mm, 27,2 mm<\/li>\n<li><strong>Pedale:<\/strong>\u00a0Wellgo 892T DU<\/li>\n<\/ul>\n<\/div>","protected":false},"excerpt":{"rendered":"<p>Otro\u0161ko kolo Head Ridott 2.5 20&#8221;<\/p>\n<p>Za djecu visine izme\u0111u 95 i 135 cm preporu\u010duje se bicikl od 20 in\u010da.<\/p>\n<ul>\n<li><strong>Okvir:<\/strong>\u00a0Aluminij 6061, veli\u010dina: 29 cm<\/li>\n<li><strong>Vilice:<\/strong> Suntour XCT JR, 20&#8243;, 40mm<\/li>\n<li><strong>Zadnji mjenja\u010d:<\/strong> S-Ride RDTY200, 7 prestav<\/li>\n<li><strong>Ko\u010dnice:<\/strong> Saccon V-brakes<\/li>\n<li><strong>Kota\u010di:<\/strong>\u00a020\u2033<\/li>\n<li><strong>Te\u017eina:<\/strong> 10,9 kg<\/li>\n<\/ul>","protected":false},"featured_media":21604,"template":"","meta":{"_acf_changed":false,"inline_featured_image":false},"product_brand":[1193],"product_cat":[646],"product_tag":[1198,1202,1007],"class_list":{"0":"post-21600","1":"product","2":"type-product","3":"status-publish","4":"has-post-thumbnail","6":"product_brand-head","7":"product_cat-646","8":"product_tag-otroci","9":"product_tag-otroska-kolesa","10":"product_tag-otrosko-kolo","12":"first","13":"onbackorder","14":"taxable","15":"shipping-taxable","16":"purchasable","17":"product-type-simple"},"acf":[],"_links":{"self":[{"href":"https:\/\/ritosa.click.si\/hr\/wp-json\/wp\/v2\/product\/21600","targetHints":{"allow":["GET"]}}],"collection":[{"href":"https:\/\/ritosa.click.si\/hr\/wp-json\/wp\/v2\/product"}],"about":[{"href":"https:\/\/ritosa.click.si\/hr\/wp-json\/wp\/v2\/types\/product"}],"wp:featuredmedia":[{"embeddable":true,"href":"https:\/\/ritosa.click.si\/hr\/wp-json\/wp\/v2\/media\/21604"}],"wp:attachment":[{"href":"https:\/\/ritosa.click.si\/hr\/wp-json\/wp\/v2\/media?parent=21600"}],"wp:term":[{"taxonomy":"product_brand","embeddable":true,"href":"https:\/\/ritosa.click.si\/hr\/wp-json\/wp\/v2\/product_brand?post=21600"},{"taxonomy":"product_cat","embeddable":true,"href":"https:\/\/ritosa.click.si\/hr\/wp-json\/wp\/v2\/product_cat?post=21600"},{"taxonomy":"product_tag","embeddable":true,"href":"https:\/\/ritosa.click.si\/hr\/wp-json\/wp\/v2\/product_tag?post=21600"}],"curies":[{"name":"radni list","href":"https:\/\/api.w.org\/{rel}","templated":true}]}}