{"id":21590,"date":"2026-03-14T10:22:35","date_gmt":"2026-03-14T09:22:35","guid":{"rendered":"https:\/\/ritosa.click.si\/?post_type=product&#038;p=21590"},"modified":"2026-03-14T10:33:02","modified_gmt":"2026-03-14T09:33:02","slug":"head-lauren-1-5-20","status":"publish","type":"product","link":"https:\/\/ritosa.click.si\/hr\/ducan\/biciklizam\/kotaci\/djecji-bicikli-2\/20\/head-lauren-1-5-20\/","title":{"rendered":"HEAD Lauren 1.5 20&#8243;"},"content":{"rendered":"<h3><strong>TEHNI\u010cKI PODACI<\/strong><\/h3>\n<ul>\n<li><strong>Okvir:<\/strong> Aluminij 6061, veli\u010dina: 29 cm, unutarnje usmjeravanje, toplinski obra\u0111eno<\/li>\n<li><strong>Vilice:<\/strong> Kruta, Hi-Ten<\/li>\n<li><strong>Le\u017eaj upravlja\u010da:<\/strong> Neco H142, poluintegrirani<\/li>\n<li><strong>Zadnji mjenja\u010d:<\/strong> S-Ride RDTY200, 7 prestav<\/li>\n<li><strong>Ru\u010dica mjenja\u010da:<\/strong> S-Ride SRD36, 1\u00d77, rotacijski mjenja\u010d<\/li>\n<li><strong>Pogonska osovina:<\/strong> Prowheel Pro-W-36PP, lan\u010danik: 36, duljina: 127 mm<\/li>\n<li><strong>Lanac:<\/strong> KMC Z8, 7 brzina<\/li>\n<\/ul>\n<p><strong>BICIKLI<\/strong><\/p>\n<ul>\n<li><strong>Kola:<\/strong> Remerx 219-L, 36 rupa<\/li>\n<li><strong>Prednji pesto:<\/strong> Formula OV31, QR, 100 mm<\/li>\n<li><strong>Zadnji pesto:<\/strong> Formula OV31, brzi, 135 mm<\/li>\n<li><strong>Gume:<\/strong> CST Crni Tigar, 20\u00d71,95<\/li>\n<\/ul>\n<p><strong>KOMPONENTE<\/strong><\/p>\n<ul>\n<li><strong>Ko\u010dnice:<\/strong> Tektro C310, V-ko\u010dnice<\/li>\n<li><strong>Volan:<\/strong> HBC, \u0161irina: 520 mm, 25,4 mm<\/li>\n<li><strong>Nosa\u010d upravlja\u010da:<\/strong> HBC, duljina: 60 mm, 25,4 mm<\/li>\n<li><strong>Sjedalo:<\/strong> HBC YBT-K181<\/li>\n<li><strong>Potpora sjedala:<\/strong> HBC, duljina: 350 mm, 27,2 mm<\/li>\n<li><strong>Pedale:<\/strong> Wellgo 892T DU<\/li>\n<\/ul>","protected":false},"excerpt":{"rendered":"<p>Dje\u010dji bicikl Head Lauren 20\u2033<\/p>\n<p>Za djecu visine izme\u0111u 95 i 135 cm preporu\u010duje se bicikl od 20 in\u010da.<\/p>\n<ul>\n<li><strong>Okvir:<\/strong> Aluminij 6061, veli\u010dina: 29 cm<\/li>\n<li><strong>Vilice:<\/strong> Toga<\/li>\n<li><strong>Zadnji mjenja\u010d:<\/strong> Shimano RDTY200<\/li>\n<li><strong>Ko\u010dnice:<\/strong> Tektro C310, V-ko\u010dnice<\/li>\n<li><strong>Kota\u010di:<\/strong> 20\u2033<\/li>\n<li><strong>Te\u017eina:<\/strong> 9,6 kg<\/li>\n<\/ul>","protected":false},"featured_media":21591,"template":"","meta":{"_acf_changed":false,"inline_featured_image":false,"_monsterinsights_skip_tracking":false,"_monsterinsights_sitenote_active":false,"_monsterinsights_sitenote_note":"","_monsterinsights_sitenote_category":0},"product_brand":[1193],"product_cat":[646],"product_tag":[1198,1202,1007],"class_list":{"0":"post-21590","1":"product","2":"type-product","3":"status-publish","4":"has-post-thumbnail","6":"product_brand-head","7":"product_cat-646","8":"product_tag-otroci","9":"product_tag-otroska-kolesa","10":"product_tag-otrosko-kolo","12":"first","13":"instock","14":"sale","15":"taxable","16":"shipping-taxable","17":"purchasable","18":"product-type-simple"},"acf":[],"aioseo_notices":[],"_links":{"self":[{"href":"https:\/\/ritosa.click.si\/hr\/wp-json\/wp\/v2\/product\/21590","targetHints":{"allow":["GET"]}}],"collection":[{"href":"https:\/\/ritosa.click.si\/hr\/wp-json\/wp\/v2\/product"}],"about":[{"href":"https:\/\/ritosa.click.si\/hr\/wp-json\/wp\/v2\/types\/product"}],"wp:featuredmedia":[{"embeddable":true,"href":"https:\/\/ritosa.click.si\/hr\/wp-json\/wp\/v2\/media\/21591"}],"wp:attachment":[{"href":"https:\/\/ritosa.click.si\/hr\/wp-json\/wp\/v2\/media?parent=21590"}],"wp:term":[{"taxonomy":"product_brand","embeddable":true,"href":"https:\/\/ritosa.click.si\/hr\/wp-json\/wp\/v2\/product_brand?post=21590"},{"taxonomy":"product_cat","embeddable":true,"href":"https:\/\/ritosa.click.si\/hr\/wp-json\/wp\/v2\/product_cat?post=21590"},{"taxonomy":"product_tag","embeddable":true,"href":"https:\/\/ritosa.click.si\/hr\/wp-json\/wp\/v2\/product_tag?post=21590"}],"curies":[{"name":"radni list","href":"https:\/\/api.w.org\/{rel}","templated":true}]}}