{"id":21580,"date":"2026-03-14T09:54:02","date_gmt":"2026-03-14T08:54:02","guid":{"rendered":"https:\/\/ritosa.click.si\/?post_type=product&#038;p=21580"},"modified":"2026-03-14T09:55:18","modified_gmt":"2026-03-14T08:55:18","slug":"specialized-jett-20","status":"publish","type":"product","link":"https:\/\/ritosa.click.si\/hr\/ducan\/biciklizam\/kotaci\/djecji-bicikli-2\/20\/specialized-jett-20\/","title":{"rendered":"Specialized Jett 20&#8221;"},"content":{"rendered":"<p><strong>Dizajnirano da raste s va\u0161im djetetom<\/strong> \u2013 prou\u010davali smo kako djeca rastu i dizajnirali bicikl s kontaktnim to\u010dkama prilago\u0111enim djeci koje prate razvoj mladog voza\u010da. Jett je jedinstveno podesiv, idealno proporcionalan i dovoljno lagan da ga dijete mo\u017ee samostalno podi\u0107i.<\/p>\n<p>Jett Multispeed ima podesive upravlja\u010de koji djeci omogu\u0107uju prilago\u0111avanje dosega kako im ruke rastu. Dvopozicijska pogonska sklopka i du\u017ee cijevi sjedala omogu\u0107uju optimalno pode\u0161avanje polo\u017eaja vo\u017enje. Osim toga, dizajnirali smo okvir i sve komponente kako bismo Jett u\u010dinili jednim od najlak\u0161ih dje\u010djih bicikala na tr\u017ei\u0161tu. Doslovno \u0107ete morati moliti svoje dijete da si\u0111e s njega!<\/p>\n<h3><strong>Tehni\u010dke specifikacije<\/strong><\/h3>\n<ul>\n<li>Okvir: A1 Premium Butted aluminij, unisex okvir, unutarnje usmjerene sajle, kovani nosa\u010di osovine 135 \u00d7 10 mm, zamjenjivi nosa\u010d mjenja\u010da<\/li>\n<li>Stezaljka cijevi sjedala: Vijak, 31,8 mm<\/li>\n<li>Vilica: A1 Premium aluminij s oja\u010danim profilom, aluminijski upravlja\u010d, V-ko\u010dnice<\/li>\n<li>Ko\u010dnice: V-ko\u010dnice s polugom s podesivim dosegom bez alata<\/li>\n<li>Ru\u010dica mjenja\u010da: microSHIFT TS39, 7 brzina<\/li>\n<li>Stra\u017enji mjenja\u010d: Shimano RD-M310, 7 brzina<\/li>\n<li>Kaseta: SunRace, 7 brzina, 11-34T<\/li>\n<li>Lanac: KMC HV500<\/li>\n<li>Pogonski sklop: Kovano aluminijsko ku\u0107i\u0161te, kvadratna osovina, podesiva duljina 105\/125 mm, sa \u0161titnikom lanca<\/li>\n<li>Lan\u010danik: Kovano aluminijsko, 34 zuba<\/li>\n<li>Donja osovina: Kvadratna osovina, plasti\u010dni le\u017eajevi, osovina 113 mm<\/li>\n<li>Obru\u010di: Aluminijski, dubina 14 mm, unutarnja \u0161irina 23 mm, 28 rupa<\/li>\n<li>Prednja glav\u010dina: Aluminij, klasi\u010dni le\u017eajevi, pri\u010dvr\u0161\u0107ivanje vijcima, razmak od 100 mm, 28 rupa<\/li>\n<li>Stra\u017enja glav\u010dina: Aluminij, klasi\u010dni le\u017eajevi, pri\u010dvr\u0161\u0107ivanje vijcima, razmak 135 mm, 28 rupa<\/li>\n<li>\u017dbice: Nehr\u0111aju\u0107i \u010delik, 14g<\/li>\n<li>Gume: Pathfinder Sport, 20\u00d72.0\u2033<\/li>\n<li>Unutarnje gume: Schrader ventil, 32 mm<\/li>\n<li>Lupa volana: 3D kovani aluminij, duljina 35 mm, nagib 6\u00b0, promjer stezaljke 25,4 mm<\/li>\n<li>Volan: Aluminijski Mini Rise, dvoslojna konstrukcija, uspon 60 mm, kut povrata 5\u00b0, \u0161irina 580 mm, promjer stezaljke 25,4 mm, promjer ru\u010dke 19 mm<\/li>\n<li>Volan: Jett Body Geometry, unutarnji promjer 19 mm, s blokadom<\/li>\n<li>Sjedalo: Dje\u010dje sjedalo Bridge, 130 mm<\/li>\n<li>Cijev sjedala: Aluminij, 2 vijka, pomak od 14 mm, promjer 27,2 mm, duljina 280 mm<\/li>\n<li>Pedala: Najlonska pedala s reflektorima<\/li>\n<\/ul>","protected":false},"excerpt":{"rendered":"<p>Specialized Jett 20\u201d dje\u010dji bicikl \u2013 7 brzina<\/p>\n<ul>\n<li>Okvir: A1 Premium Butted aluminij, unisex, unutarnje vo\u0111enje sajli, kovani vilici 135 \u00d7 10 mm, zamjenjivi dr\u017ea\u010d mjenja\u010da<\/li>\n<li>Ko\u010dnice: V-ko\u010dnice s polugom s podesivim dosegom bez alata<\/li>\n<\/ul>","protected":false},"featured_media":21583,"template":"","meta":{"_acf_changed":false,"inline_featured_image":false,"_monsterinsights_skip_tracking":false,"_monsterinsights_sitenote_active":false,"_monsterinsights_sitenote_note":"","_monsterinsights_sitenote_category":0},"product_brand":[673],"product_cat":[646],"product_tag":[1198,1202,1007],"class_list":{"0":"post-21580","1":"product","2":"type-product","3":"status-publish","4":"has-post-thumbnail","6":"product_brand-specialized","7":"product_cat-646","8":"product_tag-otroci","9":"product_tag-otroska-kolesa","10":"product_tag-otrosko-kolo","12":"first","13":"instock","14":"sale","15":"taxable","16":"shipping-taxable","17":"purchasable","18":"product-type-simple"},"acf":[],"aioseo_notices":[],"_links":{"self":[{"href":"https:\/\/ritosa.click.si\/hr\/wp-json\/wp\/v2\/product\/21580","targetHints":{"allow":["GET"]}}],"collection":[{"href":"https:\/\/ritosa.click.si\/hr\/wp-json\/wp\/v2\/product"}],"about":[{"href":"https:\/\/ritosa.click.si\/hr\/wp-json\/wp\/v2\/types\/product"}],"wp:featuredmedia":[{"embeddable":true,"href":"https:\/\/ritosa.click.si\/hr\/wp-json\/wp\/v2\/media\/21583"}],"wp:attachment":[{"href":"https:\/\/ritosa.click.si\/hr\/wp-json\/wp\/v2\/media?parent=21580"}],"wp:term":[{"taxonomy":"product_brand","embeddable":true,"href":"https:\/\/ritosa.click.si\/hr\/wp-json\/wp\/v2\/product_brand?post=21580"},{"taxonomy":"product_cat","embeddable":true,"href":"https:\/\/ritosa.click.si\/hr\/wp-json\/wp\/v2\/product_cat?post=21580"},{"taxonomy":"product_tag","embeddable":true,"href":"https:\/\/ritosa.click.si\/hr\/wp-json\/wp\/v2\/product_tag?post=21580"}],"curies":[{"name":"radni list","href":"https:\/\/api.w.org\/{rel}","templated":true}]}}