{"id":21542,"date":"2026-03-13T18:45:07","date_gmt":"2026-03-13T17:45:07","guid":{"rendered":"https:\/\/ritosa.click.si\/?post_type=product&#038;p=21542"},"modified":"2026-03-13T19:02:05","modified_gmt":"2026-03-13T18:02:05","slug":"plasc-vittoria-mezcal-xc-29x235","status":"publish","type":"product","link":"https:\/\/ritosa.click.si\/hr\/ducan\/biciklizam\/oprema-za-biciklizam\/dodatna-oprema-in-rezervni-deli\/plasci\/mtb-plasci\/plasc-vittoria-mezcal-xc-29x235\/","title":{"rendered":"Vanjska guma Vittoria Mezcal XC 29\u2033\u00d72.35"},"content":{"rendered":"<p>Tehnologija:<\/p>\n<p>Brzo kotrljanje zahvaljuju\u0107i kontinuiranom gaznom sloju s produ\u017eecima lamela koji pobolj\u0161avaju prianjanje pri usponu i ko\u010denju.<\/p>\n<p>Agresivno skretanje na tvrdim, skliskim povr\u0161inama zahvaljuju\u0107i usmjerenim lamelama na ramenu gume koje se prote\u017eu paralelno s tra\u010dnicama, s promjenjivim \u0161irinama i otvorenim stra\u017enjim rubovima.<\/p>\n<p>Formula 4Compound strate\u0161ki postavlja 4 optimizirane smjese tamo gdje su potrebne za neusporedivu kombinaciju brzine, prianjanja i izdr\u017eljivosti.<\/p>\n<p>Ku\u0107i\u0161te gume za trail gume pru\u017ea savr\u0161en spoj te\u017eine i izdr\u017eljivosti zahvaljuju\u0107i najlonskoj konstrukciji spremnoj za tubeless gume, oja\u010danoj za\u0161titom bo\u010dnih stijenki i pojasom otpornim na probijanje.<\/p>\n<p>Tehni\u010dki opis:<\/p>\n<ul>\n<li>Dimenzija: 29 \u00d7 2,35<\/li>\n<li>KU\u0106I\u0160TE \u2013 TPI: Oja\u010dani najlon 60 TPI + pojasevi otporni na probijanje<\/li>\n<li>BIKEready \u2013 pogodno za kori\u0161tenje na elektri\u010dnim biciklima: DA<\/li>\n<li>SPOJ: 4C Grafen<\/li>\n<li>TLR \u2013 TUBELESS READY \u2013 za kori\u0161tenje guma bez zra\u010dnica: DA<\/li>\n<li>KOMPATIBILNO S KUKAMA \u2013 Kompatibilno za kori\u0161tenje s prstenima bez ruba: DA<\/li>\n<\/ul>","protected":false},"excerpt":{"rendered":"<p>Vanjska guma Vittoria Mezcal XC 29\u2033\u00d72.35 dizajnirana je za dodatnu otpornost na probijanje, osiguravaju\u0107i glatku i neprekidnu vo\u017enju. Tako\u0111er je pogodna za elektri\u010dne bicikle.<\/p>","protected":false},"featured_media":21539,"template":"","meta":{"_acf_changed":false,"inline_featured_image":false,"_monsterinsights_skip_tracking":false,"_monsterinsights_sitenote_active":false,"_monsterinsights_sitenote_note":"","_monsterinsights_sitenote_category":0},"product_brand":[2072],"product_cat":[610,518],"product_tag":[],"class_list":{"0":"post-21542","1":"product","2":"type-product","3":"status-publish","4":"has-post-thumbnail","6":"product_brand-vittoria","7":"product_cat-mtb-plasci","8":"product_cat-plasci","10":"first","11":"instock","12":"taxable","13":"shipping-taxable","14":"purchasable","15":"product-type-simple"},"acf":[],"aioseo_notices":[],"_links":{"self":[{"href":"https:\/\/ritosa.click.si\/hr\/wp-json\/wp\/v2\/product\/21542","targetHints":{"allow":["GET"]}}],"collection":[{"href":"https:\/\/ritosa.click.si\/hr\/wp-json\/wp\/v2\/product"}],"about":[{"href":"https:\/\/ritosa.click.si\/hr\/wp-json\/wp\/v2\/types\/product"}],"wp:featuredmedia":[{"embeddable":true,"href":"https:\/\/ritosa.click.si\/hr\/wp-json\/wp\/v2\/media\/21539"}],"wp:attachment":[{"href":"https:\/\/ritosa.click.si\/hr\/wp-json\/wp\/v2\/media?parent=21542"}],"wp:term":[{"taxonomy":"product_brand","embeddable":true,"href":"https:\/\/ritosa.click.si\/hr\/wp-json\/wp\/v2\/product_brand?post=21542"},{"taxonomy":"product_cat","embeddable":true,"href":"https:\/\/ritosa.click.si\/hr\/wp-json\/wp\/v2\/product_cat?post=21542"},{"taxonomy":"product_tag","embeddable":true,"href":"https:\/\/ritosa.click.si\/hr\/wp-json\/wp\/v2\/product_tag?post=21542"}],"curies":[{"name":"radni list","href":"https:\/\/api.w.org\/{rel}","templated":true}]}}