{"id":21531,"date":"2026-03-13T18:13:28","date_gmt":"2026-03-13T17:13:28","guid":{"rendered":"https:\/\/ritosa.click.si\/?post_type=product&#038;p=21531"},"modified":"2026-03-13T18:33:16","modified_gmt":"2026-03-13T17:33:16","slug":"plasc-vittoria-gravel-terreno-t50-700x40","status":"publish","type":"product","link":"https:\/\/ritosa.click.si\/hr\/ducan\/biciklizam\/oprema-za-biciklizam\/dodatna-oprema-in-rezervni-deli\/plasci\/mestni-in-treking-plasci\/plasc-vittoria-gravel-terreno-t50-700x40\/","title":{"rendered":"Vanjska guma Vittoria Gravel Terreno T50 700\u00d740"},"content":{"rendered":"<p>Vanjska guma Terreno T50 Mixed Gravel Endurance dizajnirana je za pru\u017eanje neusporedive brzine i performansi na raznim terenima, od tvrdog do mje\u0161ovitih uvjeta.<br \/>\nVanjska guma za izdr\u017eljivost na \u0161ljun\u010danim podlogama koja se nalazi izme\u0111u guma Terreno Dry i Terreno Mezcal. Ima svestran dizajn gaznoga sloja s novom teksturom usmjerenih lamela, \u0161to je \u010dini izvrsnim izborom za \u0161irok raspon terena s izra\u017eenim rubovima zakretanja te za pobolj\u0161anu kontrolu, upravljanje i samopouzdanje.<\/p>","protected":false},"excerpt":{"rendered":"<p>Vanjska guma Vittoria Gravel Terreno T50 700\u00d740 \u2013 jedna vanjska guma za razli\u010dite terene!<\/p>","protected":false},"featured_media":21533,"template":"","meta":{"_acf_changed":false,"inline_featured_image":false},"product_brand":[2072],"product_cat":[611,518],"product_tag":[],"class_list":{"0":"post-21531","1":"product","2":"type-product","3":"status-publish","4":"has-post-thumbnail","6":"product_brand-vittoria","7":"product_cat-mestni-in-treking-plasci","8":"product_cat-plasci","10":"first","11":"instock","12":"taxable","13":"shipping-taxable","14":"purchasable","15":"product-type-simple"},"acf":[],"_links":{"self":[{"href":"https:\/\/ritosa.click.si\/hr\/wp-json\/wp\/v2\/product\/21531","targetHints":{"allow":["GET"]}}],"collection":[{"href":"https:\/\/ritosa.click.si\/hr\/wp-json\/wp\/v2\/product"}],"about":[{"href":"https:\/\/ritosa.click.si\/hr\/wp-json\/wp\/v2\/types\/product"}],"wp:featuredmedia":[{"embeddable":true,"href":"https:\/\/ritosa.click.si\/hr\/wp-json\/wp\/v2\/media\/21533"}],"wp:attachment":[{"href":"https:\/\/ritosa.click.si\/hr\/wp-json\/wp\/v2\/media?parent=21531"}],"wp:term":[{"taxonomy":"product_brand","embeddable":true,"href":"https:\/\/ritosa.click.si\/hr\/wp-json\/wp\/v2\/product_brand?post=21531"},{"taxonomy":"product_cat","embeddable":true,"href":"https:\/\/ritosa.click.si\/hr\/wp-json\/wp\/v2\/product_cat?post=21531"},{"taxonomy":"product_tag","embeddable":true,"href":"https:\/\/ritosa.click.si\/hr\/wp-json\/wp\/v2\/product_tag?post=21531"}],"curies":[{"name":"radni list","href":"https:\/\/api.w.org\/{rel}","templated":true}]}}