{"id":21527,"date":"2026-03-13T18:08:30","date_gmt":"2026-03-13T17:08:30","guid":{"rendered":"https:\/\/ritosa.click.si\/?post_type=product&#038;p=21527"},"modified":"2026-03-13T18:11:14","modified_gmt":"2026-03-13T17:11:14","slug":"plasc-vittoria-mezcal-xc-275-x-2-1","status":"publish","type":"product","link":"https:\/\/ritosa.click.si\/hr\/ducan\/biciklizam\/oprema-za-biciklizam\/dodatna-oprema-in-rezervni-deli\/plasci\/mtb-plasci\/plasc-vittoria-mezcal-xc-275-x-2-1\/","title":{"rendered":"Vanjska guma Vittoria Mezcal XC 27.5\u2033 x 2.1"},"content":{"rendered":"","protected":false},"excerpt":{"rendered":"<p>Gusto, gotovo neprekidno sredi\u0161nje gazno sloj osigurava izuzetno nizak otpor kotrljanja. Bo\u010dne kvr\u017eice pru\u017eaju izvrsno prianjanje na razli\u010ditim povr\u0161inama, gdje njihova smjesa i oblikovanje omogu\u0107uju pouzdanu vo\u017enju.<\/p>","protected":false},"featured_media":21530,"template":"","meta":{"_acf_changed":false,"inline_featured_image":false,"_monsterinsights_skip_tracking":false,"_monsterinsights_sitenote_active":false,"_monsterinsights_sitenote_note":"","_monsterinsights_sitenote_category":0},"product_brand":[2072],"product_cat":[610,518],"product_tag":[],"class_list":{"0":"post-21527","1":"product","2":"type-product","3":"status-publish","4":"has-post-thumbnail","6":"product_brand-vittoria","7":"product_cat-mtb-plasci","8":"product_cat-plasci","10":"first","11":"instock","12":"taxable","13":"shipping-taxable","14":"purchasable","15":"product-type-simple"},"acf":[],"aioseo_notices":[],"_links":{"self":[{"href":"https:\/\/ritosa.click.si\/hr\/wp-json\/wp\/v2\/product\/21527","targetHints":{"allow":["GET"]}}],"collection":[{"href":"https:\/\/ritosa.click.si\/hr\/wp-json\/wp\/v2\/product"}],"about":[{"href":"https:\/\/ritosa.click.si\/hr\/wp-json\/wp\/v2\/types\/product"}],"wp:featuredmedia":[{"embeddable":true,"href":"https:\/\/ritosa.click.si\/hr\/wp-json\/wp\/v2\/media\/21530"}],"wp:attachment":[{"href":"https:\/\/ritosa.click.si\/hr\/wp-json\/wp\/v2\/media?parent=21527"}],"wp:term":[{"taxonomy":"product_brand","embeddable":true,"href":"https:\/\/ritosa.click.si\/hr\/wp-json\/wp\/v2\/product_brand?post=21527"},{"taxonomy":"product_cat","embeddable":true,"href":"https:\/\/ritosa.click.si\/hr\/wp-json\/wp\/v2\/product_cat?post=21527"},{"taxonomy":"product_tag","embeddable":true,"href":"https:\/\/ritosa.click.si\/hr\/wp-json\/wp\/v2\/product_tag?post=21527"}],"curies":[{"name":"radni list","href":"https:\/\/api.w.org\/{rel}","templated":true}]}}