{"id":21489,"date":"2026-03-13T17:21:04","date_gmt":"2026-03-13T16:21:04","guid":{"rendered":"https:\/\/ritosa.click.si\/?post_type=product&#038;p=21489"},"modified":"2026-03-13T18:05:21","modified_gmt":"2026-03-13T17:05:21","slug":"cube-numove-120-2","status":"publish","type":"product","link":"https:\/\/ritosa.click.si\/hr\/ducan\/biciklizam\/kotaci\/djecji-bicikli-2\/12\/cube-numove-120-2\/","title":{"rendered":"CUBE NUMOVE 120 \u2013 plava"},"content":{"rendered":"<p><strong>CUBE NUMOVE 120<\/strong><\/p>\n<p>Dje\u010dji aluminijski bicikl dizajniran za prve biciklisti\u010dke korake najmla\u0111ih. Okvir izra\u0111en od laganog materijala <strong data-start=\"141\" data-end=\"164\">Aluminij Lite 6061<\/strong> Aluminijski okvir je lagan, izdr\u017eljiv i siguran, s dovoljno prostora za jednostavno sila\u017eenje. Zahvaljuju\u0107i maloj te\u017eini i stabilnoj geometriji, djeci olak\u0161ava u\u010denje vo\u017enje i razvijanje samopouzdanja na biciklu. Bicikl je opremljen <strong data-start=\"385\" data-end=\"410\">stra\u017enja torpedna ko\u010dnica<\/strong> i <strong data-start=\"414\" data-end=\"435\">prednja V-ko\u010dnica<\/strong>, \u010dije su ru\u010dke prilago\u0111ene malim rukama, a \u0161titnik lanca osigurava dodatnu sigurnost tijekom vo\u017enje.<\/p>\n<p><em>Cube Numove 120 idealan je za djecu visine izme\u0111u 92 i 104 cm i duljine koraka od 36 do 45 cm.<\/em><\/p>\n<p><em>Maksimalno optere\u0107enje: 20 kg<\/em><\/p>\n<p><strong>Specifikacije<\/strong><\/p>\n<ul>\n<li><strong>Okvir<\/strong>Aluminij Lite 6061<\/li>\n<li><strong>Vilica<\/strong>Aluminij Lite 6061<\/li>\n<li><strong>Nosa\u010d upravlja\u010da<\/strong>CUBE Aluminum Lite<\/li>\n<li><strong>Volan<\/strong>KOCKA ZA DJECU 420 mm, \u00d816 mm<\/li>\n<li><strong>Volan \/ Traka za volan<\/strong>Prirodna fit djeca 16.0<\/li>\n<li><strong>Ko\u010dnice<\/strong>Aluminijske V-ko\u010dnice + stra\u017enja torpedo ko\u010dnica<\/li>\n<li><strong>Voza\u010d<\/strong>ACID Numove 25T, 84 mm, uski Q-faktor<\/li>\n<li><strong>Pedale<\/strong>CUBE PP Rookie mali<\/li>\n<li><strong>Lanac<\/strong>KMC HV500<\/li>\n<li><strong>Naplatci \/ Kota\u010di<\/strong>ACID Pro C2000, 16\/16 \u017ebica, singlespeed 16T<\/li>\n<li><strong>Vanjske gume<\/strong>Schwalbe Smart Sam 12 x 1.5<\/li>\n<li><strong>Sjedalo<\/strong>: Cube Dje\u010dak<\/li>\n<li><strong>Te\u017eina<\/strong>5 kg<\/li>\n<\/ul>\n<h5 id=\"tw-target-text\" class=\"tw-data-text tw-text-large tw-ta\" dir=\"ltr\" style=\"text-align: left\"><\/h5>","protected":false},"excerpt":{"rendered":"<p>Otro\u0161ko kolo 12&#8221; Cube Numove 120 Topasblue &#8216;n&#8217; Nebula<\/p>\n<p>Cube Numove je jedan od najlak\u0161ih (5 kg) i najzabavnijih 12-in\u010dnih bicikala na tr\u017ei\u0161tu.<\/p>","protected":false},"featured_media":21499,"template":"","meta":{"_acf_changed":false,"inline_featured_image":false},"product_brand":[1192],"product_cat":[643],"product_tag":[1198,1202,1007],"class_list":{"0":"post-21489","1":"product","2":"type-product","3":"status-publish","4":"has-post-thumbnail","6":"product_brand-cube","7":"product_cat-643","8":"product_tag-otroci","9":"product_tag-otroska-kolesa","10":"product_tag-otrosko-kolo","12":"first","13":"instock","14":"sale","15":"taxable","16":"shipping-taxable","17":"purchasable","18":"product-type-simple"},"acf":[],"_links":{"self":[{"href":"https:\/\/ritosa.click.si\/hr\/wp-json\/wp\/v2\/product\/21489","targetHints":{"allow":["GET"]}}],"collection":[{"href":"https:\/\/ritosa.click.si\/hr\/wp-json\/wp\/v2\/product"}],"about":[{"href":"https:\/\/ritosa.click.si\/hr\/wp-json\/wp\/v2\/types\/product"}],"wp:featuredmedia":[{"embeddable":true,"href":"https:\/\/ritosa.click.si\/hr\/wp-json\/wp\/v2\/media\/21499"}],"wp:attachment":[{"href":"https:\/\/ritosa.click.si\/hr\/wp-json\/wp\/v2\/media?parent=21489"}],"wp:term":[{"taxonomy":"product_brand","embeddable":true,"href":"https:\/\/ritosa.click.si\/hr\/wp-json\/wp\/v2\/product_brand?post=21489"},{"taxonomy":"product_cat","embeddable":true,"href":"https:\/\/ritosa.click.si\/hr\/wp-json\/wp\/v2\/product_cat?post=21489"},{"taxonomy":"product_tag","embeddable":true,"href":"https:\/\/ritosa.click.si\/hr\/wp-json\/wp\/v2\/product_tag?post=21489"}],"curies":[{"name":"radni list","href":"https:\/\/api.w.org\/{rel}","templated":true}]}}