{"id":21468,"date":"2026-03-13T16:39:25","date_gmt":"2026-03-13T15:39:25","guid":{"rendered":"https:\/\/ritosa.click.si\/?post_type=product&#038;p=21468"},"modified":"2026-03-13T16:45:46","modified_gmt":"2026-03-13T15:45:46","slug":"plasc-continental-econtact-28x-2-20","status":"publish","type":"product","link":"https:\/\/ritosa.click.si\/hr\/ducan\/biciklizam\/oprema-za-biciklizam\/dodatna-oprema-in-rezervni-deli\/plasci\/mestni-in-treking-plasci\/plasc-continental-econtact-28x-2-20\/","title":{"rendered":"Vanjska guma Continental Econtact+ 28\u2033x 2.20"},"content":{"rendered":"<p>Posebno razvijena za potrebe elektri\u010dnih bicikala za putovanje na posao i prijevoz tereta. Ova guma ima kompaktan uzorak gaznoga sloja koji odr\u017eava nizak otpor kotrljanja, \u010dime se pove\u0107ava domet s jednim punjenjem baterije. Zahvaljuju\u0107i jedinstvenom gaznomu sloju i naprednim Continentalovim proizvodnim tehnologijama, eContact+ se mo\u017ee pohvaliti posebno visokom za\u0161titom od \u010davala, stakla i drugih ve\u0107ih opasnosti od uboda.<\/p>\n<p dir=\"ltr\" data-placeholder=\"Prevod\">ZNA\u010cAJKE:<\/p>\n<ul>\n<li dir=\"ltr\" data-placeholder=\"Prevod\">Reflektiraju\u0107a traka<\/li>\n<li>28X2.20<\/li>\n<li>3\/180 tpi<\/li>\n<li>Tlak: 58 \u2013 73 psi<\/li>\n<li>Indikator istro\u0161enosti<\/li>\n<\/ul>","protected":false},"excerpt":{"rendered":"<p>Continental Econtact+ 28\u2033x 2.20 Trekking vanjska guma za elektri\u010dne bicikle s reflektiraju\u0107om trakom za bolju vidljivost.<\/p>","protected":false},"featured_media":21469,"template":"","meta":{"_acf_changed":false,"inline_featured_image":false},"product_brand":[2078],"product_cat":[611,518],"product_tag":[],"class_list":{"0":"post-21468","1":"product","2":"type-product","3":"status-publish","4":"has-post-thumbnail","6":"product_brand-continental","7":"product_cat-mestni-in-treking-plasci","8":"product_cat-plasci","10":"first","11":"instock","12":"sale","13":"taxable","14":"shipping-taxable","15":"purchasable","16":"product-type-simple"},"acf":[],"_links":{"self":[{"href":"https:\/\/ritosa.click.si\/hr\/wp-json\/wp\/v2\/product\/21468","targetHints":{"allow":["GET"]}}],"collection":[{"href":"https:\/\/ritosa.click.si\/hr\/wp-json\/wp\/v2\/product"}],"about":[{"href":"https:\/\/ritosa.click.si\/hr\/wp-json\/wp\/v2\/types\/product"}],"wp:featuredmedia":[{"embeddable":true,"href":"https:\/\/ritosa.click.si\/hr\/wp-json\/wp\/v2\/media\/21469"}],"wp:attachment":[{"href":"https:\/\/ritosa.click.si\/hr\/wp-json\/wp\/v2\/media?parent=21468"}],"wp:term":[{"taxonomy":"product_brand","embeddable":true,"href":"https:\/\/ritosa.click.si\/hr\/wp-json\/wp\/v2\/product_brand?post=21468"},{"taxonomy":"product_cat","embeddable":true,"href":"https:\/\/ritosa.click.si\/hr\/wp-json\/wp\/v2\/product_cat?post=21468"},{"taxonomy":"product_tag","embeddable":true,"href":"https:\/\/ritosa.click.si\/hr\/wp-json\/wp\/v2\/product_tag?post=21468"}],"curies":[{"name":"radni list","href":"https:\/\/api.w.org\/{rel}","templated":true}]}}