{"id":21464,"date":"2026-03-13T16:30:02","date_gmt":"2026-03-13T15:30:02","guid":{"rendered":"https:\/\/ritosa.click.si\/?post_type=product&#038;p=21464"},"modified":"2026-03-13T16:35:55","modified_gmt":"2026-03-13T15:35:55","slug":"plasc-continental-trinotal-trail-grip-29x-2-20","status":"publish","type":"product","link":"https:\/\/ritosa.click.si\/hr\/ducan\/biciklizam\/oprema-za-biciklizam\/dodatna-oprema-in-rezervni-deli\/plasci\/mtb-plasci\/plasc-continental-trinotal-trail-grip-29x-2-20\/","title":{"rendered":"Vanjska guma Continental Trinotal Trail Grip 29\u2033x 2.20"},"content":{"rendered":"<p>Trinotal je pravi svestrani bicikl \u2013 dizajniran za vo\u017enju po tvrdim i blago mije\u0161anim povr\u0161inama, bilo suhim ili mokrim. Trinotal preuzima od svog popularnog prethodnika\u00a0<em>Kralj kri\u017ea<\/em>\u00a0i spreman je za sve izazove moderne vo\u017enje po cross-country i down-country stazi. Osvojite raznoliki teren s lako\u0107om i kontrolom.<\/p>\n<p>Konstrukcija jakne u izvedbi:<\/p>\n<ul>\n<li>Staza: Lagana i izdr\u017eljiva jednoslojna konstrukcija ku\u0107i\u0161ta, idealna za kori\u0161tenje na stazi.<\/li>\n<\/ul>\n<p>Gumena smjesa u verziji:<\/p>\n<ul>\n<li>Prianjanje: Dizajnirana za moderno kros-kantri, spust po stazama, staze i \u0161ljunak, ova smjesa nudi izvrsnu ravnote\u017eu izme\u0111u prianjanja i otpora kotrljanja te je prvi izbor za svestrane i uravnote\u017eene karakteristike vo\u017enje.<\/li>\n<\/ul>","protected":false},"excerpt":{"rendered":"<p>Vanjska guma Continental Trinotal Trail Grip 29\u2033x 2.20 (sklopiva) idealan je izbor za tvrde i mje\u0161ovite povr\u0161ine.<\/p>","protected":false},"featured_media":21465,"template":"","meta":{"_acf_changed":false,"inline_featured_image":false,"_monsterinsights_skip_tracking":false,"_monsterinsights_sitenote_active":false,"_monsterinsights_sitenote_note":"","_monsterinsights_sitenote_category":0},"product_brand":[2078],"product_cat":[610,518],"product_tag":[],"class_list":{"0":"post-21464","1":"product","2":"type-product","3":"status-publish","4":"has-post-thumbnail","6":"product_brand-continental","7":"product_cat-mtb-plasci","8":"product_cat-plasci","10":"first","11":"instock","12":"sale","13":"taxable","14":"shipping-taxable","15":"purchasable","16":"product-type-simple"},"acf":[],"aioseo_notices":[],"_links":{"self":[{"href":"https:\/\/ritosa.click.si\/hr\/wp-json\/wp\/v2\/product\/21464","targetHints":{"allow":["GET"]}}],"collection":[{"href":"https:\/\/ritosa.click.si\/hr\/wp-json\/wp\/v2\/product"}],"about":[{"href":"https:\/\/ritosa.click.si\/hr\/wp-json\/wp\/v2\/types\/product"}],"wp:featuredmedia":[{"embeddable":true,"href":"https:\/\/ritosa.click.si\/hr\/wp-json\/wp\/v2\/media\/21465"}],"wp:attachment":[{"href":"https:\/\/ritosa.click.si\/hr\/wp-json\/wp\/v2\/media?parent=21464"}],"wp:term":[{"taxonomy":"product_brand","embeddable":true,"href":"https:\/\/ritosa.click.si\/hr\/wp-json\/wp\/v2\/product_brand?post=21464"},{"taxonomy":"product_cat","embeddable":true,"href":"https:\/\/ritosa.click.si\/hr\/wp-json\/wp\/v2\/product_cat?post=21464"},{"taxonomy":"product_tag","embeddable":true,"href":"https:\/\/ritosa.click.si\/hr\/wp-json\/wp\/v2\/product_tag?post=21464"}],"curies":[{"name":"radni list","href":"https:\/\/api.w.org\/{rel}","templated":true}]}}