{"id":21429,"date":"2026-03-12T18:39:51","date_gmt":"2026-03-12T17:39:51","guid":{"rendered":"https:\/\/ritosa.click.si\/?post_type=product&#038;p=21429"},"modified":"2026-03-12T18:45:25","modified_gmt":"2026-03-12T17:45:25","slug":"plasc-cst-29-x-2-60-patrol","status":"publish","type":"product","link":"https:\/\/ritosa.click.si\/hr\/ducan\/biciklizam\/oprema-za-biciklizam\/dodatna-oprema-in-rezervni-deli\/plasci\/mtb-plasci\/plasc-cst-29-x-2-60-patrol\/","title":{"rendered":"Vanjska guma CST 29 x 2.60 Patrol"},"content":{"rendered":"<p>Patrol vanjske gume nude svestran gazni sloj za razne terene, od zbijenog tla do kamenja i korijenja. Smanjeni otpor kotrljanja, izvrsno prianjanje po cijelom profilu i agresivni bo\u010dni blokovi pru\u017eaju stabilnost, kontrolu i samouvjereno skretanje. Idealne za all-mountain i enduro vo\u017enju.<\/p>","protected":false},"excerpt":{"rendered":"<p class=\"h1 productpage_title\">CST 29 x 2.60 Patrol<\/p>","protected":false},"featured_media":21430,"template":"","meta":{"_acf_changed":false,"inline_featured_image":false,"_monsterinsights_skip_tracking":false,"_monsterinsights_sitenote_active":false,"_monsterinsights_sitenote_note":"","_monsterinsights_sitenote_category":0},"product_brand":[2079],"product_cat":[610,518],"product_tag":[],"class_list":{"0":"post-21429","1":"product","2":"type-product","3":"status-publish","4":"has-post-thumbnail","6":"product_brand-cst","7":"product_cat-mtb-plasci","8":"product_cat-plasci","10":"first","11":"instock","12":"taxable","13":"shipping-taxable","14":"purchasable","15":"product-type-simple"},"acf":[],"aioseo_notices":[],"_links":{"self":[{"href":"https:\/\/ritosa.click.si\/hr\/wp-json\/wp\/v2\/product\/21429","targetHints":{"allow":["GET"]}}],"collection":[{"href":"https:\/\/ritosa.click.si\/hr\/wp-json\/wp\/v2\/product"}],"about":[{"href":"https:\/\/ritosa.click.si\/hr\/wp-json\/wp\/v2\/types\/product"}],"wp:featuredmedia":[{"embeddable":true,"href":"https:\/\/ritosa.click.si\/hr\/wp-json\/wp\/v2\/media\/21430"}],"wp:attachment":[{"href":"https:\/\/ritosa.click.si\/hr\/wp-json\/wp\/v2\/media?parent=21429"}],"wp:term":[{"taxonomy":"product_brand","embeddable":true,"href":"https:\/\/ritosa.click.si\/hr\/wp-json\/wp\/v2\/product_brand?post=21429"},{"taxonomy":"product_cat","embeddable":true,"href":"https:\/\/ritosa.click.si\/hr\/wp-json\/wp\/v2\/product_cat?post=21429"},{"taxonomy":"product_tag","embeddable":true,"href":"https:\/\/ritosa.click.si\/hr\/wp-json\/wp\/v2\/product_tag?post=21429"}],"curies":[{"name":"radni list","href":"https:\/\/api.w.org\/{rel}","templated":true}]}}