{"id":21426,"date":"2026-03-12T18:31:08","date_gmt":"2026-03-12T17:31:08","guid":{"rendered":"https:\/\/ritosa.click.si\/?post_type=product&#038;p=21426"},"modified":"2026-03-12T18:41:53","modified_gmt":"2026-03-12T17:41:53","slug":"plasc-cst-29-x-2-25-jack-rabbit-ii-grobi","status":"publish","type":"product","link":"https:\/\/ritosa.click.si\/hr\/ducan\/biciklizam\/oprema-za-biciklizam\/dodatna-oprema-in-rezervni-deli\/plasci\/mtb-plasci\/plasc-cst-29-x-2-25-jack-rabbit-ii-grobi\/","title":{"rendered":"Vanjska guma Jack Rabbit II CST 29 X 2.25"},"content":{"rendered":"<p>Lagana, brza i pouzdana brdska vanjska guma za bezbri\u017ene kilometre. UST certifikat omogu\u0107uje vo\u017enju bez zra\u010dnica, a EPS za\u0161tita u\u010dinkovito \u0161titi od probijanja. Idealan izbor za sve koji tra\u017ee savr\u0161enu kombinaciju brzine, prianjanja i sigurnosti.<\/p>","protected":false},"excerpt":{"rendered":"<p class=\"h1 productpage_title\">CST 29 X 2.25 Jack Rabbit II vanjska guma za grube terene.<\/p>","protected":false},"featured_media":21427,"template":"","meta":{"_acf_changed":false,"inline_featured_image":false},"product_brand":[2079],"product_cat":[610,518],"product_tag":[],"class_list":{"0":"post-21426","1":"product","2":"type-product","3":"status-publish","4":"has-post-thumbnail","6":"product_brand-cst","7":"product_cat-mtb-plasci","8":"product_cat-plasci","10":"first","11":"instock","12":"taxable","13":"shipping-taxable","14":"purchasable","15":"product-type-simple"},"acf":[],"_links":{"self":[{"href":"https:\/\/ritosa.click.si\/hr\/wp-json\/wp\/v2\/product\/21426","targetHints":{"allow":["GET"]}}],"collection":[{"href":"https:\/\/ritosa.click.si\/hr\/wp-json\/wp\/v2\/product"}],"about":[{"href":"https:\/\/ritosa.click.si\/hr\/wp-json\/wp\/v2\/types\/product"}],"wp:featuredmedia":[{"embeddable":true,"href":"https:\/\/ritosa.click.si\/hr\/wp-json\/wp\/v2\/media\/21427"}],"wp:attachment":[{"href":"https:\/\/ritosa.click.si\/hr\/wp-json\/wp\/v2\/media?parent=21426"}],"wp:term":[{"taxonomy":"product_brand","embeddable":true,"href":"https:\/\/ritosa.click.si\/hr\/wp-json\/wp\/v2\/product_brand?post=21426"},{"taxonomy":"product_cat","embeddable":true,"href":"https:\/\/ritosa.click.si\/hr\/wp-json\/wp\/v2\/product_cat?post=21426"},{"taxonomy":"product_tag","embeddable":true,"href":"https:\/\/ritosa.click.si\/hr\/wp-json\/wp\/v2\/product_tag?post=21426"}],"curies":[{"name":"radni list","href":"https:\/\/api.w.org\/{rel}","templated":true}]}}