{"id":21400,"date":"2026-03-12T17:48:11","date_gmt":"2026-03-12T16:48:11","guid":{"rendered":"https:\/\/ritosa.click.si\/?post_type=product&#038;p=21400"},"modified":"2026-03-12T18:13:41","modified_gmt":"2026-03-12T17:13:41","slug":"plasc-cst-28-x-1-5-8-x-13-8-platinum-protection","status":"publish","type":"product","link":"https:\/\/ritosa.click.si\/hr\/ducan\/biciklizam\/oprema-za-biciklizam\/dodatna-oprema-in-rezervni-deli\/plasci\/mestni-in-treking-plasci\/plasc-cst-28-x-1-5-8-x-13-8-platinum-protection\/","title":{"rendered":"Vanjska guma CST 28 X 1 5\/8 x 13\/8 platinum protection"},"content":{"rendered":"<p>Izvrsna kombinacija dvaju materijala. Gumena za\u0161tita od probijanja koja potiskuje o\u0161tre elemente i EPS sloj za no\u0161enje koji sprje\u010dava da o\u0161tri predmeti dodiruju unutarnji sloj. Stoga nudi dvostruku za\u0161titu!<\/p>\n<ul>\n<li>Reflektiraju\u0107a traka za bolju vidljivost.<\/li>\n<li>Izuzetno otporno na probijanje.<\/li>\n<li>Odobreno za elektri\u010dne bicikle koji posti\u017eu brzine do 50 km\/h.<\/li>\n<li>Razina: 7. razina otpornosti na probijanje.<\/li>\n<\/ul>","protected":false},"excerpt":{"rendered":"<p class=\"productpage_title\">Vanjska guma CST 28 X 1 5\/8 x 1 3\/8 (37-622) s reflektiraju\u0107om trakom i pove\u0107anom za\u0161titom od probijanja.<\/p>","protected":false},"featured_media":21402,"template":"","meta":{"_acf_changed":false,"inline_featured_image":false,"_monsterinsights_skip_tracking":false,"_monsterinsights_sitenote_active":false,"_monsterinsights_sitenote_note":"","_monsterinsights_sitenote_category":0},"product_brand":[2079],"product_cat":[611,518],"product_tag":[2255],"class_list":{"0":"post-21400","1":"product","2":"type-product","3":"status-publish","4":"has-post-thumbnail","6":"product_brand-cst","7":"product_cat-mestni-in-treking-plasci","8":"product_cat-plasci","9":"product_tag-plasc-cst","10":"pa_dimenzija-700-x-23-25","12":"first","13":"instock","14":"taxable","15":"shipping-taxable","16":"purchasable","17":"product-type-simple"},"acf":[],"aioseo_notices":[],"_links":{"self":[{"href":"https:\/\/ritosa.click.si\/hr\/wp-json\/wp\/v2\/product\/21400","targetHints":{"allow":["GET"]}}],"collection":[{"href":"https:\/\/ritosa.click.si\/hr\/wp-json\/wp\/v2\/product"}],"about":[{"href":"https:\/\/ritosa.click.si\/hr\/wp-json\/wp\/v2\/types\/product"}],"wp:featuredmedia":[{"embeddable":true,"href":"https:\/\/ritosa.click.si\/hr\/wp-json\/wp\/v2\/media\/21402"}],"wp:attachment":[{"href":"https:\/\/ritosa.click.si\/hr\/wp-json\/wp\/v2\/media?parent=21400"}],"wp:term":[{"taxonomy":"product_brand","embeddable":true,"href":"https:\/\/ritosa.click.si\/hr\/wp-json\/wp\/v2\/product_brand?post=21400"},{"taxonomy":"product_cat","embeddable":true,"href":"https:\/\/ritosa.click.si\/hr\/wp-json\/wp\/v2\/product_cat?post=21400"},{"taxonomy":"product_tag","embeddable":true,"href":"https:\/\/ritosa.click.si\/hr\/wp-json\/wp\/v2\/product_tag?post=21400"}],"curies":[{"name":"radni list","href":"https:\/\/api.w.org\/{rel}","templated":true}]}}