{"id":21159,"date":"2026-03-07T17:40:37","date_gmt":"2026-03-07T16:40:37","guid":{"rendered":"https:\/\/ritosa.click.si\/?post_type=product&#038;p=21159"},"modified":"2026-03-07T17:42:58","modified_gmt":"2026-03-07T16:42:58","slug":"marker-projector-white-clarity-mirror","status":"publish","type":"product","link":"https:\/\/ritosa.click.si\/hr\/ducan\/skijanje\/smucarska-oprema\/smucarska-ocala\/odrasla-smucarska-ocala\/marker-projector-white-clarity-mirror\/","title":{"rendered":"Marker Projector White-Clarity Mirror"},"content":{"rendered":"<p data-start=\"45\" data-end=\"374\">Skija\u0161ke nao\u010dale <strong data-start=\"61\" data-end=\"104\">Marker Projector White \/ Clarity Mirror<\/strong> zdru\u017eujejo minimalisti\u010den <strong data-start=\"131\" data-end=\"153\">brezokvirni dizajn<\/strong>, \u0161iroko vidno polje in visoko kakovostno optiko. Velika <strong data-start=\"210\" data-end=\"248\">sferi\u010dna Dual Bionomic dvojna le\u010da<\/strong> zagotavlja jasen, nepopa\u010den pogled na teren ter odli\u010dno zaznavanje detajlov na snegu.<\/p>\n<p data-start=\"376\" data-end=\"672\">Le\u010da <strong data-start=\"381\" data-end=\"408\">Clarity Mirror (Cat. 1)<\/strong> je primerna predvsem za <strong data-start=\"433\" data-end=\"480\">slab\u0161o vidljivost, obla\u010dne dni ali sne\u017eenje<\/strong>, saj prepu\u0161\u010da ve\u010d svetlobe in izbolj\u0161uje kontrast. Napreden <strong data-start=\"541\" data-end=\"562\">NMT Optics premaz<\/strong> odbija vodo, prah in umazanijo ter pomaga ohranjati jasno vidljivost.<\/p>\n<p data-start=\"674\" data-end=\"934\">Za udobje poskrbi <strong data-start=\"692\" data-end=\"712\">Xdry trojna pena<\/strong>, ki se dobro prilagodi obrazu in odvaja vlago, medtem ko <strong data-start=\"770\" data-end=\"802\">MarkAIR prezra\u010devalni sistem<\/strong> zmanj\u0161uje rosenje le\u010de. Trak s silikonskim oprijemom omogo\u010da stabilno prileganje na \u010deladi.<\/p>\n<h4 data-start=\"936\" data-end=\"950\"><strong data-start=\"936\" data-end=\"950\">Zna\u010dajke:<\/strong><\/h4>\n<ul data-start=\"951\" data-end=\"1417\">\n<li data-section-id=\"80ln86\" data-start=\"951\" data-end=\"1025\">\n<p data-start=\"953\" data-end=\"1025\">le\u010da <strong data-start=\"958\" data-end=\"985\">Clarity Mirror \u2013 Cat. 1<\/strong> (za obla\u010dne dni in slab\u0161o vidljivost)<\/p>\n<\/li>\n<li data-section-id=\"108st0u\" data-start=\"1026\" data-end=\"1090\">\n<p data-start=\"1028\" data-end=\"1090\"><strong data-start=\"1028\" data-end=\"1066\">Dual Bionomic sferi\u010dna dvojna le\u010da<\/strong> za \u0161iroko vidno polje<\/p>\n<\/li>\n<li data-section-id=\"s01tx6\" data-start=\"1091\" data-end=\"1145\">\n<p data-start=\"1093\" data-end=\"1145\"><strong data-start=\"1093\" data-end=\"1114\">NMT Optics premaz<\/strong> proti vodi, prahu in praskam<\/p>\n<\/li>\n<li data-section-id=\"16j0rrd\" data-start=\"1146\" data-end=\"1194\">\n<p data-start=\"1148\" data-end=\"1194\"><strong data-start=\"1148\" data-end=\"1171\">MarkAIR Ventilation<\/strong> sistem proti rosenju<\/p>\n<\/li>\n<li data-section-id=\"11vg64h\" data-start=\"1195\" data-end=\"1229\">\n<p data-start=\"1197\" data-end=\"1229\"><strong data-start=\"1197\" data-end=\"1217\">Xdry trojna pena<\/strong> za udobje<\/p>\n<\/li>\n<li data-section-id=\"1ejf4qp\" data-start=\"1230\" data-end=\"1290\">\n<p data-start=\"1232\" data-end=\"1290\">trak s <strong data-start=\"1239\" data-end=\"1264\">silikonskim oprijemom<\/strong> za stabilnost na \u010deladi<\/p>\n<\/li>\n<li data-section-id=\"157hhck\" data-start=\"1291\" data-end=\"1321\">\n<p data-start=\"1293\" data-end=\"1321\"><strong data-start=\"1293\" data-end=\"1319\">100 % UV A\/B\/C za\u0161\u010dita<\/strong><\/p>\n<\/li>\n<li data-section-id=\"smpmk2\" data-start=\"1322\" data-end=\"1417\">\n<p data-start=\"1324\" data-end=\"1417\">veli\u010dina <strong data-start=\"1333\" data-end=\"1347\">Medium Fit<\/strong> (primerna za ve\u010dino odraslih)<\/p>\n<\/li>\n<\/ul>","protected":false},"excerpt":{"rendered":"<p>Smu\u010darska o\u010dala Marker Projector White-Clarity Mirror<\/p>","protected":false},"featured_media":21161,"template":"","meta":{"_acf_changed":false,"inline_featured_image":false},"product_brand":[2242],"product_cat":[606,607],"product_tag":[],"class_list":{"0":"post-21159","1":"product","2":"type-product","3":"status-publish","4":"has-post-thumbnail","6":"product_brand-marker","7":"product_cat-odrasla-smucarska-ocala","8":"product_cat-otroska-smucarska-ocala","10":"first","11":"instock","12":"sale","13":"taxable","14":"shipping-taxable","15":"purchasable","16":"product-type-simple"},"acf":[],"_links":{"self":[{"href":"https:\/\/ritosa.click.si\/hr\/wp-json\/wp\/v2\/product\/21159","targetHints":{"allow":["GET"]}}],"collection":[{"href":"https:\/\/ritosa.click.si\/hr\/wp-json\/wp\/v2\/product"}],"about":[{"href":"https:\/\/ritosa.click.si\/hr\/wp-json\/wp\/v2\/types\/product"}],"wp:featuredmedia":[{"embeddable":true,"href":"https:\/\/ritosa.click.si\/hr\/wp-json\/wp\/v2\/media\/21161"}],"wp:attachment":[{"href":"https:\/\/ritosa.click.si\/hr\/wp-json\/wp\/v2\/media?parent=21159"}],"wp:term":[{"taxonomy":"product_brand","embeddable":true,"href":"https:\/\/ritosa.click.si\/hr\/wp-json\/wp\/v2\/product_brand?post=21159"},{"taxonomy":"product_cat","embeddable":true,"href":"https:\/\/ritosa.click.si\/hr\/wp-json\/wp\/v2\/product_cat?post=21159"},{"taxonomy":"product_tag","embeddable":true,"href":"https:\/\/ritosa.click.si\/hr\/wp-json\/wp\/v2\/product_tag?post=21159"}],"curies":[{"name":"radni list","href":"https:\/\/api.w.org\/{rel}","templated":true}]}}