{"id":21140,"date":"2026-03-07T16:27:47","date_gmt":"2026-03-07T15:27:47","guid":{"rendered":"https:\/\/ritosa.click.si\/?post_type=product&#038;p=21140"},"modified":"2026-03-07T16:28:25","modified_gmt":"2026-03-07T15:28:25","slug":"alpina-falera-mag-q-lite-black-glacier","status":"publish","type":"product","link":"https:\/\/ritosa.click.si\/hr\/ducan\/skijanje\/smucarska-oprema\/smucarska-ocala\/odrasla-smucarska-ocala\/alpina-falera-mag-q-lite-black-glacier\/","title":{"rendered":"Alpina Falera Mag Q-Lite crno-glacier"},"content":{"rendered":"<div class=\"product-short-description\">\n<p>Sonce, obla\u010dno vreme, sne\u017eenje \u2013 za Falera Mag Q-Lite to ni nobena te\u017eava. Smu\u010darska o\u010dala z magnetno zamenljivimi le\u010dami so popolna za vse razmere. Falera Mag Q-Lite bodo navdu\u0161ila vse ljubitelje zimskih \u0161portov. Sferi\u010dna le\u010da je magnetno pritrjena na okvir o\u010dal in jo je mogo\u010de enostavno zamenjati, kar omogo\u010da hitro prilagajanje trenutnim svetlobnim pogojem zjutraj, med kosilom ali pred vsakim spustom.<\/p>\n<p>Falera Mag Q-Lite vklju\u010dujejo nele\u010deno ro\u017enato kontrastno izbolj\u0161evalno le\u010do S1 Q-Lite in prevle\u010deno kontrastno izbolj\u0161evalno le\u010do S2 Q-Lite, kar zagotavlja optimalno vidljivost tudi ob spreminjajo\u010di se svetlobi. Zaradi velike le\u010de in brezokvirnega dizajna je vid z o\u010dali izjemno oster, jasen in skoraj neomejen. Konstrukcija omogo\u010da tudi udobno uporabo ve\u010dine korekcijskih o\u010dal pod smu\u010darskimi o\u010dali. \u0160irok 50 mm trak s silikonskimi vlo\u017eki poskrbi, da o\u010dala varno in brez drsenja ostanejo na \u010deladi.<\/p>\n<ul>\n<li>Magnetni sistem menjave le\u010d &#8211; dovr\u0161en sistem omogo\u010da hitro in enostavno zamenjavo le\u010d z uporabo magnetov, kar pomeni, da se prilagodi\u0161 spreminjajo\u010di se svetlobi brez izgube \u010dasa.<\/li>\n<li>Q-Lite le\u010de &#8211; set vklju\u010duje dve le\u010di: S1 Q-Lite (ro\u017enata), ki izbolj\u0161a kontrast in vidljivost v obla\u010dnih, meglenih in na splo\u0161no slab\u0161ih vremenskih pogojih; in S2 Q-Lite (temna), primerna za mo\u010dno sonce.<\/li>\n<li>Sferi\u010dna le\u010da z brezokvirno zasnovo &#8211; za skoraj neomejeno panoramsko vidno polje, zmanj\u0161anje opti\u010dnih popa\u010denj in bolj\u0161o mero udobja, \u0161e posebej pri dinami\u010dnih gibanju kot je smuka ali deskanje.<\/li>\n<li>OTG (Over The Glasses) zdru\u017eljivost &#8211; o\u010dala so zasnovana tako, da se jih lahko nosi preko korekcijskih o\u010dal brez pritiska ali neudobja.<\/li>\n<li>Premaz proti rosenju \u201cFogstop\u201d &#8211; notranja povr\u0161ina le\u010d ima premaz, ki pomaga prepre\u010devati ro\u0161enje in zagotavlja jasen pogled v spremenljivih temperaturah in vla\u017enosti.<\/li>\n<li>\u0160irok trak z anti-slip lastnostmi (Skid Grip) \u2014 trak je dovolj \u0161irok in oja\u010dan, da o\u010dala \u201cdr\u017eijo\u201d na \u010deladi tudi pri dinami\u010dni vo\u017enji brez drsenja.<\/li>\n<li>UV za\u0161\u010dita &#8211; popolna za\u0161\u010dita pred UVA, UVB in UVC \u017earki<\/li>\n<\/ul>\n<\/div>","protected":false},"excerpt":{"rendered":"<p>Smu\u010darska o\u010dala\u00a0Alpina Falera Mag Q-Lite<\/p>","protected":false},"featured_media":21139,"template":"","meta":{"_acf_changed":false,"inline_featured_image":false,"_monsterinsights_skip_tracking":false,"_monsterinsights_sitenote_active":false,"_monsterinsights_sitenote_note":"","_monsterinsights_sitenote_category":0},"product_brand":[678],"product_cat":[606],"product_tag":[],"class_list":{"0":"post-21140","1":"product","2":"type-product","3":"status-publish","4":"has-post-thumbnail","6":"product_brand-alpina","7":"product_cat-odrasla-smucarska-ocala","9":"first","10":"instock","11":"sale","12":"taxable","13":"shipping-taxable","14":"purchasable","15":"product-type-simple"},"acf":[],"aioseo_notices":[],"_links":{"self":[{"href":"https:\/\/ritosa.click.si\/hr\/wp-json\/wp\/v2\/product\/21140","targetHints":{"allow":["GET"]}}],"collection":[{"href":"https:\/\/ritosa.click.si\/hr\/wp-json\/wp\/v2\/product"}],"about":[{"href":"https:\/\/ritosa.click.si\/hr\/wp-json\/wp\/v2\/types\/product"}],"wp:featuredmedia":[{"embeddable":true,"href":"https:\/\/ritosa.click.si\/hr\/wp-json\/wp\/v2\/media\/21139"}],"wp:attachment":[{"href":"https:\/\/ritosa.click.si\/hr\/wp-json\/wp\/v2\/media?parent=21140"}],"wp:term":[{"taxonomy":"product_brand","embeddable":true,"href":"https:\/\/ritosa.click.si\/hr\/wp-json\/wp\/v2\/product_brand?post=21140"},{"taxonomy":"product_cat","embeddable":true,"href":"https:\/\/ritosa.click.si\/hr\/wp-json\/wp\/v2\/product_cat?post=21140"},{"taxonomy":"product_tag","embeddable":true,"href":"https:\/\/ritosa.click.si\/hr\/wp-json\/wp\/v2\/product_tag?post=21140"}],"curies":[{"name":"radni list","href":"https:\/\/api.w.org\/{rel}","templated":true}]}}