{"id":21127,"date":"2026-03-07T16:12:14","date_gmt":"2026-03-07T15:12:14","guid":{"rendered":"https:\/\/ritosa.click.si\/?post_type=product&#038;p=21127"},"modified":"2026-03-07T16:12:59","modified_gmt":"2026-03-07T15:12:59","slug":"alpina-taos-q-lite-white","status":"publish","type":"product","link":"https:\/\/ritosa.click.si\/hr\/ducan\/skijanje\/smucarska-oprema\/smucarska-ocala\/odrasla-smucarska-ocala\/alpina-taos-q-lite-white\/","title":{"rendered":"Alpina Taos Q-Lite bijela"},"content":{"rendered":"<div class=\"product-short-description\">\n<p>TAOS su nao\u010dale za aktivne ljubitelje zimskih sportova koji pridaju veliku va\u017enost ne samo svojim performansama, ve\u0107 i izgledu. TAOS je moderan i omogu\u0107uje brojne stilske kombinacije. Skija\u0161ke nao\u010dale nisu pretjerano velike, ali ipak izra\u017eavaju smjelost svojim dizajnom. Nao\u010dale imaju dvostruku Q-LITE le\u0107u koja pove\u0107ava kontrast. Le\u0107a tako\u0111er ima zrcalnu refleksijsku le\u0107u koja apsorbira IR zrake i tako \u0161titi o\u010di, dok su le\u0107e otporne na ogrebotine i pru\u017eaju 100% UV za\u0161titu. Udoban okvir je dobro prozra\u010den i nudi prostor za korekcijske nao\u010dale ispod. Velika le\u0107a tako\u0111er nudi izvrstan vid u svim smjerovima. TAOS je proizveden u Njema\u010dkoj od recikliranih i biolo\u0161kih materijala. Razina zatamnjenja: S2<\/p>\n<ul>\n<li>Q-lite le\u010da:\u00a0odbija infrarde\u010de \u017earke in tako zmanj\u0161a obremenitev o\u010di hkrati pa pove\u010da kontraste<\/li>\n<li>Mirror (M):\u00a0le\u010da z mo\u010dno odsevno plastjo \u0161\u010diti pred ble\u0161\u010danjem in infrarde\u010do svetlobo<\/li>\n<li>Fogstop: je premaz na notranji strani le\u010d za za\u0161\u010dito o\u010dal pred rosenjem<\/li>\n<li>Doublelens thermoblock: smu\u010darska o\u010dala z dvojnimi le\u010dami, ki ju lo\u010duje zrak med njima<\/li>\n<li>180\u00b0+ view: Alpina smu\u010darska o\u010dala s 180\u00b0+ pogledom imajo \u0161e ve\u010dje vidno polje kot je zahtevano po CE standardu<\/li>\n<li>Comfort frame: Za\u0161\u010ditna o\u010dala so ergonomi\u010dno oblikovana in se tako optimalno prilegajo vsaki obliki obraza<\/li>\n<li>Venting lens: Zra\u010dne odprtine na le\u010dah zagotavljajo dobro zra\u010denje notranjosti o\u010dal. To posledi\u010dno u\u010dinkovito prepre\u010duje rosenje le\u010d<\/li>\n<li>Ventilacija okvira: Otvori na bo\u010dnim i donjim rubovima okvira omogu\u0107uju protok zraka u unutra\u0161njost nao\u010dala, sprje\u010davaju\u0107i zamagljivanje le\u0107a.<\/li>\n<li>Rimless: Smu\u010darska o\u010dala brez vidnega okvirja imajo ve\u010dje vidno polje<\/li>\n<li>OTG\u00a0\u2013 O\u010dala se lahko nosijo skupaj z va\u0161imi korekcijskimi o\u010dali.<\/li>\n<\/ul>\n<\/div>","protected":false},"excerpt":{"rendered":"<p>Alpina Taos Q-Lite skija\u0161ke nao\u010dale za odrasle<\/p>","protected":false},"featured_media":21093,"template":"","meta":{"_acf_changed":false,"inline_featured_image":false,"_monsterinsights_skip_tracking":false,"_monsterinsights_sitenote_active":false,"_monsterinsights_sitenote_note":"","_monsterinsights_sitenote_category":0},"product_brand":[678],"product_cat":[606],"product_tag":[],"class_list":{"0":"post-21127","1":"product","2":"type-product","3":"status-publish","4":"has-post-thumbnail","6":"product_brand-alpina","7":"product_cat-odrasla-smucarska-ocala","9":"first","10":"instock","11":"sale","12":"taxable","13":"shipping-taxable","14":"purchasable","15":"product-type-simple"},"acf":[],"aioseo_notices":[],"_links":{"self":[{"href":"https:\/\/ritosa.click.si\/hr\/wp-json\/wp\/v2\/product\/21127","targetHints":{"allow":["GET"]}}],"collection":[{"href":"https:\/\/ritosa.click.si\/hr\/wp-json\/wp\/v2\/product"}],"about":[{"href":"https:\/\/ritosa.click.si\/hr\/wp-json\/wp\/v2\/types\/product"}],"wp:featuredmedia":[{"embeddable":true,"href":"https:\/\/ritosa.click.si\/hr\/wp-json\/wp\/v2\/media\/21093"}],"wp:attachment":[{"href":"https:\/\/ritosa.click.si\/hr\/wp-json\/wp\/v2\/media?parent=21127"}],"wp:term":[{"taxonomy":"product_brand","embeddable":true,"href":"https:\/\/ritosa.click.si\/hr\/wp-json\/wp\/v2\/product_brand?post=21127"},{"taxonomy":"product_cat","embeddable":true,"href":"https:\/\/ritosa.click.si\/hr\/wp-json\/wp\/v2\/product_cat?post=21127"},{"taxonomy":"product_tag","embeddable":true,"href":"https:\/\/ritosa.click.si\/hr\/wp-json\/wp\/v2\/product_tag?post=21127"}],"curies":[{"name":"radni list","href":"https:\/\/api.w.org\/{rel}","templated":true}]}}