{"id":21054,"date":"2026-03-07T12:08:01","date_gmt":"2026-03-07T11:08:01","guid":{"rendered":"https:\/\/ritosa.click.si\/?post_type=product&#038;p=21054"},"modified":"2026-03-07T12:12:07","modified_gmt":"2026-03-07T11:12:07","slug":"leki-trigger-vario-strap-v2","status":"publish","type":"product","link":"https:\/\/ritosa.click.si\/hr\/ducan\/skijanje\/smucarska-oprema\/smucarske-palice\/odrasle-smucarske-palice\/leki-trigger-vario-strap-v2\/","title":{"rendered":"Leki Trigger Vario Strap V2"},"content":{"rendered":"<p data-end=\"793\" data-start=\"442\">Smu\u010darski pa\u0161\u010dki\u00a0<strong data-end=\"490\" data-start=\"459\">LEKI Trigger Vario Strap V2<\/strong>\u00a0so nadomestni pa\u0161\u010dki za smu\u010darske palice z\u00a0<strong data-end=\"556\" data-start=\"534\">Trigger S sistemom<\/strong>\u00a0in so zasnovani za vse smu\u010darje, ki potrebujejo zanesljivo, udobno in enostavno nastavljivo re\u0161itev. Zahvaljujo\u010d\u00a0<strong data-end=\"701\" data-start=\"670\">neprekinjeni nastavljivosti<\/strong>\u00a0ter prakti\u010dnemu zapiranju na je\u017eka (hook and loop) omogo\u010dajo popolno prileganje vsaki roki.<\/p>\n<p data-end=\"1053\" data-start=\"795\">Pa\u0161\u010dki so izdelani z mislijo na\u00a0<strong data-end=\"846\" data-start=\"827\">alpsko smu\u010danje<\/strong>, kjer sta kontrola in varnost klju\u010dnega pomena. Sistem Trigger zagotavlja hitro pripenjanje in odpenjanje palic, medtem ko udoben in stabilen oprijem omogo\u010da samozavesten nadzor na snegu, ne glede na teren.<\/p>\n<p data-end=\"1225\" data-start=\"1055\">LEKI Trigger Vario Strap V2 je idealna izbira za vse, ki \u017eelijo\u00a0<strong data-end=\"1151\" data-start=\"1119\">kakovostne nadomestne pa\u0161\u010dke<\/strong>\u00a0za svoje smu\u010darske palice ter maksimalno funkcionalnost pri vsaki vo\u017enji.<\/p>\n<h4 data-end=\"1256\" data-start=\"1232\"><strong data-end=\"1256\" data-start=\"1235\">Klju\u010dne prednosti:<\/strong><\/h4>\n<ul data-end=\"1519\" data-start=\"1257\">\n<li data-end=\"1307\" data-start=\"1257\">\n<p data-end=\"1307\" data-start=\"1259\"><strong data-end=\"1272\" data-start=\"1259\">Trigger S<\/strong>\u00a0nadomestni pa\u0161\u010dki za palice LEKI<\/p>\n<\/li>\n<li data-end=\"1359\" data-start=\"1308\">\n<p data-end=\"1359\" data-start=\"1310\"><strong data-end=\"1335\" data-start=\"1310\">Neskon\u010dno nastavljivi<\/strong>\u00a0za popolno prileganje<\/p>\n<\/li>\n<li data-end=\"1432\" data-start=\"1360\">\n<p data-end=\"1432\" data-start=\"1362\">Zapiranje na\u00a0<strong data-end=\"1400\" data-start=\"1375\">je\u017eka (hook and loop)<\/strong>\u00a0za hitro in enostavno uporabo<\/p>\n<\/li>\n<li data-end=\"1463\" data-start=\"1433\">\n<p data-end=\"1463\" data-start=\"1435\">Stabilen in udoben oprijem<\/p>\n<\/li>\n<li data-end=\"1519\" data-start=\"1464\">\n<p data-end=\"1519\" data-start=\"1466\">Idealni za\u00a0<strong data-end=\"1496\" data-start=\"1477\">alpsko smu\u010danje<\/strong>\u00a0in vsakodnevno uporabo<\/p>\n<\/li>\n<\/ul>","protected":false},"excerpt":{"rendered":"<p>Nadomestni smu\u010darski pa\u0161\u010dki <strong data-end=\"490\" data-start=\"459\">LEKI Trigger Vario Strap V2<\/strong> za smu\u010darske palice z\u00a0<strong data-end=\"556\" data-start=\"534\">Trigger S sistemom.<\/strong><\/p>","protected":false},"featured_media":21056,"template":"","meta":{"_acf_changed":false,"inline_featured_image":false},"product_brand":[691],"product_cat":[597,596],"product_tag":[],"class_list":{"0":"post-21054","1":"product","2":"type-product","3":"status-publish","4":"has-post-thumbnail","6":"product_brand-leki","7":"product_cat-odrasle-smucarske-palice","8":"product_cat-otroske-smucarske-palice","9":"pa_velikost-s-m-l","11":"first","12":"instock","13":"taxable","14":"shipping-taxable","15":"purchasable","16":"product-type-variable"},"acf":[],"_links":{"self":[{"href":"https:\/\/ritosa.click.si\/hr\/wp-json\/wp\/v2\/product\/21054","targetHints":{"allow":["GET"]}}],"collection":[{"href":"https:\/\/ritosa.click.si\/hr\/wp-json\/wp\/v2\/product"}],"about":[{"href":"https:\/\/ritosa.click.si\/hr\/wp-json\/wp\/v2\/types\/product"}],"wp:featuredmedia":[{"embeddable":true,"href":"https:\/\/ritosa.click.si\/hr\/wp-json\/wp\/v2\/media\/21056"}],"wp:attachment":[{"href":"https:\/\/ritosa.click.si\/hr\/wp-json\/wp\/v2\/media?parent=21054"}],"wp:term":[{"taxonomy":"product_brand","embeddable":true,"href":"https:\/\/ritosa.click.si\/hr\/wp-json\/wp\/v2\/product_brand?post=21054"},{"taxonomy":"product_cat","embeddable":true,"href":"https:\/\/ritosa.click.si\/hr\/wp-json\/wp\/v2\/product_cat?post=21054"},{"taxonomy":"product_tag","embeddable":true,"href":"https:\/\/ritosa.click.si\/hr\/wp-json\/wp\/v2\/product_tag?post=21054"}],"curies":[{"name":"radni list","href":"https:\/\/api.w.org\/{rel}","templated":true}]}}