{"id":20950,"date":"2026-03-06T20:00:22","date_gmt":"2026-03-06T19:00:22","guid":{"rendered":"https:\/\/ritosa.click.si\/?post_type=product&#038;p=20950"},"modified":"2026-03-06T20:10:17","modified_gmt":"2026-03-06T19:10:17","slug":"marker-companion-2","status":"publish","type":"product","link":"https:\/\/ritosa.click.si\/hr\/ducan\/skijanje\/smucarska-oprema\/smucarske-celade\/odrasle-smucarske-celade\/marker-companion-2\/","title":{"rendered":"Marker Companion+"},"content":{"rendered":"<p>Marker Companion je moderna skija\u0161ka kaciga s laganom te\u017einom. <strong data-start=\"173\" data-end=\"197\">Konstrukcija u kalupu<\/strong>, koji pru\u017ea pouzdanu za\u0161titu i udobnost tijekom cijelog dana na skijali\u0161tima. Sustav <strong data-start=\"276\" data-end=\"294\">RTS sustav prilago\u0111avanja<\/strong> omogu\u0107uje brzo i precizno pode\u0161avanje veli\u010dine, sustav ventilacije <strong data-start=\"366\" data-end=\"385\">MarkAIR kanal<\/strong> osigurava u\u010dinkovitu cirkulaciju zraka i ugodnu temperaturu tijekom skijanja. Unutarnja podstava <strong data-start=\"480\" data-end=\"500\">Xdry performanse<\/strong> Odvodi vlagu i zadr\u017eava toplinu, dok uklonjivi jastu\u010di\u0107i za u\u0161i pove\u0107avaju udobnost u razli\u010ditim vremenskim uvjetima.<\/p>\n<h4 data-section-id=\"1xgzajh\" data-start=\"619\" data-end=\"644\"><strong data-start=\"623\" data-end=\"644\">Klju\u010dne zna\u010dajke<\/strong><\/h4>\n<ul data-start=\"645\" data-end=\"952\">\n<li data-section-id=\"cwiu1m\" data-start=\"645\" data-end=\"700\">\n<p data-start=\"647\" data-end=\"700\"><strong data-start=\"647\" data-end=\"671\">Konstrukcija u kalupu<\/strong> \u2013 lagana i izdr\u017eljiva za\u0161tita<\/p>\n<\/li>\n<li data-section-id=\"a0buqz\" data-start=\"701\" data-end=\"755\">\n<p data-start=\"703\" data-end=\"755\"><strong data-start=\"703\" data-end=\"721\">RTS sustav prilago\u0111avanja<\/strong> \u2013 precizno pode\u0161avanje veli\u010dine<\/p>\n<\/li>\n<li data-section-id=\"efss4r\" data-start=\"756\" data-end=\"820\">\n<p data-start=\"758\" data-end=\"820\"><strong data-start=\"758\" data-end=\"791\">MarkAIR kanalna ventilacija<\/strong> \u2013 optimalna cirkulacija zraka<\/p>\n<\/li>\n<li data-section-id=\"lf9xdr\" data-start=\"821\" data-end=\"886\">\n<p data-start=\"823\" data-end=\"886\"><strong data-start=\"823\" data-end=\"851\">Xdry Performance podstava<\/strong> \u2013 udobne, prozra\u010dne i brzosu\u0161e\u0107e<\/p>\n<\/li>\n<li data-section-id=\"m6xi2d\" data-start=\"887\" data-end=\"921\">\n<p data-start=\"889\" data-end=\"921\"><strong data-start=\"889\" data-end=\"919\">Uklonjivi jastu\u010di\u0107i za u\u0161i<\/strong><\/p>\n<\/li>\n<li data-section-id=\"1ngdkuy\" data-start=\"922\" data-end=\"952\">\n<p data-start=\"924\" data-end=\"952\"><strong data-start=\"924\" data-end=\"952\">Kop\u010da za skija\u0161ke nao\u010dale<\/strong><\/p>\n<\/li>\n<\/ul>\n<h4 data-section-id=\"iz2t3m\" data-start=\"959\" data-end=\"989\"><strong data-start=\"963\" data-end=\"989\">Tehni\u010dke specifikacije<\/strong><\/h4>\n<div class=\"TyagGW_tableContainer\">\n<div class=\"group TyagGW_tableWrapper flex flex-col-reverse w-fit\">\n<table class=\"w-fit min-w-(--thread-content-width)\" data-start=\"991\" data-end=\"1258\" data-is-last-node=\"\" data-is-only-node=\"\">\n<thead data-start=\"991\" data-end=\"1013\"><\/thead>\n<tbody data-start=\"1024\" data-end=\"1258\" data-is-last-node=\"\">\n<tr data-start=\"1024\" data-end=\"1050\">\n<td data-start=\"1024\" data-end=\"1039\" data-col-size=\"sm\">Gra\u0111evinarstvo<\/td>\n<td data-col-size=\"sm\" data-start=\"1039\" data-end=\"1050\">U kalupu<\/td>\n<\/tr>\n<tr data-start=\"1051\" data-end=\"1091\">\n<td data-start=\"1051\" data-end=\"1073\" data-col-size=\"sm\">Sustav pode\u0161avanja<\/td>\n<td data-col-size=\"sm\" data-start=\"1073\" data-end=\"1091\">RTS sustav prilago\u0111avanja<\/td>\n<\/tr>\n<tr data-start=\"1092\" data-end=\"1134\">\n<td data-start=\"1092\" data-end=\"1108\" data-col-size=\"sm\">Ventilacija<\/td>\n<td data-col-size=\"sm\" data-start=\"1108\" data-end=\"1134\">MarkAIR kanalni sustav<\/td>\n<\/tr>\n<tr data-start=\"1135\" data-end=\"1165\">\n<td data-start=\"1135\" data-end=\"1145\" data-col-size=\"sm\">Oblaganje<\/td>\n<td data-col-size=\"sm\" data-start=\"1145\" data-end=\"1165\">Xdry performanse<\/td>\n<\/tr>\n<tr data-start=\"1166\" data-end=\"1192\">\n<td data-start=\"1166\" data-end=\"1173\" data-col-size=\"sm\">Te\u017eina<\/td>\n<td data-col-size=\"sm\" data-start=\"1173\" data-end=\"1192\">otprilike 440 g<\/td>\n<\/tr>\n<tr data-start=\"1193\" data-end=\"1223\">\n<td data-start=\"1193\" data-end=\"1204\" data-col-size=\"sm\">Standard<\/td>\n<td data-start=\"1204\" data-end=\"1223\" data-col-size=\"sm\">CE EN 1077:2007<\/td>\n<\/tr>\n<\/tbody>\n<\/table>\n<\/div>\n<\/div>","protected":false},"excerpt":{"rendered":"<p>Marker Companion+ skija\u0161ka kaciga<\/p>\n<p>Lagana i udobna kaciga za sigurno skijanje u svim uvjetima.<\/p>","protected":false},"featured_media":20953,"template":"","meta":{"_acf_changed":false,"inline_featured_image":false,"_monsterinsights_skip_tracking":false,"_monsterinsights_sitenote_active":false,"_monsterinsights_sitenote_note":"","_monsterinsights_sitenote_category":0},"product_brand":[2242],"product_cat":[509],"product_tag":[],"class_list":{"0":"post-20950","1":"product","2":"type-product","3":"status-publish","4":"has-post-thumbnail","6":"product_brand-marker","7":"product_cat-odrasle-smucarske-celade","8":"pa_velikost-55-59","10":"first","11":"instock","12":"sale","13":"taxable","14":"shipping-taxable","15":"purchasable","16":"product-type-variable"},"acf":[],"aioseo_notices":[],"_links":{"self":[{"href":"https:\/\/ritosa.click.si\/hr\/wp-json\/wp\/v2\/product\/20950","targetHints":{"allow":["GET"]}}],"collection":[{"href":"https:\/\/ritosa.click.si\/hr\/wp-json\/wp\/v2\/product"}],"about":[{"href":"https:\/\/ritosa.click.si\/hr\/wp-json\/wp\/v2\/types\/product"}],"wp:featuredmedia":[{"embeddable":true,"href":"https:\/\/ritosa.click.si\/hr\/wp-json\/wp\/v2\/media\/20953"}],"wp:attachment":[{"href":"https:\/\/ritosa.click.si\/hr\/wp-json\/wp\/v2\/media?parent=20950"}],"wp:term":[{"taxonomy":"product_brand","embeddable":true,"href":"https:\/\/ritosa.click.si\/hr\/wp-json\/wp\/v2\/product_brand?post=20950"},{"taxonomy":"product_cat","embeddable":true,"href":"https:\/\/ritosa.click.si\/hr\/wp-json\/wp\/v2\/product_cat?post=20950"},{"taxonomy":"product_tag","embeddable":true,"href":"https:\/\/ritosa.click.si\/hr\/wp-json\/wp\/v2\/product_tag?post=20950"}],"curies":[{"name":"radni list","href":"https:\/\/api.w.org\/{rel}","templated":true}]}}