{"id":20929,"date":"2026-03-06T19:24:58","date_gmt":"2026-03-06T18:24:58","guid":{"rendered":"https:\/\/ritosa.click.si\/?post_type=product&#038;p=20929"},"modified":"2026-03-06T19:27:25","modified_gmt":"2026-03-06T18:27:25","slug":"alpina-kroon-mips-black","status":"publish","type":"product","link":"https:\/\/ritosa.click.si\/hr\/ducan\/skijanje\/smucarska-oprema\/smucarske-celade\/odrasle-smucarske-celade\/alpina-kroon-mips-black\/","title":{"rendered":"Alpina Kroon Mips \u2013 crne"},"content":{"rendered":"<p>Kaciga Kroon Mips dizajnirana je za skija\u0161ke i snowboard avanture, za optimalnu sigurnost na snijegu i savr\u0161en dan u planinama. Ima sve \u0161to sigurna i moderna skija\u0161ka kaciga treba imati. Sastoji se od Hi-EPS jezgre koja apsorbira udarce pri padovima i robusne ljuske koja je dostupna u \u0161irokom rasponu boja. Mekana podstava koja se mo\u017ee ukloniti i o\u010distiti osigurava optimalnu udobnost. Kroon je tako\u0111er opremljen Mips tehnologijom, \u0161to zna\u010di da je unutarnja ljuska kacige fleksibilna i smanjuje rotacijske sile na mozak u slu\u010daju pada. Me\u0111utim, to ne zna\u010di da se kaciga stalno pomi\u010de naprijed-natrag kada je imate na glavi. Ventilacija, koja se mo\u017ee ru\u010dno zatvoriti u hladnim danima, unosi svje\u017e zrak u kacigu. Sustav pode\u0161avanja veli\u010dine Ergo Snow omogu\u0107uje individualno pode\u0161avanje Kroon Mipsa glavi korisnika.<\/p>\n<p>Zna\u010dajke:<\/p>\n<ul>\n<li>Inmold: tehnologija uklju\u010duje zagrijavanje vanjske polikarbonatne ljuske na visoku temperaturu i pe\u010denje na EPS ljusci pod visokim tlakom. Proces stvara trajnu vezu preko cijele povr\u0161ine vanjske i unutarnje ljuske, \u010dine\u0107i kacigu izuzetno laganom i stabilnom;<\/li>\n<li>MIPS: Multi-Directional Impact Protection System je tehnologija koja smanjuje rotacijske sile koje nastaju tijekom pada ili udara glavom. U slu\u010daju udara u kacigu, prvo djeluje tvrda vanjska ljuska. Zatim se komprimira unutarnja pjenasta ljuska, koja priti\u0161\u0107e MIPS sloj. Budu\u0107i da je trenje izme\u0111u dva sloja vrlo nisko, ljuska ne priti\u0161\u0107e glavu, ve\u0107 lagano klizi u smjeru udara. Ovo kretanje je dovoljno da drasti\u010dno smanji silu i time posljedice udara glavom.<\/li>\n<li>Provjerena i testirana ergonomska kop\u010da koristi se na svim Alpina kacigama. Vi\u0161estupanjsko pode\u0161avanje, kontrolira se samo jednom rukom. Kop\u010da se tako\u0111er ne mo\u017ee sama odkop\u010dati u slu\u010daju nesre\u0107e.<\/li>\n<li>Regulacija protoka zraka: omogu\u0107uje optimalnu ventilaciju i udobnost;<\/li>\n<li>Run system Ergo Snow: Podesivi sustav za prilago\u0111avanje veli\u010dine skija\u0161ke kacige bilo kojem obliku glave, osiguravaju\u0107i udobnost i savr\u0161eno pristajanje<\/li>\n<li>Za\u0161tita rubova: dodatno oja\u010dani rubovi \u0161tite kacigu od udaraca<\/li>\n<li>Y-kop\u010da: Y-KOP\u010cA spaja prednje i stra\u017enje remene ispod u\u0161iju, omogu\u0107uju\u0107i optimalno pristajanje kacige<\/li>\n<li>Uklonjiva i periva tekstilna podstava i uklonjivi jastu\u010di\u0107i za u\u0161i<\/li>\n<li>Topli grija\u010d za vrat<\/li>\n<\/ul>","protected":false},"excerpt":{"rendered":"<p>Skija\u0161ka kaciga za odrasle Alpina Kroon Mips<\/p>","protected":false},"featured_media":20931,"template":"","meta":{"_acf_changed":false,"inline_featured_image":false,"_monsterinsights_skip_tracking":false,"_monsterinsights_sitenote_active":false,"_monsterinsights_sitenote_note":"","_monsterinsights_sitenote_category":0},"product_brand":[678],"product_cat":[509],"product_tag":[],"class_list":{"0":"post-20929","1":"product","2":"type-product","3":"status-publish","4":"has-post-thumbnail","6":"product_brand-alpina","7":"product_cat-odrasle-smucarske-celade","8":"pa_velikost-51-55","10":"first","11":"instock","12":"sale","13":"taxable","14":"shipping-taxable","15":"purchasable","16":"product-type-variable"},"acf":[],"aioseo_notices":[],"_links":{"self":[{"href":"https:\/\/ritosa.click.si\/hr\/wp-json\/wp\/v2\/product\/20929","targetHints":{"allow":["GET"]}}],"collection":[{"href":"https:\/\/ritosa.click.si\/hr\/wp-json\/wp\/v2\/product"}],"about":[{"href":"https:\/\/ritosa.click.si\/hr\/wp-json\/wp\/v2\/types\/product"}],"wp:featuredmedia":[{"embeddable":true,"href":"https:\/\/ritosa.click.si\/hr\/wp-json\/wp\/v2\/media\/20931"}],"wp:attachment":[{"href":"https:\/\/ritosa.click.si\/hr\/wp-json\/wp\/v2\/media?parent=20929"}],"wp:term":[{"taxonomy":"product_brand","embeddable":true,"href":"https:\/\/ritosa.click.si\/hr\/wp-json\/wp\/v2\/product_brand?post=20929"},{"taxonomy":"product_cat","embeddable":true,"href":"https:\/\/ritosa.click.si\/hr\/wp-json\/wp\/v2\/product_cat?post=20929"},{"taxonomy":"product_tag","embeddable":true,"href":"https:\/\/ritosa.click.si\/hr\/wp-json\/wp\/v2\/product_tag?post=20929"}],"curies":[{"name":"radni list","href":"https:\/\/api.w.org\/{rel}","templated":true}]}}