{"id":20919,"date":"2026-03-06T17:42:46","date_gmt":"2026-03-06T16:42:46","guid":{"rendered":"https:\/\/ritosa.click.si\/?post_type=product&#038;p=20919"},"modified":"2026-03-06T20:31:28","modified_gmt":"2026-03-06T19:31:28","slug":"alpina-brix-jr-white","status":"publish","type":"product","link":"https:\/\/ritosa.click.si\/hr\/ducan\/skijanje\/smucarska-oprema\/smucarske-celade\/odrasle-smucarske-celade\/alpina-brix-jr-white\/","title":{"rendered":"Alpina Brix Jr. \u2013 bijela"},"content":{"rendered":"<p>Budu\u0107i da je kaciga BRIX za odrasle postala jedna od najpopularnijih i najprodavanijih kaciga na tr\u017ei\u0161tu zbog svoje male te\u017eine i izvrsnog pristajanja koje odgovara svakoj glavi, Alpina je odlu\u010dila razviti i dje\u010dju kacigu BRIX JR. Kaciga za djecu i tinejd\u017eere koji vi\u0161e ne pri\u010daju o pizzi i pomfritu dok skijaju, ve\u0107 \u017eele utrkivati se na crnoj stazi. BRIX JR vam nudi najvi\u0161u razinu sigurnosti zahvaljuju\u0107i Inmold konstrukciji, Hi-EPS jezgri i robusnoj kerami\u010dkoj ljusci, dok mekana podstava koja se mo\u017ee ukloniti i o\u010distiti osigurava maksimalnu udobnost. Kontrola strujanja zraka omogu\u0107uje nam izvrsnu ventilaciju kroz zra\u010dne kanale. S otvorenim otvorima, svje\u017ei zrak struji u kacigu tijekom toplih dana, ali kada temperature padnu ili tijekom brzih spustova, oni se lako mogu zatvoriti. Sustav pode\u0161avanja veli\u010dine Ergo Snow omogu\u0107uje individualno pode\u0161avanje Brixa glavi korisnika.<\/p>\n<ul>\n<li>Inmold tec:\u00a0tehnologija obsega ogrevanje zunanje polikarbonatne lupine na visoko temperaturo in pe\u010denje na EPS ogrodje z visokim pritiskom. Postopek ustvari permanentno vez \u010dez celotno povr\u0161ino zunanjih in notranjih lupin, kar naredi \u010delado ekstremno lahko in stabilno<\/li>\n<li>Ceramic shell:\u00a0ime za zunanjo lupino vseh Alpina \u010delad, izdelanih s postopkom Inmold. Gre za tanek, lahek material, ki je izredno odporen na udarce in praske, vsebuje UV stabilizatorje in je antistati\u010den.<\/li>\n<\/ul>\n<ul>\n<li>HI-EPS:\u00a0notranje ogrodje Alpininih \u010delad je narejeno iz HI-EPSa (raztegljiv polistiren). Ta material je sestavljen iz mikroskopsko majhnih zra\u010dnih prostorov, ki u\u010dinkovito absorbirajo sile, ki nastanejo ob udarcu.<\/li>\n<\/ul>\n<ul>\n<li>Provjerena i testirana ergonomska kop\u010da koristi se na svim Alpina kacigama. Vi\u0161estupanjsko pode\u0161avanje, kontrolira se samo jednom rukom. Kop\u010da se tako\u0111er ne mo\u017ee sama odkop\u010dati u slu\u010daju nesre\u0107e.<\/li>\n<li>Airstream control:\u00a0omogo\u010da optimalno prezra\u010devanje in udobno po\u010dutje;<\/li>\n<li>Run system Ergo Snow:\u00a0Prilagodljiv sistem za nastavitev velikosti smu\u010darske \u010delade vsaki obliki glave, zagotavlja udobje in popolno prilagoditev<\/li>\n<li>Edge protect:\u00a0dodatno oja\u010dani robovi za\u0161\u010ditijo \u010delado pred udarci<\/li>\n<li>Y-clip:\u00a0Sponka Y-CLIP povezuje sprednji in zadnji trak pod u\u0161esi, kar omogo\u010da optimalno prilagajanje \u010delade<\/li>\n<li>Uklonjiva i periva tekstilna podstava i uklonjivi jastu\u010di\u0107i za u\u0161i<\/li>\n<li>Topli grija\u010d za vrat<\/li>\n<\/ul>","protected":false},"excerpt":{"rendered":"<p>Dje\u010dja skija\u0161ka kaciga Alpina Brix Jr<\/p>","protected":false},"featured_media":20960,"template":"","meta":{"_acf_changed":false,"inline_featured_image":false},"product_brand":[678],"product_cat":[509,569],"product_tag":[1198],"class_list":{"0":"post-20919","1":"product","2":"type-product","3":"status-publish","4":"has-post-thumbnail","6":"product_brand-alpina","7":"product_cat-odrasle-smucarske-celade","8":"product_cat-otroske-smucarske-celade","9":"product_tag-otroci","10":"pa_velikost-55-59","12":"first","13":"instock","14":"sale","15":"taxable","16":"shipping-taxable","17":"purchasable","18":"product-type-variable"},"acf":[],"_links":{"self":[{"href":"https:\/\/ritosa.click.si\/hr\/wp-json\/wp\/v2\/product\/20919","targetHints":{"allow":["GET"]}}],"collection":[{"href":"https:\/\/ritosa.click.si\/hr\/wp-json\/wp\/v2\/product"}],"about":[{"href":"https:\/\/ritosa.click.si\/hr\/wp-json\/wp\/v2\/types\/product"}],"wp:featuredmedia":[{"embeddable":true,"href":"https:\/\/ritosa.click.si\/hr\/wp-json\/wp\/v2\/media\/20960"}],"wp:attachment":[{"href":"https:\/\/ritosa.click.si\/hr\/wp-json\/wp\/v2\/media?parent=20919"}],"wp:term":[{"taxonomy":"product_brand","embeddable":true,"href":"https:\/\/ritosa.click.si\/hr\/wp-json\/wp\/v2\/product_brand?post=20919"},{"taxonomy":"product_cat","embeddable":true,"href":"https:\/\/ritosa.click.si\/hr\/wp-json\/wp\/v2\/product_cat?post=20919"},{"taxonomy":"product_tag","embeddable":true,"href":"https:\/\/ritosa.click.si\/hr\/wp-json\/wp\/v2\/product_tag?post=20919"}],"curies":[{"name":"radni list","href":"https:\/\/api.w.org\/{rel}","templated":true}]}}