{"id":20818,"date":"2026-03-06T12:10:18","date_gmt":"2026-03-06T11:10:18","guid":{"rendered":"https:\/\/ritosa.click.si\/?post_type=product&#038;p=20818"},"modified":"2026-03-06T13:34:19","modified_gmt":"2026-03-06T12:34:19","slug":"volkl-shine-alessia-2026","status":"publish","type":"product","link":"https:\/\/ritosa.click.si\/hr\/ducan\/skijanje\/skije\/zenske-skije\/volkl-shine-alessia-2026\/","title":{"rendered":"V\u00f6lkl Shine Alessia 2026"},"content":{"rendered":"<div class=\"rte\">\n<p>V\u00f6lkl Shine Alessia su lagane, stabilne i razigrane carving skije dizajnirane za po\u010detnice i skija\u0161ice srednjeg nivoa koje \u017eele brzo, sigurno i s u\u017eitkom napredovati. Mek\u0161i materijali u kombinaciji s drvenom jezgrom.\u00a0<em>Vi\u0161eslojna drvena jezgra<\/em>\u00a0i profil\u00a0<em>Tip Rocker<\/em>\u00a0Pru\u017eaju izuzetno lako upravljanje, stabilnost i glatko okretanje u svim snje\u017enim uvjetima.<\/p>\n<p>Skija Shine Alessia nudi pouzdano prianjanje rubnika, a istovremeno opra\u0161ta manje pogre\u0161ke - savr\u0161en izbor za one koji tek u\u010de ili one koji \u017eele u\u017eivati u tehni\u010dki savr\u0161enom skijanju bez ikakvih briga. Zahvaljuju\u0107i uravnote\u017eenom dizajnu i progresivnoj tehnologiji, omogu\u0107uje glatke prijelaze izme\u0111u zavoja te udobnu i samouvjerenu vo\u017enju.<\/p>\n<p>Po\u010detnici \u0107e cijeniti njegovu meko\u0107u i stabilnost, dok \u0107e iskusniji skija\u0161i u\u017eivati u njegovom razigranom karakteru i brzom napredovanju. V\u00f6lkl Shine Alessia savr\u0161en je pratitelj za sve koji tra\u017ee kombinaciju elegancije, udobnosti i performansi \u2013 od prvih zavoja do potpunog samopouzdanja na snijegu.<\/p>\n<p><strong>Klju\u010dne zna\u010dajke:<\/strong><\/p>\n<ul>\n<li>Lagane i razigrane \u017eenske carving skije za po\u010detnike i rekreativne skija\u0161ice<\/li>\n<li><em>Vi\u0161eslojna drvena jezgra<\/em>\u00a0\u2013 Vi\u0161eslojna drvena jezgra za stabilnost i precizan prijenos snage<\/li>\n<li><em>Tip Rocker<\/em>\u00a0\u2013 lak\u0161i po\u010detak zavoja, bolje upravljanje i udobnost na mek\u0161em snijegu<\/li>\n<li><em>Progresivna tehnologija<\/em>\u00a0\u2013 3D oblik za ve\u0107u stabilnost vrha i glatke prijelaze izme\u0111u zavoja<\/li>\n<li><em>P-Tex 2100<\/em>\u00a0\u2013 sinterirana klizna povr\u0161ina za izvrsnu brzinu i izdr\u017eljivost<\/li>\n<li><em>Vezovi Marker FDT TP10 GripWalk<\/em>\u00a0\u2013 jednostavno stezanje i siguran prijenos snage<\/li>\n<\/ul>\n<p><strong>Tehni\u010dke specifikacije:<\/strong><\/p>\n<ul>\n<li><strong>Geometrija:<\/strong>\u00a0123 \u2013 72 \u2013 104 mm<\/li>\n<li><strong>Radijus okretanja:<\/strong>\u00a0144 cm \u2013 10,5 m | 151 cm - 11,8 m | 158 cm - 12,7 m | 165 cm - 14,0 m<\/li>\n<li><strong>Jezgra:<\/strong>\u00a0Vi\u0161eslojna drvena jezgra<\/li>\n<li><strong>Profil:<\/strong>\u00a0Tip Rocker<\/li>\n<li><strong>Klizna povr\u0161ina:<\/strong>\u00a0P-Tex 2100<\/li>\n<li><strong>Linkovi:<\/strong>\u00a0Marker FDT TP10 GripWalk (DIN-ISO: 3,0\u201310,0)<\/li>\n<li><strong>Razina znanja:<\/strong>\u00a0po\u010detnici do skija\u0161i srednjeg nivoa<\/li>\n<\/ul>\n<\/div>","protected":false},"excerpt":{"rendered":"<p>\u017denske smu\u010di\u00a0V\u00f6lkl Shine\u00a0Alessia +\u00a0vezi FDT TP10<\/p>\n<div class=\"text-base my-auto mx-auto pb-10 [--thread-content-margin:--spacing(4)] thread-sm:[--thread-content-margin:--spacing(6)] thread-lg:[--thread-content-margin:--spacing(16)] px-(--thread-content-margin)\">\n<div class=\"[--thread-content-max-width:40rem] thread-lg:[--thread-content-max-width:48rem] mx-auto max-w-(--thread-content-max-width) flex-1 group\/turn-messages focus-visible:outline-hidden relative flex w-full min-w-0 flex-col agent-turn\">\n<div class=\"flex max-w-full flex-col grow\">\n<div class=\"min-h-8 text-message relative flex w-full flex-col items-end gap-2 text-start break-words whitespace-normal [.text-message+&amp;]:mt-1\">\n<div class=\"flex w-full flex-col gap-1 empty:hidden first:pt-[1px]\">\n<div class=\"markdown prose dark:prose-invert w-full break-words light markdown-new-styling\">\n<p>V\u00f6lkl Shine Alessia so popolne smu\u010di za \u017eenske, ki \u017eelijo lahkotno, zabavno in varno vstopiti v svet smu\u010danja. Zasnovane so za za\u010detnice in rekreativne smu\u010darke, ki i\u0161\u010dejo stabilnost, enostavno vodljivost in udobno vo\u017enjo na urejenih progah.<\/p>\n<\/div>\n<\/div>\n<\/div>\n<\/div>\n<\/div>\n<\/div>\n","protected":false},"featured_media":20820,"template":"","meta":{"_acf_changed":false,"inline_featured_image":false,"_monsterinsights_skip_tracking":false,"_monsterinsights_sitenote_active":false,"_monsterinsights_sitenote_note":"","_monsterinsights_sitenote_category":0},"product_brand":[1190],"product_cat":[567],"product_tag":[],"class_list":{"0":"post-20818","1":"product","2":"type-product","3":"status-publish","4":"has-post-thumbnail","6":"product_brand-volkl","7":"product_cat-zenske-smuci","8":"pa_velikost-2214","9":"pa_velikost-978","11":"first","12":"instock","13":"sale","14":"taxable","15":"shipping-taxable","16":"purchasable","17":"product-type-variable"},"acf":[],"aioseo_notices":[],"_links":{"self":[{"href":"https:\/\/ritosa.click.si\/hr\/wp-json\/wp\/v2\/product\/20818","targetHints":{"allow":["GET"]}}],"collection":[{"href":"https:\/\/ritosa.click.si\/hr\/wp-json\/wp\/v2\/product"}],"about":[{"href":"https:\/\/ritosa.click.si\/hr\/wp-json\/wp\/v2\/types\/product"}],"wp:featuredmedia":[{"embeddable":true,"href":"https:\/\/ritosa.click.si\/hr\/wp-json\/wp\/v2\/media\/20820"}],"wp:attachment":[{"href":"https:\/\/ritosa.click.si\/hr\/wp-json\/wp\/v2\/media?parent=20818"}],"wp:term":[{"taxonomy":"product_brand","embeddable":true,"href":"https:\/\/ritosa.click.si\/hr\/wp-json\/wp\/v2\/product_brand?post=20818"},{"taxonomy":"product_cat","embeddable":true,"href":"https:\/\/ritosa.click.si\/hr\/wp-json\/wp\/v2\/product_cat?post=20818"},{"taxonomy":"product_tag","embeddable":true,"href":"https:\/\/ritosa.click.si\/hr\/wp-json\/wp\/v2\/product_tag?post=20818"}],"curies":[{"name":"radni list","href":"https:\/\/api.w.org\/{rel}","templated":true}]}}