{"id":20737,"date":"2026-03-06T09:36:55","date_gmt":"2026-03-06T08:36:55","guid":{"rendered":"https:\/\/ritosa.click.si\/?post_type=product&#038;p=20737"},"modified":"2026-03-06T09:43:58","modified_gmt":"2026-03-06T08:43:58","slug":"volkl-racetiger-sc-white-2026","status":"publish","type":"product","link":"https:\/\/ritosa.click.si\/hr\/ducan\/skijanje\/skije\/muske-skije\/volkl-racetiger-sc-white-2026\/","title":{"rendered":"V\u00f6lkl Racetiger SC White 2026"},"content":{"rendered":"<p><strong>V\u00f6lkl Racetiger SC\u00a0<\/strong>je savr\u0161en izbor za skija\u0161e koji vole brze, precizne zavoje i potpunu kontrolu na ure\u0111enim stazama. Dizajniran je za one koji u\u017eivaju u dinami\u010dnom, tehni\u010dkom skijanju i \u017eele skije koje kombiniraju snagu, preciznost i glatko\u0107u u svakom zavoju.<\/p>\n<p>Racetiger SC je izuzetno agilna skija s dodatnim\u00a0<strong>Titanalne trake<\/strong>\u00a0i posebno dizajniran, \u0161iri\u00a0<strong>karbonski vrh (prilago\u0111eni karbonski vrhovi)<\/strong>, \u0161to mu daje laganu responzivnost i stabilnost. Unato\u010d sportskom karakteru, ostaje iznena\u0111uju\u0107e lagan i jednostavan za vo\u017enju \u2013 idealan za iskusne, kao i rekreativne skija\u0161e koji tra\u017ee performanse bez pretjeranih zahtjeva.<\/p>\n<p>Njegov uravnote\u017eeni oblik i u\u017ei struk (68 mm) omogu\u0107uju brze prijelaze s ruba na rub i dinami\u010dan stil skijanja, dok sinterirana klizna povr\u0161ina\u00a0<strong>P-Tex 2100<\/strong>\u00a0pru\u017ea izvrsnu brzinu i dugotrajnu izdr\u017eljivost. Zahvaljuju\u0107i\u00a0<strong>3D tehnologija stakla<\/strong>\u00a0Prianjanje rubnika je jo\u0161 ja\u010de, dok skija odr\u017eava \u017eivahan i stabilan osje\u0107aj u zavojima.<\/p>\n<p>U kombinaciji s obveznicom\u00a0<strong>vMotion 3<\/strong>\u00a0Racetiger SC je savr\u0161ena ravnote\u017ea izme\u0111u sportskih performansi i udobnosti \u2013 za sve koji tra\u017ee u\u017eitak preciznog rezbarenja.<\/p>\n<h4><strong>Klju\u010dne zna\u010dajke<\/strong><\/h4>\n<ul>\n<li>Precizne i razigrane slalom skije za ure\u0111ene staze<\/li>\n<li><strong>Prilago\u0111eni karbonski vrhovi<\/strong>\u00a0\u2013 lak\u0161i ulazak u zavoj i precizniji odziv vrha<\/li>\n<li><strong>Titanal Band<\/strong>\u00a0\u2013 smirenost i stabilnost pri ve\u0107im brzinama<\/li>\n<li><strong>3D staklo<\/strong>\u00a0\u2013 sna\u017eno prianjanje na rubnik i responzivno odbijanje u zavojima<\/li>\n<li><strong>Vi\u0161eslojna drvena jezgra<\/strong>\u00a0\u2013 savr\u0161ena ravnote\u017ea izme\u0111u snage i agilnosti<\/li>\n<li><strong>P-Tex 2100<\/strong>\u00a0\u2013 sinterirana klizna povr\u0161ina s izvrsnim klizanjem i izdr\u017eljivo\u0161\u0107u<\/li>\n<li><strong>Tip Rocker<\/strong>\u00a0\u2013 dinami\u010dan po\u010detak skretanja i precizno prianjanje uz rubnik<\/li>\n<li><strong>vMotion 3 sustav<\/strong>\u00a0\u2013 potpuna kompatibilnost s Marker GW vezovima<\/li>\n<\/ul>\n<hr \/>\n<h4><strong>Tehni\u010dke specifikacije<\/strong><\/h4>\n<div class=\"_tableContainer_1rjym_1\">\n<div class=\"group _tableWrapper_1rjym_13 flex w-fit flex-col-reverse\">\n<table class=\"w-fit min-w-(--thread-content-width)\">\n<thead>\n<tr>\n<th>Duljina<\/th>\n<th>Geometrija (mm)<\/th>\n<th>Radijus (m)<\/th>\n<th>Te\u017eina (bez vezova)<\/th>\n<\/tr>\n<\/thead>\n<tbody>\n<tr>\n<td>148 cm<\/td>\n<td>123\u201368\u2013102<\/td>\n<td>10.2<\/td>\n<td>2658 grama<\/td>\n<\/tr>\n<tr>\n<td>153 cm<\/td>\n<td>123\u201368\u2013102<\/td>\n<td>11.0<\/td>\n<td>2508 grama<\/td>\n<\/tr>\n<tr>\n<td>158 cm<\/td>\n<td>123\u201368\u2013102<\/td>\n<td>11.8<\/td>\n<td>2765 grama<\/td>\n<\/tr>\n<tr>\n<td>165 cm<\/td>\n<td>123\u201368\u2013102<\/td>\n<td>13.1<\/td>\n<td>2850 g<\/td>\n<\/tr>\n<tr>\n<td>172 cm<\/td>\n<td>121,5\u201369\u2013100<\/td>\n<td>15.3<\/td>\n<td>2965 g<\/td>\n<\/tr>\n<\/tbody>\n<\/table>\n<\/div>\n<\/div>\n<p><strong>Jezgra:<\/strong>\u00a0Vi\u0161eslojna drvena jezgra<br \/>\n<strong>Konstrukcija:<\/strong>\u00a0Puna bo\u010dna stijenka \/ mini kapa, 3D staklo, prilago\u0111eni karbonski vrhovi, titanal traka<br \/>\n<strong>Profil:<\/strong>\u00a0Tip Rocker<br \/>\n<strong>Klizna povr\u0161ina:<\/strong>\u00a0P-Tex 2100<br \/>\n<strong>Plo\u010da:<\/strong>\u00a0vMotion 3<br \/>\n<strong>Preporu\u010dene poveznice:<\/strong>\u00a0Marker vMotion 10 GW<\/p>","protected":false},"excerpt":{"rendered":"<p>Smu\u010di\u00a0V\u00f6lkl Racetiger\u00a0SC + vezi vMotion10<\/p>\n<div class=\"text-base my-auto mx-auto pb-10 [--thread-content-margin:--spacing(4)] thread-sm:[--thread-content-margin:--spacing(6)] thread-lg:[--thread-content-margin:--spacing(16)] px-(--thread-content-margin)\">\n<div class=\"[--thread-content-max-width:40rem] thread-lg:[--thread-content-max-width:48rem] mx-auto max-w-(--thread-content-max-width) flex-1 group\/turn-messages focus-visible:outline-hidden relative flex w-full min-w-0 flex-col agent-turn\">\n<div class=\"flex max-w-full flex-col grow\">\n<div class=\"min-h-8 text-message relative flex w-full flex-col items-end gap-2 text-start break-words whitespace-normal [.text-message+&amp;]:mt-1\">\n<div class=\"flex w-full flex-col gap-1 empty:hidden first:pt-[1px]\">\n<div class=\"markdown prose dark:prose-invert w-full break-words light markdown-new-styling\">\n<p>Idealne za\u00a0tehni\u010dno izpopolnjene in \u0161portne smu\u010darje, ki i\u0161\u010dejo natan\u010dno, stabilno in odzivno smu\u010dko za urejene proge in kratke do srednje dolge zavoje.<\/p>\n<\/div>\n<\/div>\n<\/div>\n<\/div>\n<\/div>\n<\/div>\n","protected":false},"featured_media":20747,"template":"","meta":{"_acf_changed":false,"inline_featured_image":false,"_monsterinsights_skip_tracking":false,"_monsterinsights_sitenote_active":false,"_monsterinsights_sitenote_note":"","_monsterinsights_sitenote_category":0},"product_brand":[1190],"product_cat":[508,567],"product_tag":[],"class_list":{"0":"post-20737","1":"product","2":"type-product","3":"status-publish","4":"has-post-thumbnail","6":"product_brand-volkl","7":"product_cat-moske-smuci","8":"product_cat-zenske-smuci","9":"pa_velikost-978","10":"pa_velikost-2221","12":"first","13":"instock","14":"sale","15":"taxable","16":"shipping-taxable","17":"purchasable","18":"product-type-variable"},"acf":[],"aioseo_notices":[],"_links":{"self":[{"href":"https:\/\/ritosa.click.si\/hr\/wp-json\/wp\/v2\/product\/20737","targetHints":{"allow":["GET"]}}],"collection":[{"href":"https:\/\/ritosa.click.si\/hr\/wp-json\/wp\/v2\/product"}],"about":[{"href":"https:\/\/ritosa.click.si\/hr\/wp-json\/wp\/v2\/types\/product"}],"wp:featuredmedia":[{"embeddable":true,"href":"https:\/\/ritosa.click.si\/hr\/wp-json\/wp\/v2\/media\/20747"}],"wp:attachment":[{"href":"https:\/\/ritosa.click.si\/hr\/wp-json\/wp\/v2\/media?parent=20737"}],"wp:term":[{"taxonomy":"product_brand","embeddable":true,"href":"https:\/\/ritosa.click.si\/hr\/wp-json\/wp\/v2\/product_brand?post=20737"},{"taxonomy":"product_cat","embeddable":true,"href":"https:\/\/ritosa.click.si\/hr\/wp-json\/wp\/v2\/product_cat?post=20737"},{"taxonomy":"product_tag","embeddable":true,"href":"https:\/\/ritosa.click.si\/hr\/wp-json\/wp\/v2\/product_tag?post=20737"}],"curies":[{"name":"radni list","href":"https:\/\/api.w.org\/{rel}","templated":true}]}}