{"id":20732,"date":"2026-03-06T09:31:37","date_gmt":"2026-03-06T08:31:37","guid":{"rendered":"https:\/\/ritosa.click.si\/?post_type=product&#038;p=20732"},"modified":"2026-03-06T09:35:09","modified_gmt":"2026-03-06T08:35:09","slug":"volkl-racetiger-sc-limited-2026","status":"publish","type":"product","link":"https:\/\/ritosa.click.si\/hr\/ducan\/skijanje\/skije\/muske-skije\/volkl-racetiger-sc-limited-2026\/","title":{"rendered":"V\u00f6lkl Racetiger SC Limited 2026"},"content":{"rendered":"<p>V\u00f6lkl Racetiger SC LTD so vsestranske allround smu\u010di\u00a0za vse napredne smu\u010darje, ki i\u0161\u010dejo\u00a0en par smu\u010di za hitre, kratke ali dalj\u0161e zavoje na urejenih progah v razli\u010dnih razmerah \u2013 brez da bi za to zapravili celo premo\u017eenje. Model Racetiger SC LTD izhaja iz legendarnih tekmovalnih smu\u010di Racetiger SC, a ponuja nekoliko manj oja\u010ditev in ve\u010d \u0161irine, kar pomeni dodatno stabilnost in igrivost na snegu.\u00a0Leseno jedro z oja\u010ditvijo 3D.Glass poskrbi za odli\u010dno kombinacijo agilnosti, odzivnosti in stabilnosti \u2013 to\u010dno takrat, ko to najbolj potrebuje\u0161. Prilo\u017eene vezi Marker vMotion 11 z GripWalk podplatom pa zagotavljajo u\u010dinkovit prenos mo\u010di in popolno smu\u010darsko izku\u0161njo.<\/p>\n<p><span style=\"text-decoration: underline\">Bo\u010dni luk<\/span>:\u00a0122 &#8211; 73 &#8211; 103<\/p>\n<p><span style=\"text-decoration: underline\">Radij zavoja<\/span>: 13.4 m (158 cm),\u00a015.0 m\u00a0(168 cm)<\/p>\n<ul>\n<li><strong>Full Sensor drvena jezgra<\/strong>\u00a0jezgra izra\u0111ena od kompaktnog drvenog laminata koja se prote\u017ee od vrha do repa skije. Upravo ta jezgra osigurava prijenos snage cijelom duljinom skije. Rezultat je optimalna potpora skija\u0161u i iznimna responzivnost skije, ubrzanje iz zavoja i stabilnost u zavojima<\/li>\n<li><strong>3D.GLASS<\/strong>\u00a0oja\u010ditev iz steklenih vlaken s tridimenzionalno ve\u010dslojno konstrukcijo zagotavlja izbolj\u0161an oprijem robnikov in odzivnej\u0161e vodenje zavojev<\/li>\n<li><strong>Tip Rocker<\/strong>, \u0161to zna\u010di lagano podizanje skije prema zavr\u0161noj krivulji nosa. Ova zna\u010dajka im omogu\u0107uje brz ulazak u zavoj i iznimno brz prijelaz u sljede\u0107i.<\/li>\n<li><strong>Puna bo\u010dna stijenka<\/strong>\u00a0\u2013 direktan i sna\u017ean prijenos snage du\u017e vertikalnih rubova skije cijelom njenom du\u017einom<\/li>\n<li><strong>P-Tex 2100 baza<\/strong>\u00a0&#8211; gosta sintrana baza z odli\u010dnimi drsnimi sposobnosti in trpe\u017enostjo<\/li>\n<li><strong>Prilo\u017eene poveznice:<\/strong>\u00a0Marker vMotion 11<\/li>\n<li>Te\u017ea:\u00a0 2764g\u00a0(163 cm z vezmi)<\/li>\n<\/ul>","protected":false},"excerpt":{"rendered":"<p>Smu\u010di V\u00f6lkl Racetiger SC Yellow Limited + vMotion 11 GW BLK<\/p>","protected":false},"featured_media":20736,"template":"","meta":{"_acf_changed":false,"inline_featured_image":false,"_monsterinsights_skip_tracking":false,"_monsterinsights_sitenote_active":false,"_monsterinsights_sitenote_note":"","_monsterinsights_sitenote_category":0},"product_brand":[1190],"product_cat":[508,567],"product_tag":[],"class_list":{"0":"post-20732","1":"product","2":"type-product","3":"status-publish","4":"has-post-thumbnail","6":"product_brand-volkl","7":"product_cat-moske-smuci","8":"product_cat-zenske-smuci","9":"pa_velikost-784","10":"pa_velikost-978","11":"pa_velikost-1020","13":"first","14":"instock","15":"sale","16":"taxable","17":"shipping-taxable","18":"purchasable","19":"product-type-variable"},"acf":[],"aioseo_notices":[],"_links":{"self":[{"href":"https:\/\/ritosa.click.si\/hr\/wp-json\/wp\/v2\/product\/20732","targetHints":{"allow":["GET"]}}],"collection":[{"href":"https:\/\/ritosa.click.si\/hr\/wp-json\/wp\/v2\/product"}],"about":[{"href":"https:\/\/ritosa.click.si\/hr\/wp-json\/wp\/v2\/types\/product"}],"wp:featuredmedia":[{"embeddable":true,"href":"https:\/\/ritosa.click.si\/hr\/wp-json\/wp\/v2\/media\/20736"}],"wp:attachment":[{"href":"https:\/\/ritosa.click.si\/hr\/wp-json\/wp\/v2\/media?parent=20732"}],"wp:term":[{"taxonomy":"product_brand","embeddable":true,"href":"https:\/\/ritosa.click.si\/hr\/wp-json\/wp\/v2\/product_brand?post=20732"},{"taxonomy":"product_cat","embeddable":true,"href":"https:\/\/ritosa.click.si\/hr\/wp-json\/wp\/v2\/product_cat?post=20732"},{"taxonomy":"product_tag","embeddable":true,"href":"https:\/\/ritosa.click.si\/hr\/wp-json\/wp\/v2\/product_tag?post=20732"}],"curies":[{"name":"radni list","href":"https:\/\/api.w.org\/{rel}","templated":true}]}}