{"id":20682,"date":"2026-03-05T19:06:30","date_gmt":"2026-03-05T18:06:30","guid":{"rendered":"https:\/\/ritosa.click.si\/?post_type=product&#038;p=20682"},"modified":"2026-03-06T08:31:28","modified_gmt":"2026-03-06T07:31:28","slug":"zracnica-cst-francoski-ventil-kopija","status":"publish","type":"product","link":"https:\/\/ritosa.click.si\/hr\/ducan\/biciklizam\/oprema-za-biciklizam\/dodatna-oprema-in-rezervni-deli\/zracnice\/zracnica-cst-francoski-ventil-kopija\/","title":{"rendered":"Vittoria unutarnja zra\u010dnica s francuskim ventilom (sve veli\u010dine)"},"content":{"rendered":"","protected":false},"excerpt":{"rendered":"<p>Unutarnja zra\u010dnica s francuskim\/Presta ventilom 48 mm.<\/p>","protected":false},"featured_media":20688,"template":"","meta":{"_acf_changed":false,"inline_featured_image":false,"_monsterinsights_skip_tracking":false,"_monsterinsights_sitenote_active":false,"_monsterinsights_sitenote_note":"","_monsterinsights_sitenote_category":0},"product_brand":[2072],"product_cat":[613],"product_tag":[2216,2200,2076,2201],"class_list":{"0":"post-20682","1":"product","2":"type-product","3":"status-publish","4":"has-post-thumbnail","6":"product_brand-vittoria","7":"product_cat-zracnice","8":"product_tag-vittoria","9":"product_tag-zracnica","10":"product_tag-zracnica-vittoria","11":"product_tag-zracnica-z-francoskim-ventilom","12":"pa_dimenzija-20-x-195-2125","13":"pa_dimenzija-275-x-25-3","14":"pa_dimenzija-700-x-20-28c","16":"first","17":"instock","18":"taxable","19":"shipping-taxable","20":"purchasable","21":"product-type-variable"},"acf":[],"aioseo_notices":[],"_links":{"self":[{"href":"https:\/\/ritosa.click.si\/hr\/wp-json\/wp\/v2\/product\/20682","targetHints":{"allow":["GET"]}}],"collection":[{"href":"https:\/\/ritosa.click.si\/hr\/wp-json\/wp\/v2\/product"}],"about":[{"href":"https:\/\/ritosa.click.si\/hr\/wp-json\/wp\/v2\/types\/product"}],"wp:featuredmedia":[{"embeddable":true,"href":"https:\/\/ritosa.click.si\/hr\/wp-json\/wp\/v2\/media\/20688"}],"wp:attachment":[{"href":"https:\/\/ritosa.click.si\/hr\/wp-json\/wp\/v2\/media?parent=20682"}],"wp:term":[{"taxonomy":"product_brand","embeddable":true,"href":"https:\/\/ritosa.click.si\/hr\/wp-json\/wp\/v2\/product_brand?post=20682"},{"taxonomy":"product_cat","embeddable":true,"href":"https:\/\/ritosa.click.si\/hr\/wp-json\/wp\/v2\/product_cat?post=20682"},{"taxonomy":"product_tag","embeddable":true,"href":"https:\/\/ritosa.click.si\/hr\/wp-json\/wp\/v2\/product_tag?post=20682"}],"curies":[{"name":"radni list","href":"https:\/\/api.w.org\/{rel}","templated":true}]}}