{"id":20621,"date":"2026-03-05T17:18:31","date_gmt":"2026-03-05T16:18:31","guid":{"rendered":"https:\/\/ritosa.click.si\/?post_type=product&#038;p=20621"},"modified":"2026-03-05T17:32:02","modified_gmt":"2026-03-05T16:32:02","slug":"elan-element-74-2026","status":"publish","type":"product","link":"https:\/\/ritosa.click.si\/hr\/ducan\/skijanje\/skije\/muske-skije\/elan-element-74-2026\/","title":{"rendered":"Elan ELEMENT 74 2026"},"content":{"rendered":"<div class=\"product-info-secondary__column\">\n<div class=\"product-info-secondary__column\">\n<div class=\"product attribute overview\">\n<div class=\"value\">\n<div class=\"product attribute overview\">\n<div class=\"value\">\n<p>Z GrooveTip tehnologijo gradite znanje in samozavest.<\/p>\n<\/div>\n<\/div>\n<div class=\"product attribute description\">\n<div class=\"value\">\n<p>Idealne uvodne smu\u010di za za\u010detnike, ki \u017eelijo investirati v lastno opremo in svoje ve\u0161\u010dine dvigniti nad raven izposojenih smu\u010di. Te smu\u010di so namenjene podpori smu\u010darjem pri u\u010denju pravih tehnik in spretnosti. Lahka konstrukcija s tehnologijo GrooveTip ponuja ravno prav mero lahkotnosti in prizanesljivosti z gladkimi in uravnote\u017eenimi zavoji. Te smu\u010di pomagajo razvijati nadzor, povezovati zavoje in graditi samozavest na pobo\u010djih.<\/p>\n<\/div>\n<\/div>\n<\/div>\n<\/div>\n<\/div>\n<div class=\"pdp-attributes__accordion mage-accordion-disabled\">\n<div class=\"pdp-attributes__collapsible allow active\">\n<div class=\"pdp-attributes__content\">\n<div class=\"pdp-attributes__sustainability\">\n<ul class=\"checkmark\">\n<li>Najbolj\u0161e za razvoj ve\u0161\u010din<\/li>\n<li>Brezhiben za\u010detek zavoja<\/li>\n<li>Lahka in prizanesljiva<\/li>\n<\/ul>\n<\/div>\n<\/div>\n<\/div>\n<div class=\"pdp-attributes__collapsible allow active\">\n<div class=\"pdp-attributes__trigger\">\n<h3 class=\"pdp-attributes__title\">TABLICA VELI\u010cINA<\/h3>\n<\/div>\n<div class=\"pdp-attributes__content\">\n<table class=\"pdp-attributes__size-guide\">\n<thead>\n<tr>\n<th>Visina skija\u0161a<\/th>\n<th>Duljina skija<\/th>\n<\/tr>\n<\/thead>\n<tbody>\n<tr>\n<td>165 \u2013 175 cm<\/td>\n<td>160<\/td>\n<\/tr>\n<\/tbody>\n<\/table>\n<\/div>\n<\/div>\n<div class=\"pdp-attributes__collapsible allow active\">\n<div class=\"pdp-attributes__trigger\">\n<div class=\"pdp-attributes__collapsible allow active\">\n<div class=\"pdp-attributes__trigger\">\n<h3>TEHNI\u010cKE INFORMACIJE<\/h3>\n<\/div>\n<div class=\"pdp-attributes__content\">\n<div class=\"pdp-attributes__technical\">\n<table>\n<tbody>\n<tr>\n<td>Duljina<\/td>\n<td style=\"text-align: left\">146cm<\/td>\n<td style=\"text-align: left\">152 cm<\/td>\n<td style=\"text-align: left\">160 cm<\/td>\n<td style=\"text-align: left\">168 cm<\/td>\n<td style=\"text-align: left\">176 cm<\/td>\n<\/tr>\n<tr>\n<td style=\"text-align: left\"><span class=\"pdp-size-guide__value-label\">Radij<\/span><\/td>\n<td style=\"text-align: left\">11.3<\/td>\n<td style=\"text-align: left\">12.4<\/td>\n<td style=\"text-align: left\">13.9<\/td>\n<td style=\"text-align: left\">15.4<\/td>\n<td style=\"text-align: left\">17.1<\/td>\n<\/tr>\n<tr>\n<td style=\"text-align: left\">\n<p class=\"pdp-size-guide__value\">\u0160irina vrha skije<\/p>\n<\/td>\n<td style=\"text-align: left\">122<\/td>\n<td style=\"text-align: right\">\n<p class=\"pdp-size-guide__value\" style=\"text-align: left\"><span class=\"pdp-size-guide__value-label\">122<\/span><\/p>\n<\/td>\n<td style=\"text-align: right\">\n<p class=\"pdp-size-guide__value\" style=\"text-align: left\"><span class=\"pdp-size-guide__value-label\">122<\/span><\/p>\n<\/td>\n<td style=\"text-align: right\">\n<p class=\"pdp-size-guide__value\" style=\"text-align: left\"><span class=\"pdp-size-guide__value-label\">122<\/span><\/p>\n<\/td>\n<td style=\"text-align: left\">122<\/td>\n<\/tr>\n<tr>\n<td style=\"text-align: left\">\u0160irina sredine skije<\/td>\n<td style=\"text-align: left\">74<\/td>\n<td style=\"text-align: left\">74<\/td>\n<td style=\"text-align: left\">74<\/td>\n<td style=\"text-align: left\">74<\/td>\n<td style=\"text-align: left\">74<\/td>\n<\/tr>\n<tr>\n<td style=\"text-align: left\">\u0160irina repa skije<\/td>\n<td style=\"text-align: left\">103<\/td>\n<td style=\"text-align: left\">103<\/td>\n<td style=\"text-align: left\">103<\/td>\n<td style=\"text-align: left\">103<\/td>\n<td style=\"text-align: left\">103<\/td>\n<\/tr>\n<\/tbody>\n<\/table>\n<\/div>\n<\/div>\n<\/div>\n<div class=\"pdp-attributes__collapsible allow active\">\n<div class=\"pdp-attributes__trigger\">\n<h3>DETALJI<\/h3>\n<\/div>\n<\/div>\n<div class=\"pagebuilder-column\">\n<table>\n<tbody>\n<tr>\n<td>Kodirati<\/td>\n<td>ABJLZJ25<\/td>\n<\/tr>\n<tr>\n<td>Veza<\/td>\n<td>EL 9.0 GW SHIFT<\/td>\n<\/tr>\n<tr>\n<td>Duljina\/Radij<\/td>\n<td>160 (13.9)<\/td>\n<\/tr>\n<tr>\n<td>Sustav<\/td>\n<td>WaveMotion<\/td>\n<\/tr>\n<tr>\n<td>Profil<\/td>\n<td>Early Rise Rocker<\/td>\n<\/tr>\n<tr>\n<td>Tehnologija<\/td>\n<td>WaveMotion tehnologija \u2013 dvostruka drvena jezgra, mono titan, EST \u2013 konstrukcija pro\u0161irenih bo\u010dnih stijenki, sinterirana za\u0161titna plo\u010da<\/td>\n<\/tr>\n<\/tbody>\n<\/table>\n<\/div>\n<\/div>\n<\/div>\n<\/div>\n<div class=\"product attribute description\">\n<div class=\"value\"><\/div>\n<\/div>\n<\/div>","protected":false},"excerpt":{"rendered":"<p>Elan ELEMENT 74 Shift X EL9.0<\/p>\n<p>Z GrooveTip tehnologijo gradite znanje in samozavest.<\/p>\n<p>&nbsp;<\/p>","protected":false},"featured_media":20627,"template":"","meta":{"_acf_changed":false,"inline_featured_image":false},"product_brand":[677],"product_cat":[508],"product_tag":[1946,2092,2093,2066,2070,2091],"class_list":{"0":"post-20621","1":"product","2":"type-product","3":"status-publish","4":"has-post-thumbnail","6":"product_brand-elan","7":"product_cat-moske-smuci","8":"product_tag-elan","9":"product_tag-elan-element","10":"product_tag-element-78","11":"product_tag-moske-smuci","12":"product_tag-moske-smuci-elan","13":"product_tag-rekreativne-moske-smuci","14":"pa_velikost-1064","16":"first","17":"instock","18":"sale","19":"taxable","20":"shipping-taxable","21":"purchasable","22":"product-type-variable"},"acf":[],"_links":{"self":[{"href":"https:\/\/ritosa.click.si\/hr\/wp-json\/wp\/v2\/product\/20621","targetHints":{"allow":["GET"]}}],"collection":[{"href":"https:\/\/ritosa.click.si\/hr\/wp-json\/wp\/v2\/product"}],"about":[{"href":"https:\/\/ritosa.click.si\/hr\/wp-json\/wp\/v2\/types\/product"}],"wp:featuredmedia":[{"embeddable":true,"href":"https:\/\/ritosa.click.si\/hr\/wp-json\/wp\/v2\/media\/20627"}],"wp:attachment":[{"href":"https:\/\/ritosa.click.si\/hr\/wp-json\/wp\/v2\/media?parent=20621"}],"wp:term":[{"taxonomy":"product_brand","embeddable":true,"href":"https:\/\/ritosa.click.si\/hr\/wp-json\/wp\/v2\/product_brand?post=20621"},{"taxonomy":"product_cat","embeddable":true,"href":"https:\/\/ritosa.click.si\/hr\/wp-json\/wp\/v2\/product_cat?post=20621"},{"taxonomy":"product_tag","embeddable":true,"href":"https:\/\/ritosa.click.si\/hr\/wp-json\/wp\/v2\/product_tag?post=20621"}],"curies":[{"name":"radni list","href":"https:\/\/api.w.org\/{rel}","templated":true}]}}