{"id":20613,"date":"2026-03-05T17:03:48","date_gmt":"2026-03-05T16:03:48","guid":{"rendered":"https:\/\/ritosa.click.si\/?post_type=product&#038;p=20613"},"modified":"2026-03-05T17:30:41","modified_gmt":"2026-03-05T16:30:41","slug":"elan-element-74-w-2026","status":"publish","type":"product","link":"https:\/\/ritosa.click.si\/hr\/ducan\/skijanje\/skije\/zenske-skije\/elan-element-74-w-2026\/","title":{"rendered":"Elan ELEMENT 74 W 2026"},"content":{"rendered":"<div class=\"product-info-secondary__column\">\n<div class=\"product-info-secondary__column\">\n<div class=\"product attribute overview\">\n<div class=\"value\">\n<p>Nadgradite svoje znanje na teh lahkotnih, uravnote\u017eenih smu\u010dkah.<\/p>\n<\/div>\n<\/div>\n<div class=\"product attribute description\">\n<div class=\"value\">\n<p>Najbolj\u0161a investicija v napredovanje va\u0161ih ve\u0161\u010din. Te smu\u010di so zavezane k temu, da smu\u010darkam pomagajo osvojiti pravo tehniko za dolgo in prijetno smu\u010darsko prihodnost. Lahka konstrukcija s tehnologijo GrooveTip zagotavlja ravno pravo mero lahkotnosti in prizanesljivosti, medtem ko smu\u010darka pridobiva nadzor, povezuje zavoje in gradi samozavest, da postane smu\u010darka, kakr\u0161na si \u017eeli postati.<\/p>\n<ul>\n<li>Najbolj\u0161e za razvoj smu\u010darskega znanja<\/li>\n<li>Brezhiben za\u010detek zavoja<\/li>\n<li>Lahka in prizanesljiva<\/li>\n<\/ul>\n<\/div>\n<\/div>\n<\/div>\n<div class=\"pdp-attributes__accordion mage-accordion-disabled\">\n<div class=\"pdp-attributes__collapsible allow active\">\n<div class=\"pdp-attributes__trigger\">\n<h3 class=\"pdp-attributes__title\">TABLICA VELI\u010cINA<\/h3>\n<\/div>\n<div class=\"pdp-attributes__content\">\n<table class=\"pdp-attributes__size-guide\">\n<thead>\n<tr>\n<th>Visina skija\u0161a<\/th>\n<th>Duljina skija<\/th>\n<\/tr>\n<\/thead>\n<tbody>\n<tr>\n<td>151 \u2013 161 cm<\/td>\n<td>146<\/td>\n<\/tr>\n<\/tbody>\n<\/table>\n<\/div>\n<\/div>\n<div class=\"pdp-attributes__collapsible allow active\">\n<div class=\"pdp-attributes__trigger\">\n<div class=\"pdp-attributes__collapsible allow active\">\n<div class=\"pdp-attributes__trigger\">\n<h3>TEHNI\u010cKE INFORMACIJE<\/h3>\n<\/div>\n<div class=\"pdp-attributes__content\">\n<div class=\"pdp-attributes__technical\">\n<table>\n<tbody>\n<tr>\n<td>Duljina<\/td>\n<td style=\"text-align: left\">146cm<\/td>\n<td style=\"text-align: left\">152 cm<\/td>\n<td style=\"text-align: left\">160 cm<\/td>\n<td style=\"text-align: left\">168 cm<\/td>\n<td style=\"text-align: left\">176 cm<\/td>\n<\/tr>\n<tr>\n<td style=\"text-align: left\"><span class=\"pdp-size-guide__value-label\">Radij<\/span><\/td>\n<td style=\"text-align: left\">11.3<\/td>\n<td style=\"text-align: left\">12.4<\/td>\n<td style=\"text-align: left\">13.9<\/td>\n<td style=\"text-align: left\">15.4<\/td>\n<td style=\"text-align: left\">17.1<\/td>\n<\/tr>\n<tr>\n<td style=\"text-align: left\">\n<p class=\"pdp-size-guide__value\">\u0160irina vrha skije<\/p>\n<\/td>\n<td style=\"text-align: left\">122<\/td>\n<td style=\"text-align: right\">\n<p class=\"pdp-size-guide__value\" style=\"text-align: left\"><span class=\"pdp-size-guide__value-label\">122<\/span><\/p>\n<\/td>\n<td style=\"text-align: right\">\n<p class=\"pdp-size-guide__value\" style=\"text-align: left\"><span class=\"pdp-size-guide__value-label\">122<\/span><\/p>\n<\/td>\n<td style=\"text-align: right\">\n<p class=\"pdp-size-guide__value\" style=\"text-align: left\"><span class=\"pdp-size-guide__value-label\">122<\/span><\/p>\n<\/td>\n<td style=\"text-align: left\">122<\/td>\n<\/tr>\n<tr>\n<td style=\"text-align: left\">\u0160irina sredine skije<\/td>\n<td style=\"text-align: left\">74<\/td>\n<td style=\"text-align: left\">74<\/td>\n<td style=\"text-align: left\">74<\/td>\n<td style=\"text-align: left\">74<\/td>\n<td style=\"text-align: left\">74<\/td>\n<\/tr>\n<tr>\n<td style=\"text-align: left\">\u0160irina repa skije<\/td>\n<td style=\"text-align: left\">103<\/td>\n<td style=\"text-align: left\">103<\/td>\n<td style=\"text-align: left\">103<\/td>\n<td style=\"text-align: left\">103<\/td>\n<td style=\"text-align: left\">103<\/td>\n<\/tr>\n<\/tbody>\n<\/table>\n<\/div>\n<\/div>\n<\/div>\n<div class=\"pdp-attributes__collapsible allow active\">\n<div class=\"pdp-attributes__trigger\">\n<h3>DETALJI<\/h3>\n<\/div>\n<\/div>\n<div class=\"pagebuilder-column\">\n<table>\n<tbody>\n<tr>\n<td>Kodirati<\/td>\n<td>ACHLZM25<\/td>\n<\/tr>\n<tr>\n<td>Veza<\/td>\n<td>EL 9.0 GW SHIFT<\/td>\n<\/tr>\n<tr>\n<td>Duljina\/Radij<\/td>\n<td>146 (11.3)<\/td>\n<\/tr>\n<tr>\n<td>Sustav<\/td>\n<td>Light shift<\/td>\n<\/tr>\n<tr>\n<td>Profil<\/td>\n<td>Paraboli\u010dna ljulja\u010dka<\/td>\n<\/tr>\n<tr>\n<td>Din<\/td>\n<td>2,5 \u2013 9<\/td>\n<\/tr>\n<tr>\n<td>Tehnologija<\/td>\n<td>WaveMotion tehnologija \u2013 dvostruka drvena jezgra, mono titan, EST \u2013 konstrukcija pro\u0161irenih bo\u010dnih stijenki, sinterirana za\u0161titna plo\u010da<\/td>\n<\/tr>\n<\/tbody>\n<\/table>\n<\/div>\n<\/div>\n<\/div>\n<\/div>\n<div class=\"product attribute description\">\n<div class=\"value\"><\/div>\n<\/div>\n<\/div>","protected":false},"excerpt":{"rendered":"<p>Elan ELEMENT 74 W Shift X EL9.0<\/p>\n<p>Nadgradite svoje znanje na teh lahkotnih, uravnote\u017eenih smu\u010dkah.<\/p>\n<p>&nbsp;<\/p>","protected":false},"featured_media":20619,"template":"","meta":{"_acf_changed":false,"inline_featured_image":false},"product_brand":[677],"product_cat":[567],"product_tag":[],"class_list":{"0":"post-20613","1":"product","2":"type-product","3":"status-publish","4":"has-post-thumbnail","6":"product_brand-elan","7":"product_cat-zenske-smuci","8":"pa_velikost-2191","10":"first","11":"instock","12":"sale","13":"taxable","14":"shipping-taxable","15":"purchasable","16":"product-type-variable"},"acf":[],"_links":{"self":[{"href":"https:\/\/ritosa.click.si\/hr\/wp-json\/wp\/v2\/product\/20613","targetHints":{"allow":["GET"]}}],"collection":[{"href":"https:\/\/ritosa.click.si\/hr\/wp-json\/wp\/v2\/product"}],"about":[{"href":"https:\/\/ritosa.click.si\/hr\/wp-json\/wp\/v2\/types\/product"}],"wp:featuredmedia":[{"embeddable":true,"href":"https:\/\/ritosa.click.si\/hr\/wp-json\/wp\/v2\/media\/20619"}],"wp:attachment":[{"href":"https:\/\/ritosa.click.si\/hr\/wp-json\/wp\/v2\/media?parent=20613"}],"wp:term":[{"taxonomy":"product_brand","embeddable":true,"href":"https:\/\/ritosa.click.si\/hr\/wp-json\/wp\/v2\/product_brand?post=20613"},{"taxonomy":"product_cat","embeddable":true,"href":"https:\/\/ritosa.click.si\/hr\/wp-json\/wp\/v2\/product_cat?post=20613"},{"taxonomy":"product_tag","embeddable":true,"href":"https:\/\/ritosa.click.si\/hr\/wp-json\/wp\/v2\/product_tag?post=20613"}],"curies":[{"name":"radni list","href":"https:\/\/api.w.org\/{rel}","templated":true}]}}