{"id":20603,"date":"2026-03-05T15:39:38","date_gmt":"2026-03-05T14:39:38","guid":{"rendered":"https:\/\/ritosa.click.si\/?post_type=product&#038;p=20603"},"modified":"2026-03-05T15:44:07","modified_gmt":"2026-03-05T14:44:07","slug":"dalbello-cx-3-0-cabrio-2026","status":"publish","type":"product","link":"https:\/\/ritosa.click.si\/hr\/ducan\/skijanje\/smucarska-oprema\/smucarski-cevlji\/otroski-smucarski-cevlji\/dalbello-cx-3-0-cabrio-2026\/","title":{"rendered":"Dalbello CX 3.0 CABRIO 2026"},"content":{"rendered":"<p>Razviti so bili z namenom, da otrokom pomagajo izbolj\u0161ati svoje smu\u010danje, hkrati pa zagotavljajo toploto, udobje in zmogljivost. Modeli\u00a0<strong>CX<\/strong>\u00a0so izjemno enostavni za obuvanje in sezuvanje, ponujajo popolno prileganje in pravilno upogibnost za prehod na naslednjo raven znanja.<br \/>\nModel\u00a0<strong>CX 3.0<\/strong>\u00a0ima\u00a0<strong>trojni zatezni sistem<\/strong>\u00a0s tremi zaponkami ter zanesljiv in udoben notranji \u010develj\u00a0<strong>Supercomfort Junior<\/strong>. Vnaprej name\u0161\u010deni podplati\u00a0<strong>GripWalk<\/strong>\u00a0zagotavljajo ve\u010dje udobje pri hoji in bolj\u0161i oprijem.<\/p>\n<hr \/>\n<h4><strong>Zna\u010dajke:<\/strong><\/h4>\n<ul>\n<li><strong>Notranji \u010develj:\u00a0<\/strong>SUPERCOMFORT J<\/li>\n<li><strong>\u0160irina kopita (mm):\u00a0<\/strong>Junior Last<\/li>\n<li><strong>Materijal \u0161koljke:\u00a0<\/strong>DB Hyperlite<\/li>\n<li><strong>Material man\u0161ete:\u00a0<\/strong>DB Hyperlite<\/li>\n<li><strong>Flex:\u00a0<\/strong>30<\/li>\n<\/ul>\n<h4>Tablica veli\u010dina<\/h4>\n<table>\n<thead>\n<tr>\n<th>Boot Sole Length (mm)<\/th>\n<th>MONDO POINT<\/th>\n<th>US SIZES &#8211; MEN<\/th>\n<th>US SIZES &#8211; WOMEN<\/th>\n<th>EU. ADULT<\/th>\n<th>UK ADULT<\/th>\n<\/tr>\n<\/thead>\n<tbody>\n<tr>\n<td><span class=\"desktop-text\">268<\/span><\/td>\n<td><span class=\"desktop-text\">22.5<\/span><\/td>\n<td><span class=\"desktop-text\">\u2013<\/span><\/td>\n<td><span class=\"desktop-text\">5.5<\/span><\/td>\n<td><span class=\"desktop-text\">36<\/span><\/td>\n<td><span class=\"desktop-text\">3.5<\/span><\/td>\n<\/tr>\n<tr>\n<td><span class=\"desktop-text\">278<\/span><\/td>\n<td><span class=\"desktop-text\">23.5<\/span><\/td>\n<td><span class=\"desktop-text\">\u2013<\/span><\/td>\n<td><span class=\"desktop-text\">6.5<\/span><\/td>\n<td><span class=\"desktop-text\">37.5<\/span><\/td>\n<td><span class=\"desktop-text\">4.5<\/span><\/td>\n<\/tr>\n<tr>\n<td><span class=\"desktop-text\">288<\/span><\/td>\n<td><span class=\"desktop-text\">24.5<\/span><\/td>\n<td><span class=\"desktop-text\">6.5<\/span><\/td>\n<td><span class=\"desktop-text\">7.5<\/span><\/td>\n<td><span class=\"desktop-text\">39<\/span><\/td>\n<td><span class=\"desktop-text\">5.5<\/span><\/td>\n<\/tr>\n<tr>\n<td><span class=\"desktop-text\">298<\/span><\/td>\n<td><span class=\"desktop-text\">25.5<\/span><\/td>\n<td><span class=\"desktop-text\">7.5<\/span><\/td>\n<td><span class=\"desktop-text\">8.5<\/span><\/td>\n<td><span class=\"desktop-text\">40<\/span><\/td>\n<td><span class=\"desktop-text\">6.5<\/span><\/td>\n<\/tr>\n<tr>\n<td><span class=\"desktop-text\">308<\/span><\/td>\n<td><span class=\"desktop-text\">26.5<\/span><\/td>\n<td><span class=\"desktop-text\">8.5<\/span><\/td>\n<td><span class=\"desktop-text\">9.5<\/span><\/td>\n<td><span class=\"desktop-text\">41.5<\/span><\/td>\n<td><span class=\"desktop-text\">7.5<\/span><\/td>\n<\/tr>\n<tr>\n<td><span class=\"desktop-text\">318<\/span><\/td>\n<td><span class=\"desktop-text\">27.5<\/span><\/td>\n<td><span class=\"desktop-text\">9.5<\/span><\/td>\n<td><span class=\"desktop-text\">10.5<\/span><\/td>\n<td><span class=\"desktop-text\">42.5<\/span><\/td>\n<td><span class=\"desktop-text\">8.5<\/span><\/td>\n<\/tr>\n<tr>\n<td><span class=\"desktop-text\">328<\/span><\/td>\n<td><span class=\"desktop-text\">28.5<\/span><\/td>\n<td><span class=\"desktop-text\">10.5<\/span><\/td>\n<td><span class=\"desktop-text\">\u2013<\/span><\/td>\n<td><span class=\"desktop-text\">44<\/span><\/td>\n<td><span class=\"desktop-text\">9.5<\/span><\/td>\n<\/tr>\n<tr>\n<td><span class=\"desktop-text\">338<\/span><\/td>\n<td><span class=\"desktop-text\">29.5<\/span><\/td>\n<td><span class=\"desktop-text\">11.5<\/span><\/td>\n<td><span class=\"desktop-text\">\u2013<\/span><\/td>\n<td><span class=\"desktop-text\">45.5<\/span><\/td>\n<td><span class=\"desktop-text\">10.5<\/span><\/td>\n<\/tr>\n<tr>\n<td><span class=\"desktop-text\">348<\/span><\/td>\n<td><span class=\"desktop-text\">30.5<\/span><\/td>\n<td><span class=\"desktop-text\">12.5<\/span><\/td>\n<td><span class=\"desktop-text\">\u2013<\/span><\/td>\n<td><span class=\"desktop-text\">47.5<\/span><\/td>\n<td><span class=\"desktop-text\">11.5<\/span><\/td>\n<\/tr>\n<\/tbody>\n<\/table>","protected":false},"excerpt":{"rendered":"<p><span style=\"color: #000000\">Otro\u0161ki smu\u010darski \u010devlji\u00a0Dalbello CX 3.0 CABRIO pink\/white<\/span><\/p>","protected":false},"featured_media":20612,"template":"","meta":{"_acf_changed":false,"inline_featured_image":false},"product_brand":[1191],"product_cat":[568],"product_tag":[2190,1198],"class_list":{"0":"post-20603","1":"product","2":"type-product","3":"status-publish","4":"has-post-thumbnail","6":"product_brand-dalbello","7":"product_cat-otroski-smucarski-cevlji","8":"product_tag-dellbelo-dekliski-smucarski-cevlji","9":"product_tag-otroci","10":"pa_velikost-24-24-5","12":"first","13":"instock","14":"sale","15":"taxable","16":"shipping-taxable","17":"purchasable","18":"product-type-variable"},"acf":[],"_links":{"self":[{"href":"https:\/\/ritosa.click.si\/hr\/wp-json\/wp\/v2\/product\/20603","targetHints":{"allow":["GET"]}}],"collection":[{"href":"https:\/\/ritosa.click.si\/hr\/wp-json\/wp\/v2\/product"}],"about":[{"href":"https:\/\/ritosa.click.si\/hr\/wp-json\/wp\/v2\/types\/product"}],"wp:featuredmedia":[{"embeddable":true,"href":"https:\/\/ritosa.click.si\/hr\/wp-json\/wp\/v2\/media\/20612"}],"wp:attachment":[{"href":"https:\/\/ritosa.click.si\/hr\/wp-json\/wp\/v2\/media?parent=20603"}],"wp:term":[{"taxonomy":"product_brand","embeddable":true,"href":"https:\/\/ritosa.click.si\/hr\/wp-json\/wp\/v2\/product_brand?post=20603"},{"taxonomy":"product_cat","embeddable":true,"href":"https:\/\/ritosa.click.si\/hr\/wp-json\/wp\/v2\/product_cat?post=20603"},{"taxonomy":"product_tag","embeddable":true,"href":"https:\/\/ritosa.click.si\/hr\/wp-json\/wp\/v2\/product_tag?post=20603"}],"curies":[{"name":"radni list","href":"https:\/\/api.w.org\/{rel}","templated":true}]}}