{"id":20583,"date":"2026-03-05T13:23:06","date_gmt":"2026-03-05T12:23:06","guid":{"rendered":"https:\/\/ritosa.click.si\/?post_type=product&#038;p=20583"},"modified":"2026-03-27T17:55:55","modified_gmt":"2026-03-27T16:55:55","slug":"kolesarska-majica-force-shard","status":"publish","type":"product","link":"https:\/\/ritosa.click.si\/hr\/ducan\/biciklizam\/oprema-za-biciklizam\/kolesarska-oblacila\/enska-oblacila\/zenske-majice\/kolesarska-majica-force-shard\/","title":{"rendered":"Biciklisti\u010dki dres Force Shard"},"content":{"rendered":"<p>Biciklisti\u010dki dres Force kratkih rukava s patentnim zatvara\u010dem po cijeloj du\u017eini.<\/p>\n<ul>\n<li>3 stra\u017enja d\u017eepa, YKK patentni zatvara\u010d<\/li>\n<li>Elasti\u010dni rub s protukliznim silikonom u struku.<\/li>\n<li>Protuklizne narukvice, reflektiraju\u0107i elementi.<\/li>\n<li>Temperaturna oznaka +20 \u00b0C i vi\u0161e<\/li>\n<li>Materijal: 100% poliester<\/li>\n<\/ul>","protected":false},"excerpt":{"rendered":"<p>\u017denska biciklisti\u010dka majica kratkih rukava Force Shard.<\/p>","protected":false},"featured_media":20587,"template":"","meta":{"_acf_changed":false,"inline_featured_image":false,"_monsterinsights_skip_tracking":false,"_monsterinsights_sitenote_active":false,"_monsterinsights_sitenote_note":"","_monsterinsights_sitenote_category":0},"product_brand":[1559],"product_cat":[625],"product_tag":[1991,2188,1201,2187],"class_list":{"0":"post-20583","1":"product","2":"type-product","3":"status-publish","4":"has-post-thumbnail","6":"product_brand-force","7":"product_cat-zenske-majice","8":"product_tag-kolesarska-majica","9":"product_tag-kolesarske-majice-s-kratkimi-rokavi","10":"product_tag-outlet","11":"product_tag-zenske-kolesarske-majice","12":"pa_velikost-l","13":"pa_velikost-m","14":"pa_velikost-xl","16":"first","17":"instock","18":"sale","19":"taxable","20":"shipping-taxable","21":"purchasable","22":"product-type-variable"},"acf":[],"aioseo_notices":[],"_links":{"self":[{"href":"https:\/\/ritosa.click.si\/hr\/wp-json\/wp\/v2\/product\/20583","targetHints":{"allow":["GET"]}}],"collection":[{"href":"https:\/\/ritosa.click.si\/hr\/wp-json\/wp\/v2\/product"}],"about":[{"href":"https:\/\/ritosa.click.si\/hr\/wp-json\/wp\/v2\/types\/product"}],"wp:featuredmedia":[{"embeddable":true,"href":"https:\/\/ritosa.click.si\/hr\/wp-json\/wp\/v2\/media\/20587"}],"wp:attachment":[{"href":"https:\/\/ritosa.click.si\/hr\/wp-json\/wp\/v2\/media?parent=20583"}],"wp:term":[{"taxonomy":"product_brand","embeddable":true,"href":"https:\/\/ritosa.click.si\/hr\/wp-json\/wp\/v2\/product_brand?post=20583"},{"taxonomy":"product_cat","embeddable":true,"href":"https:\/\/ritosa.click.si\/hr\/wp-json\/wp\/v2\/product_cat?post=20583"},{"taxonomy":"product_tag","embeddable":true,"href":"https:\/\/ritosa.click.si\/hr\/wp-json\/wp\/v2\/product_tag?post=20583"}],"curies":[{"name":"radni list","href":"https:\/\/api.w.org\/{rel}","templated":true}]}}