{"id":20465,"date":"2026-02-12T10:01:32","date_gmt":"2026-02-12T09:01:32","guid":{"rendered":"https:\/\/ritosa.click.si\/?post_type=product&#038;p=20465"},"modified":"2026-03-27T17:35:16","modified_gmt":"2026-03-27T16:35:16","slug":"tofit-hlace-giau-z-naramnicami","status":"publish","type":"product","link":"https:\/\/ritosa.click.si\/hr\/ducan\/biciklizam\/oprema-za-biciklizam\/kolesarska-oblacila\/moska-oblacila\/moske-hlace\/tofit-hlace-giau-z-naramnicami\/","title":{"rendered":"Hla\u010de Tofit Giau s naramenicama"},"content":{"rendered":"<p data-start=\"97\" data-end=\"699\">Glavni dio je izra\u0111en od elasti\u010dne i kompresijske Thunderbike Power tkanine.<br data-start=\"211\" data-end=\"214\" \/>Novi elasti\u010dni obrubci na ravnim naramenicama od mikrovlakana.<br data-start=\"272\" data-end=\"275\" \/>Stra\u017enja strana je izra\u0111ena od prozra\u010dne mre\u017easte tkanine s ravnim 4-igli\u010dastim \u0161avovima od vrlo mekane \u0161uplje pre\u0111e.<br data-start=\"369\" data-end=\"372\" \/>Elasti\u010dna traka od mikrovlakana od 8 mm na dnu hla\u010da, s vertikalno otisnutim hipoalergenim silikonom za bolje prianjanje uz ko\u017eu.<br data-start=\"504\" data-end=\"507\" \/>Canareggio ulo\u017eak gusto\u0107e 130 kg za dobro pristajanje; dodatno sadr\u017ei vrlo prozra\u010dni pjenasti ulo\u017eak koji se prilago\u0111ava svakoj vrsti sjedala.<br data-start=\"642\" data-end=\"645\" \/>Ulo\u017eak je prikladan za duge vo\u017enje i vo\u017enje od 8-9 sati.<\/p>\n<p data-start=\"701\" data-end=\"764\">Sastav: 80 % PA, 20 % EA<br data-start=\"726\" data-end=\"729\" \/>Unutarnji umetak: 83 % PL, 17 % EA<\/p>","protected":false},"excerpt":{"rendered":"<p>Biciklisti\u010dke kratke hla\u010de s naramenicama prikladne za duge vo\u017enje.<\/p>","protected":false},"featured_media":20469,"template":"","meta":{"_acf_changed":false,"inline_featured_image":false},"product_brand":[1975],"product_cat":[623],"product_tag":[2134,2132,2148,1200,1979,2147],"class_list":{"0":"post-20465","1":"product","2":"type-product","3":"status-publish","4":"has-post-thumbnail","6":"product_brand-tofit","7":"product_cat-moske-hlace","8":"product_tag-hlace","9":"product_tag-kolesarske-hlace","10":"product_tag-kolesarske-hlace-tofit-giau","11":"product_tag-moski","12":"product_tag-tofit","13":"product_tag-tofit-giau","14":"pa_velikost-l","15":"pa_velikost-xl","16":"pa_velikost-xxl","17":"pa_velikost-xxxl","19":"first","20":"instock","21":"sale","22":"taxable","23":"shipping-taxable","24":"purchasable","25":"product-type-variable"},"acf":[],"_links":{"self":[{"href":"https:\/\/ritosa.click.si\/hr\/wp-json\/wp\/v2\/product\/20465","targetHints":{"allow":["GET"]}}],"collection":[{"href":"https:\/\/ritosa.click.si\/hr\/wp-json\/wp\/v2\/product"}],"about":[{"href":"https:\/\/ritosa.click.si\/hr\/wp-json\/wp\/v2\/types\/product"}],"wp:featuredmedia":[{"embeddable":true,"href":"https:\/\/ritosa.click.si\/hr\/wp-json\/wp\/v2\/media\/20469"}],"wp:attachment":[{"href":"https:\/\/ritosa.click.si\/hr\/wp-json\/wp\/v2\/media?parent=20465"}],"wp:term":[{"taxonomy":"product_brand","embeddable":true,"href":"https:\/\/ritosa.click.si\/hr\/wp-json\/wp\/v2\/product_brand?post=20465"},{"taxonomy":"product_cat","embeddable":true,"href":"https:\/\/ritosa.click.si\/hr\/wp-json\/wp\/v2\/product_cat?post=20465"},{"taxonomy":"product_tag","embeddable":true,"href":"https:\/\/ritosa.click.si\/hr\/wp-json\/wp\/v2\/product_tag?post=20465"}],"curies":[{"name":"radni list","href":"https:\/\/api.w.org\/{rel}","templated":true}]}}