{"id":20448,"date":"2026-02-11T13:31:20","date_gmt":"2026-02-11T12:31:20","guid":{"rendered":"https:\/\/ritosa.click.si\/?post_type=product&#038;p=20448"},"modified":"2026-03-25T09:30:36","modified_gmt":"2026-03-25T08:30:36","slug":"elan-bermuda-kolesarske-hlace","status":"publish","type":"product","link":"https:\/\/ritosa.click.si\/hr\/ducan\/biciklizam\/oprema-za-biciklizam\/kolesarska-oblacila\/enska-oblacila\/zenske-hlace\/elan-bermuda-kolesarske-hlace\/","title":{"rendered":"Elan bermude za biciklizam"},"content":{"rendered":"<div class=\"pdp-attributes__collapsible allow active\" role=\"tab\" data-role=\"collapsible\" data-collapsible=\"true\" aria-expanded=\"true\">\n<div class=\"pdp-attributes__trigger\" data-role=\"trigger\">\n<div class=\"product attribute overview\">\n<div class=\"value\">\n<p>Izra\u0111ene su od elasti\u010dnog materijala i pru\u017eaju fleksibilnost pri svakom pokretu. Silikonski dodaci na struku osiguravaju da hla\u010de ostanu na mjestu \u010dak i tijekom intenzivnih aktivnosti. Hla\u010de su dizajnirane za razne aktivnosti na otvorenom. Izra\u0111ene su od laganog, prozra\u010dnog materijala koji poti\u010de cirkulaciju zraka za svje\u017einu i udobnost. Dva bo\u010dna d\u017eepa i d\u017eep s patentnim zatvara\u010dem na nozi omogu\u0107uju vam sigurno spremanje telefona i ostalih potrep\u0161tina. Kratke hla\u010de su tako\u0111er opremljene reflektiraju\u0107im detaljima za bolju vidljivost i sigurnost u uvjetima slabog osvjetljenja.<\/p>\n<\/div>\n<\/div>\n<p class=\"pdp-attributes__title\">Klju\u010dne zna\u010dajke<\/p>\n<\/div>\n<div class=\"pdp-attributes__content\" role=\"tabpanel\" data-role=\"content\" aria-hidden=\"false\">\n<div class=\"pdp-attributes__sustainability\">\n<ul class=\"checkmark\">\n<li>Funkcionalne biciklisti\u010dke kratke hla\u010de<\/li>\n<li>Elasti\u010dni materijal rastezljiv u 4 smjera<\/li>\n<li>Silikonski umeci protiv klizanja u pojasu<\/li>\n<li>Sustav za pode\u0161avanje \u010di\u010dkom u struku<\/li>\n<li>Dva bo\u010dna d\u017eepa i d\u017eep s patentnim zatvara\u010dem na nozi<\/li>\n<li>Otvori za bolju cirkulaciju zraka<\/li>\n<li>Reflektiraju\u0107i elementi dizajna<\/li>\n<li>Materijal: 90% poliamid \/ 10% elastan<\/li>\n<\/ul>\n<\/div>\n<\/div>\n<\/div>","protected":false},"excerpt":{"rendered":"<p>\u017denske kratke hla\u010de Elan brzo \u0107e postati va\u0161 omiljeni izbor za brdski biciklizam i avanture na otvorenom, pru\u017eaju\u0107i udobnost i prakti\u010dnost.<\/p>","protected":false},"featured_media":20438,"template":"","meta":{"_acf_changed":false,"inline_featured_image":false,"_monsterinsights_skip_tracking":false,"_monsterinsights_sitenote_active":false,"_monsterinsights_sitenote_note":"","_monsterinsights_sitenote_category":0},"product_brand":[677],"product_cat":[633],"product_tag":[1946,2142,2134,2139,2133,2132],"class_list":{"0":"post-20448","1":"product","2":"type-product","3":"status-publish","4":"has-post-thumbnail","6":"product_brand-elan","7":"product_cat-zenske-hlace","8":"product_tag-elan","9":"product_tag-elan-kolesarske-hlace","10":"product_tag-hlace","11":"product_tag-hlace-elan","12":"product_tag-hlace-za-na-kolo","13":"product_tag-kolesarske-hlace","14":"pa_velikost-l","15":"pa_velikost-m","17":"first","18":"instock","19":"sale","20":"taxable","21":"shipping-taxable","22":"purchasable","23":"product-type-variable"},"acf":[],"aioseo_notices":[],"_links":{"self":[{"href":"https:\/\/ritosa.click.si\/hr\/wp-json\/wp\/v2\/product\/20448","targetHints":{"allow":["GET"]}}],"collection":[{"href":"https:\/\/ritosa.click.si\/hr\/wp-json\/wp\/v2\/product"}],"about":[{"href":"https:\/\/ritosa.click.si\/hr\/wp-json\/wp\/v2\/types\/product"}],"wp:featuredmedia":[{"embeddable":true,"href":"https:\/\/ritosa.click.si\/hr\/wp-json\/wp\/v2\/media\/20438"}],"wp:attachment":[{"href":"https:\/\/ritosa.click.si\/hr\/wp-json\/wp\/v2\/media?parent=20448"}],"wp:term":[{"taxonomy":"product_brand","embeddable":true,"href":"https:\/\/ritosa.click.si\/hr\/wp-json\/wp\/v2\/product_brand?post=20448"},{"taxonomy":"product_cat","embeddable":true,"href":"https:\/\/ritosa.click.si\/hr\/wp-json\/wp\/v2\/product_cat?post=20448"},{"taxonomy":"product_tag","embeddable":true,"href":"https:\/\/ritosa.click.si\/hr\/wp-json\/wp\/v2\/product_tag?post=20448"}],"curies":[{"name":"radni list","href":"https:\/\/api.w.org\/{rel}","templated":true}]}}