{"id":20443,"date":"2026-02-11T13:16:13","date_gmt":"2026-02-11T12:16:13","guid":{"rendered":"https:\/\/ritosa.click.si\/?post_type=product&#038;p=20443"},"modified":"2026-03-25T09:30:36","modified_gmt":"2026-03-25T08:30:36","slug":"elan-kolesarske-hlace","status":"publish","type":"product","link":"https:\/\/ritosa.click.si\/hr\/ducan\/biciklizam\/oprema-za-biciklizam\/kolesarska-oblacila\/enska-oblacila\/zenske-hlace\/elan-kolesarske-hlace\/","title":{"rendered":"Elan biciklisti\u010dke hla\u010de"},"content":{"rendered":"<p>Brzosu\u0161e\u0107i materijal osigurava udobnost, dok uski kroj pru\u017ea slobodu kretanja \u010dak i na najdu\u017eim biciklisti\u010dkim avanturama. Ergonomski jastu\u010di\u0107 smanjuje pritisak i trenje na sjedalu, a silikonski dodaci na struku i nogavicama osiguravaju da hla\u010de ostanu sigurno na mjestu \u010dak i tijekom intenzivne vo\u017enje bicikla. Reflektiraju\u0107i elementi pove\u0107avaju vidljivost u uvjetima slabog osvjetljenja i pru\u017eaju dodatnu sigurnost.<\/p>\n<div class=\"pdp-attributes__collapsible allow active\" role=\"tab\" data-role=\"collapsible\" data-collapsible=\"true\" aria-expanded=\"true\">\n<div class=\"pdp-attributes__trigger\" data-role=\"trigger\">\n<p class=\"pdp-attributes__title\">Klju\u010dne zna\u010dajke<\/p>\n<\/div>\n<div class=\"pdp-attributes__content\" role=\"tabpanel\" data-role=\"content\" aria-hidden=\"false\">\n<div class=\"pdp-attributes__sustainability\">\n<ul class=\"checkmark\">\n<li>Elasti\u010dni \u0161avovi<\/li>\n<li>Reflektiraju\u0107i elementi dizajna<\/li>\n<li>Silikonski umeci protiv klizanja u pojasu<\/li>\n<li>Silikonski umeci na donjem rubu<\/li>\n<li>Ergonomska prostirka<\/li>\n<li>Prozra\u010dni i elasti\u010dni materijal<\/li>\n<li>Materijal: 80% poliamid, 20% elastan<\/li>\n<li>Umetak: 100% poliester<\/li>\n<\/ul>\n<\/div>\n<\/div>\n<\/div>","protected":false},"excerpt":{"rendered":"<p>\u017denske biciklisti\u010dke kratke hla\u010de Elan odli\u010dan su izbor za biciklistkinje koje vole ceste ili makadamske puteve ter cijene funkcionalnost i pouzdanost.<\/p>","protected":false},"featured_media":20445,"template":"","meta":{"_acf_changed":false,"inline_featured_image":false,"_monsterinsights_skip_tracking":false,"_monsterinsights_sitenote_active":false,"_monsterinsights_sitenote_note":"","_monsterinsights_sitenote_category":0},"product_brand":[677],"product_cat":[633],"product_tag":[1946,2142,2134,2139,2133,2132],"class_list":{"0":"post-20443","1":"product","2":"type-product","3":"status-publish","4":"has-post-thumbnail","6":"product_brand-elan","7":"product_cat-zenske-hlace","8":"product_tag-elan","9":"product_tag-elan-kolesarske-hlace","10":"product_tag-hlace","11":"product_tag-hlace-elan","12":"product_tag-hlace-za-na-kolo","13":"product_tag-kolesarske-hlace","14":"pa_velikost-l","15":"pa_velikost-m","16":"pa_velikost-xl","18":"first","19":"instock","20":"sale","21":"taxable","22":"shipping-taxable","23":"purchasable","24":"product-type-variable"},"acf":[],"aioseo_notices":[],"_links":{"self":[{"href":"https:\/\/ritosa.click.si\/hr\/wp-json\/wp\/v2\/product\/20443","targetHints":{"allow":["GET"]}}],"collection":[{"href":"https:\/\/ritosa.click.si\/hr\/wp-json\/wp\/v2\/product"}],"about":[{"href":"https:\/\/ritosa.click.si\/hr\/wp-json\/wp\/v2\/types\/product"}],"wp:featuredmedia":[{"embeddable":true,"href":"https:\/\/ritosa.click.si\/hr\/wp-json\/wp\/v2\/media\/20445"}],"wp:attachment":[{"href":"https:\/\/ritosa.click.si\/hr\/wp-json\/wp\/v2\/media?parent=20443"}],"wp:term":[{"taxonomy":"product_brand","embeddable":true,"href":"https:\/\/ritosa.click.si\/hr\/wp-json\/wp\/v2\/product_brand?post=20443"},{"taxonomy":"product_cat","embeddable":true,"href":"https:\/\/ritosa.click.si\/hr\/wp-json\/wp\/v2\/product_cat?post=20443"},{"taxonomy":"product_tag","embeddable":true,"href":"https:\/\/ritosa.click.si\/hr\/wp-json\/wp\/v2\/product_tag?post=20443"}],"curies":[{"name":"radni list","href":"https:\/\/api.w.org\/{rel}","templated":true}]}}