{"id":20394,"date":"2025-11-17T20:34:55","date_gmt":"2025-11-17T19:34:55","guid":{"rendered":"https:\/\/ritosa.click.si\/?post_type=product&#038;p=20394"},"modified":"2026-03-27T17:35:30","modified_gmt":"2026-03-27T16:35:30","slug":"kolesarski-dres-nogal-ziener","status":"publish","type":"product","link":"https:\/\/ritosa.click.si\/hr\/ducan\/biciklizam\/oprema-za-biciklizam\/kolesarska-oblacila\/moska-oblacila\/moske-majice\/kolesarski-dres-nogal-ziener\/","title":{"rendered":"Biciklisti\u010dki dres NOGAL Ziener"},"content":{"rendered":"<p>Mu\u0161ki biciklisti\u010dki dres Ziener NOGAL od elasti\u010dnog materijala pru\u017ea optimalnu slobodu kretanja, dok mre\u017easti umetci na le\u0111ima i ispod rukava osiguravaju izvrsnu ventilaciju. Obojeni silikonski premaz nanesen je na rukave i donji rub \u2013 \u0161to ne daje samo stil ve\u0107 i savr\u0161eno prianjanje. Tri stra\u017enja d\u017eepa pru\u017eaju dovoljno prostora za osobne predmete. Osim toga, sredi\u0161nji d\u017eep ima tekstilni preklop koji sprje\u010dava ispadanje sadr\u017eaja.<\/p>","protected":false},"excerpt":{"rendered":"<p>Biciklisti\u010dki dres Ziener Nogal s kratkim rukavima.<\/p>","protected":false},"featured_media":20397,"template":"","meta":{"_acf_changed":false,"inline_featured_image":false,"_monsterinsights_skip_tracking":false,"_monsterinsights_sitenote_active":false,"_monsterinsights_sitenote_note":"","_monsterinsights_sitenote_category":0},"product_brand":[682],"product_cat":[622],"product_tag":[1991,2119,2112,2120,2117,1200],"class_list":{"0":"post-20394","1":"product","2":"type-product","3":"status-publish","4":"has-post-thumbnail","6":"product_brand-ziener","7":"product_cat-moske-majice","8":"product_tag-kolesarska-majica","9":"product_tag-kolesarska-majica-ziener","10":"product_tag-kolesarski-dres","11":"product_tag-kolesarski-dres-nogal-ziener","12":"product_tag-kolesarski-dres-ziener","13":"product_tag-moski","14":"pa_velikost-50-2","16":"first","17":"instock","18":"sale","19":"taxable","20":"shipping-taxable","21":"purchasable","22":"product-type-variable"},"acf":[],"aioseo_notices":[],"_links":{"self":[{"href":"https:\/\/ritosa.click.si\/hr\/wp-json\/wp\/v2\/product\/20394","targetHints":{"allow":["GET"]}}],"collection":[{"href":"https:\/\/ritosa.click.si\/hr\/wp-json\/wp\/v2\/product"}],"about":[{"href":"https:\/\/ritosa.click.si\/hr\/wp-json\/wp\/v2\/types\/product"}],"wp:featuredmedia":[{"embeddable":true,"href":"https:\/\/ritosa.click.si\/hr\/wp-json\/wp\/v2\/media\/20397"}],"wp:attachment":[{"href":"https:\/\/ritosa.click.si\/hr\/wp-json\/wp\/v2\/media?parent=20394"}],"wp:term":[{"taxonomy":"product_brand","embeddable":true,"href":"https:\/\/ritosa.click.si\/hr\/wp-json\/wp\/v2\/product_brand?post=20394"},{"taxonomy":"product_cat","embeddable":true,"href":"https:\/\/ritosa.click.si\/hr\/wp-json\/wp\/v2\/product_cat?post=20394"},{"taxonomy":"product_tag","embeddable":true,"href":"https:\/\/ritosa.click.si\/hr\/wp-json\/wp\/v2\/product_tag?post=20394"}],"curies":[{"name":"radni list","href":"https:\/\/api.w.org\/{rel}","templated":true}]}}