{"id":20385,"date":"2025-11-17T20:08:40","date_gmt":"2025-11-17T19:08:40","guid":{"rendered":"https:\/\/ritosa.click.si\/?post_type=product&#038;p=20385"},"modified":"2026-03-27T17:35:41","modified_gmt":"2026-03-27T16:35:41","slug":"kolesarski-dres-nelete-ziener","status":"publish","type":"product","link":"https:\/\/ritosa.click.si\/hr\/ducan\/biciklizam\/oprema-za-biciklizam\/kolesarska-oblacila\/moska-oblacila\/moske-majice\/kolesarski-dres-nelete-ziener\/","title":{"rendered":"Biciklisti\u010dki dres NELETE Ziener"},"content":{"rendered":"<p>Funkcionalni biciklisti\u010dki dres ZIENER NELETE MAN ima prednji patentni zatvara\u010d po cijeloj du\u017eini te mre\u017easte umetke sa strane i ispod rukava za optimalnu ventilaciju. Silikonski premaz na rubu osigurava savr\u0161eno prianjanje, a brzo su\u0161e\u0107a rastezljiva tkanina jam\u010di maksimalne performanse. Tri stra\u017enja d\u017eepa i jedan d\u017eep s patentnim zatvara\u010dem pru\u017eaju dovoljno prostora za osobne predmete. Moderan sublimacijski print po cijeloj povr\u0161ini daje stilski izgled na biciklu.<\/p>","protected":false},"excerpt":{"rendered":"<p>Biciklisti\u010dki dres Ziener Nelete s kratkim rukavima.<\/p>","protected":false},"featured_media":20392,"template":"","meta":{"_acf_changed":false,"inline_featured_image":false},"product_brand":[682],"product_cat":[622],"product_tag":[1991,2119,2112,2118,2117,1200],"class_list":{"0":"post-20385","1":"product","2":"type-product","3":"status-publish","4":"has-post-thumbnail","6":"product_brand-ziener","7":"product_cat-moske-majice","8":"product_tag-kolesarska-majica","9":"product_tag-kolesarska-majica-ziener","10":"product_tag-kolesarski-dres","11":"product_tag-kolesarski-dres-nelete-ziener","12":"product_tag-kolesarski-dres-ziener","13":"product_tag-moski","14":"pa_velikost-1091","16":"first","17":"instock","18":"sale","19":"taxable","20":"shipping-taxable","21":"purchasable","22":"product-type-variable"},"acf":[],"_links":{"self":[{"href":"https:\/\/ritosa.click.si\/hr\/wp-json\/wp\/v2\/product\/20385","targetHints":{"allow":["GET"]}}],"collection":[{"href":"https:\/\/ritosa.click.si\/hr\/wp-json\/wp\/v2\/product"}],"about":[{"href":"https:\/\/ritosa.click.si\/hr\/wp-json\/wp\/v2\/types\/product"}],"wp:featuredmedia":[{"embeddable":true,"href":"https:\/\/ritosa.click.si\/hr\/wp-json\/wp\/v2\/media\/20392"}],"wp:attachment":[{"href":"https:\/\/ritosa.click.si\/hr\/wp-json\/wp\/v2\/media?parent=20385"}],"wp:term":[{"taxonomy":"product_brand","embeddable":true,"href":"https:\/\/ritosa.click.si\/hr\/wp-json\/wp\/v2\/product_brand?post=20385"},{"taxonomy":"product_cat","embeddable":true,"href":"https:\/\/ritosa.click.si\/hr\/wp-json\/wp\/v2\/product_cat?post=20385"},{"taxonomy":"product_tag","embeddable":true,"href":"https:\/\/ritosa.click.si\/hr\/wp-json\/wp\/v2\/product_tag?post=20385"}],"curies":[{"name":"radni list","href":"https:\/\/api.w.org\/{rel}","templated":true}]}}