{"id":20377,"date":"2025-11-17T18:55:26","date_gmt":"2025-11-17T17:55:26","guid":{"rendered":"https:\/\/ritosa.click.si\/?post_type=product&#038;p=20377"},"modified":"2026-04-07T13:37:36","modified_gmt":"2026-04-07T11:37:36","slug":"kolesarski-dres-narius-ziener","status":"publish","type":"product","link":"https:\/\/ritosa.click.si\/hr\/ducan\/biciklizam\/oprema-za-biciklizam\/kolesarska-oblacila\/moska-oblacila\/moske-majice\/kolesarski-dres-narius-ziener\/","title":{"rendered":"Biciklisti\u010dki dres NARIUS Ziener"},"content":{"rendered":"<p>Funkcionalni biciklisti\u010dki dres ZIENER NARIUS MAN s patentnim zatvara\u010dem sprijeda nudi optimalnu udobnost i maksimalne performanse zahvaljuju\u0107i brzosu\u0161e\u0107em drirelease\u00ae materijalu. Tkanina je ugodna na dodir, sli\u010dna pamuku. Zahvaljuju\u0107i visokou\u010dinkovitom sastavu vlakana, su\u0161i se \u010detiri puta br\u017ee od obi\u010dnog pamuka. Biciklisti\u010dki dres tako\u0111er ima mre\u017easte dijelove ispod rukava za optimalnu ventilaciju. Skriveni d\u017eep s patentnim zatvara\u010dem idealan je za pohranu va\u017enih stvari.<\/p>\n<p>&nbsp;<\/p>","protected":false},"excerpt":{"rendered":"<p>Biciklisti\u010dki dres Ziener Narius s kratkim rukavima.<\/p>","protected":false},"featured_media":20381,"template":"","meta":{"_acf_changed":false,"inline_featured_image":false,"_monsterinsights_skip_tracking":false,"_monsterinsights_sitenote_active":false,"_monsterinsights_sitenote_note":"","_monsterinsights_sitenote_category":0},"product_brand":[682],"product_cat":[622],"product_tag":[1991,2112,1200],"class_list":{"0":"post-20377","1":"product","2":"type-product","3":"status-publish","4":"has-post-thumbnail","6":"product_brand-ziener","7":"product_cat-moske-majice","8":"product_tag-kolesarska-majica","9":"product_tag-kolesarski-dres","10":"product_tag-moski","11":"pa_velikost-1090","12":"pa_velikost-1042","13":"pa_velikost-1091","15":"first","16":"instock","17":"sale","18":"taxable","19":"shipping-taxable","20":"purchasable","21":"product-type-variable"},"acf":[],"aioseo_notices":[],"_links":{"self":[{"href":"https:\/\/ritosa.click.si\/hr\/wp-json\/wp\/v2\/product\/20377","targetHints":{"allow":["GET"]}}],"collection":[{"href":"https:\/\/ritosa.click.si\/hr\/wp-json\/wp\/v2\/product"}],"about":[{"href":"https:\/\/ritosa.click.si\/hr\/wp-json\/wp\/v2\/types\/product"}],"wp:featuredmedia":[{"embeddable":true,"href":"https:\/\/ritosa.click.si\/hr\/wp-json\/wp\/v2\/media\/20381"}],"wp:attachment":[{"href":"https:\/\/ritosa.click.si\/hr\/wp-json\/wp\/v2\/media?parent=20377"}],"wp:term":[{"taxonomy":"product_brand","embeddable":true,"href":"https:\/\/ritosa.click.si\/hr\/wp-json\/wp\/v2\/product_brand?post=20377"},{"taxonomy":"product_cat","embeddable":true,"href":"https:\/\/ritosa.click.si\/hr\/wp-json\/wp\/v2\/product_cat?post=20377"},{"taxonomy":"product_tag","embeddable":true,"href":"https:\/\/ritosa.click.si\/hr\/wp-json\/wp\/v2\/product_tag?post=20377"}],"curies":[{"name":"radni list","href":"https:\/\/api.w.org\/{rel}","templated":true}]}}