{"id":20368,"date":"2025-11-10T13:21:56","date_gmt":"2025-11-10T12:21:56","guid":{"rendered":"https:\/\/ritosa.click.si\/?post_type=product&#038;p=20368"},"modified":"2026-03-06T15:33:12","modified_gmt":"2026-03-06T14:33:12","slug":"torba-za-smuci-elan-1p-2","status":"publish","type":"product","link":"https:\/\/ritosa.click.si\/hr\/ducan\/skijanje\/smucarska-oprema\/smucarske-torbe\/torba-za-smuci-elan-1p-2\/","title":{"rendered":"ELAN torba za skije (1 komad)"},"content":{"rendered":"<p>Torba Ski 1P idealno je rje\u0161enje za prijevoz jednog para skija. Izdr\u017eljiva i sigurna torba osigurava da va\u0161e skije ostanu za\u0161ti\u0107ene na svakom putovanju - avionom, automobilom ili vlakom.<\/p>\n<p><strong>Klju\u010dne zna\u010dilnosti<\/strong><\/p>\n<ul>\n<li>Te\u0161ki i izdr\u017eljivi materijal<\/li>\n<li>Vodootporno<\/li>\n<li>Jednostavan transport<\/li>\n<li>Kompresijske trake<\/li>\n<li>Sigurno zatvaranje patentnim zatvara\u010dem<\/li>\n<li>Duljina: 186 cm<\/li>\n<\/ul>","protected":false},"excerpt":{"rendered":"<div class=\"product attribute overview\">\n<div class=\"value\">\n<p>Torba Ski 1P idealno je rje\u0161enje za prijevoz jednog para skija. Izdr\u017eljiva i sigurna torba osigurava da va\u0161e skije ostanu za\u0161ti\u0107ene na svakom putovanju - avionom, automobilom ili vlakom.<\/p>\n<\/div>\n<\/div>","protected":false},"featured_media":20343,"template":"","meta":{"_acf_changed":false,"inline_featured_image":false,"_monsterinsights_skip_tracking":false,"_monsterinsights_sitenote_active":false,"_monsterinsights_sitenote_note":"","_monsterinsights_sitenote_category":0},"product_brand":[677],"product_cat":[570],"product_tag":[],"class_list":{"0":"post-20368","1":"product","2":"type-product","3":"status-publish","4":"has-post-thumbnail","6":"product_brand-elan","7":"product_cat-smucarske-torbe","9":"first","10":"instock","11":"sale","12":"taxable","13":"shipping-taxable","14":"purchasable","15":"product-type-simple"},"acf":[],"aioseo_notices":[],"_links":{"self":[{"href":"https:\/\/ritosa.click.si\/hr\/wp-json\/wp\/v2\/product\/20368","targetHints":{"allow":["GET"]}}],"collection":[{"href":"https:\/\/ritosa.click.si\/hr\/wp-json\/wp\/v2\/product"}],"about":[{"href":"https:\/\/ritosa.click.si\/hr\/wp-json\/wp\/v2\/types\/product"}],"wp:featuredmedia":[{"embeddable":true,"href":"https:\/\/ritosa.click.si\/hr\/wp-json\/wp\/v2\/media\/20343"}],"wp:attachment":[{"href":"https:\/\/ritosa.click.si\/hr\/wp-json\/wp\/v2\/media?parent=20368"}],"wp:term":[{"taxonomy":"product_brand","embeddable":true,"href":"https:\/\/ritosa.click.si\/hr\/wp-json\/wp\/v2\/product_brand?post=20368"},{"taxonomy":"product_cat","embeddable":true,"href":"https:\/\/ritosa.click.si\/hr\/wp-json\/wp\/v2\/product_cat?post=20368"},{"taxonomy":"product_tag","embeddable":true,"href":"https:\/\/ritosa.click.si\/hr\/wp-json\/wp\/v2\/product_tag?post=20368"}],"curies":[{"name":"radni list","href":"https:\/\/api.w.org\/{rel}","templated":true}]}}