{"id":20354,"date":"2025-11-10T12:37:39","date_gmt":"2025-11-10T11:37:39","guid":{"rendered":"https:\/\/ritosa.click.si\/?post_type=product&#038;p=20354"},"modified":"2026-03-07T11:16:55","modified_gmt":"2026-03-07T10:16:55","slug":"elan-hotrod-white-2","status":"publish","type":"product","link":"https:\/\/ritosa.click.si\/hr\/ducan\/skijanje\/smucarska-oprema\/smucarske-palice\/odrasle-smucarske-palice\/elan-hotrod-white-2\/","title":{"rendered":"Elan Hotrod White"},"content":{"rendered":"<p>\u0160tapi\u0107i\u00a0<strong>Elan Hotrod\u00a0<\/strong>napravljeni su od<strong>\u00a0visokokvalitetni i izuzetno izdr\u017eljivi aluminij 5083<\/strong>, promjera 16 mm, \u0161to osigurava stabilnu potporu u svim okretima.\u00a0<strong>Mekane ergonomske ru\u010dke i podesivi najlonski remeni<\/strong>\u00a0pru\u017eaju izvrstan prihvat i udobnost.<\/p>\n<p>Zna\u010dajke:<\/p>\n<ul>\n<li>Materijal: Aluminij 5083<\/li>\n<li>Promjer cijevi: 16 mm<\/li>\n<li>Ergonomske ru\u010dke Bulwark SIC Grip izra\u0111ene od jednog dijela<\/li>\n<li>Podesivi i podstavljeni remen za dodatnu udobnost<\/li>\n<li>Vrh \u010deli\u010dne \u0161ipke<\/li>\n<li>\u0160irina ko\u0161are: 55 mm<\/li>\n<\/ul>","protected":false},"excerpt":{"rendered":"<p>Upravlja\u010di Elan Hotrod izra\u0111eni su od visokokvalitetnog i izuzetno izdr\u017eljivog aluminija 5083, promjera 16 mm, \u0161to osigurava stabilnu potporu u svim zavojima. Mekane ergonomske ru\u010dke i podesivi najlonski remeni osiguravaju izvrstan hvat i udobnost.<\/p>","protected":false},"featured_media":20346,"template":"","meta":{"_acf_changed":false,"inline_featured_image":false},"product_brand":[677],"product_cat":[597],"product_tag":[],"class_list":{"0":"post-20354","1":"product","2":"type-product","3":"status-publish","4":"has-post-thumbnail","6":"product_brand-elan","7":"product_cat-odrasle-smucarske-palice","8":"pa_velikost-115-2","9":"pa_velikost-120-2","10":"pa_velikost-790","12":"first","13":"instock","14":"sale","15":"taxable","16":"shipping-taxable","17":"purchasable","18":"product-type-variable"},"acf":[],"_links":{"self":[{"href":"https:\/\/ritosa.click.si\/hr\/wp-json\/wp\/v2\/product\/20354","targetHints":{"allow":["GET"]}}],"collection":[{"href":"https:\/\/ritosa.click.si\/hr\/wp-json\/wp\/v2\/product"}],"about":[{"href":"https:\/\/ritosa.click.si\/hr\/wp-json\/wp\/v2\/types\/product"}],"wp:featuredmedia":[{"embeddable":true,"href":"https:\/\/ritosa.click.si\/hr\/wp-json\/wp\/v2\/media\/20346"}],"wp:attachment":[{"href":"https:\/\/ritosa.click.si\/hr\/wp-json\/wp\/v2\/media?parent=20354"}],"wp:term":[{"taxonomy":"product_brand","embeddable":true,"href":"https:\/\/ritosa.click.si\/hr\/wp-json\/wp\/v2\/product_brand?post=20354"},{"taxonomy":"product_cat","embeddable":true,"href":"https:\/\/ritosa.click.si\/hr\/wp-json\/wp\/v2\/product_cat?post=20354"},{"taxonomy":"product_tag","embeddable":true,"href":"https:\/\/ritosa.click.si\/hr\/wp-json\/wp\/v2\/product_tag?post=20354"}],"curies":[{"name":"radni list","href":"https:\/\/api.w.org\/{rel}","templated":true}]}}