{"id":20328,"date":"2025-11-10T12:18:34","date_gmt":"2025-11-10T11:18:34","guid":{"rendered":"https:\/\/ritosa.click.si\/?post_type=product&#038;p=20328"},"modified":"2026-03-05T18:43:50","modified_gmt":"2026-03-05T17:43:50","slug":"elan-sky-jrs-130-150-2","status":"publish","type":"product","link":"https:\/\/ritosa.click.si\/hr\/ducan\/skijanje\/skije\/djecje-skije\/elan-sky-jrs-130-150-2\/","title":{"rendered":"Elan SKY JRS (130-150)"},"content":{"rendered":"<div class=\"product attribute overview\">\n<div class=\"value\">\n<div class=\"product attribute overview\">\n<div class=\"value\">\n<p>Nebo je granica kada nau\u010dite skijati s U-Flex tehnologijom.<\/p>\n<\/div>\n<\/div>\n<div class=\"product attribute description\">\n<div class=\"value\">\n<p>U-Flex nije samo najbolja tehnologija kod dje\u010djih skija, ve\u0107 je i jedina tehnologija prilago\u0111ena manjim skija\u0161ima, pru\u017eaju\u0107i lagane, mekane skije za koje je dokazano da olak\u0161avaju u\u010denje skijanja po\u010detnicima.<\/p>\n<ul class=\"checkmark\">\n<li>Ubrzano u\u010denje<\/li>\n<li>Zakrivljenost prilago\u0111ena veli\u010dini skija<\/li>\n<li>Geometrija prilago\u0111ena djeci<\/li>\n<\/ul>\n<\/div>\n<\/div>\n<\/div>\n<\/div>\n<div class=\"product attribute description\">\n<div class=\"value\">\n<div class=\"pdp-attributes__trigger\"><\/div>\n<div class=\"pdp-attributes__content\">\n<div class=\"pdp-attributes__trigger\">\n<h3 class=\"pdp-attributes__title\">TABLICA VELI\u010cINA<\/h3>\n<\/div>\n<div class=\"pdp-attributes__content\">\n<table class=\"pdp-attributes__size-guide\">\n<thead>\n<tr>\n<th>Visina skija\u0161a<\/th>\n<th>Duljina skija<\/th>\n<\/tr>\n<\/thead>\n<tbody>\n<tr>\n<td>100 \u2013 115 cm<\/td>\n<td>100<\/td>\n<\/tr>\n<tr>\n<td>110 \u2013 125 cm<\/td>\n<td>110<\/td>\n<\/tr>\n<tr>\n<td>120 \u2013 135 cm<\/td>\n<td>120<\/td>\n<\/tr>\n<tr>\n<td>130 \u2013 145 cm<\/td>\n<td>130<\/td>\n<\/tr>\n<tr>\n<td>140 \u2013 155 cm<\/td>\n<td>140<\/td>\n<\/tr>\n<tr>\n<td>150 \u2013 165 cm<\/td>\n<td>150<\/td>\n<\/tr>\n<\/tbody>\n<\/table>\n<h3>TEHNI\u010cKE INFORMACIJE<\/h3>\n<table>\n<tbody>\n<tr>\n<td><\/td>\n<td style=\"text-align: left\">100 cm<\/td>\n<td>110 cm<\/td>\n<td>120 cm<\/td>\n<td>130 cm<\/td>\n<td>140 cm<\/td>\n<td>150 cm<\/td>\n<\/tr>\n<tr>\n<td>Radij<\/td>\n<td>6.2<\/td>\n<td>7<\/td>\n<td>8.6<\/td>\n<td>9.4<\/td>\n<td>11.2<\/td>\n<td>13.1<\/td>\n<\/tr>\n<tr>\n<td>\u0160irina vrha skije<\/td>\n<td>101<\/td>\n<td>105<\/td>\n<td>105<\/td>\n<td>109<\/td>\n<td>109<\/td>\n<td>109<\/td>\n<\/tr>\n<tr>\n<td>\u0160irina sredine skije<\/td>\n<td>69<\/td>\n<td>67<\/td>\n<td>68<\/td>\n<td>67<\/td>\n<td>67<\/td>\n<td>67<\/td>\n<\/tr>\n<tr>\n<td>\u0160irina repa skije<\/td>\n<td>90<\/td>\n<td>90<\/td>\n<td>90<\/td>\n<td>95<\/td>\n<td>95<\/td>\n<td>95<\/td>\n<\/tr>\n<\/tbody>\n<\/table>\n<h3>DETALJI<\/h3>\n<table>\n<tbody>\n<tr>\n<td>Kodirati<\/td>\n<td>AFFMAK25<\/td>\n<\/tr>\n<tr>\n<td>Veza<\/td>\n<td>EL 4,5\/7,5 GW CA JRS<\/td>\n<\/tr>\n<tr>\n<td>Duljina\/Radij<\/td>\n<td>120 (8.6)<\/td>\n<\/tr>\n<tr>\n<td>Sustav<\/td>\n<td>Junior Shift<\/td>\n<\/tr>\n<tr>\n<td>Profil<\/td>\n<td>Early Rise Rocker<\/td>\n<\/tr>\n<tr>\n<td>Din<\/td>\n<td>0,75 \u2013 4,5 \/ 2 \u2013 7,5<\/td>\n<\/tr>\n<tr>\n<td>Tehnologija<\/td>\n<td>Synflex, U-Flex tehnologija, Full Power Cap<\/td>\n<\/tr>\n<\/tbody>\n<\/table>\n<\/div>\n<\/div>\n<\/div>\n<\/div>","protected":false},"excerpt":{"rendered":"<p>Elan SKY JRS \u017eenske skije (130-150)<\/p>\n<div class=\"product attribute overview\">\n<div class=\"value\">\n<p>Nebo je granica kada nau\u010dite skijati s U-Flex tehnologijom.<br \/>\nU-Flex nije samo najbolja tehnologija kod dje\u010djih skija, ve\u0107 je i jedina tehnologija prilago\u0111ena manjim skija\u0161ima, pru\u017eaju\u0107i lagane, mekane skije za koje je dokazano da olak\u0161avaju u\u010denje skijanja po\u010detnicima.<\/p>\n<\/div>\n<\/div>","protected":false},"featured_media":20322,"template":"","meta":{"_acf_changed":false,"inline_featured_image":false},"product_brand":[677],"product_cat":[592],"product_tag":[],"class_list":{"0":"post-20328","1":"product","2":"type-product","3":"status-publish","4":"has-post-thumbnail","6":"product_brand-elan","7":"product_cat-otroske-smuci","8":"pa_velikost-130-3","9":"pa_velikost-719","10":"pa_velikost-150-2","12":"first","13":"instock","14":"sale","15":"taxable","16":"shipping-taxable","17":"purchasable","18":"product-type-variable"},"acf":[],"_links":{"self":[{"href":"https:\/\/ritosa.click.si\/hr\/wp-json\/wp\/v2\/product\/20328","targetHints":{"allow":["GET"]}}],"collection":[{"href":"https:\/\/ritosa.click.si\/hr\/wp-json\/wp\/v2\/product"}],"about":[{"href":"https:\/\/ritosa.click.si\/hr\/wp-json\/wp\/v2\/types\/product"}],"wp:featuredmedia":[{"embeddable":true,"href":"https:\/\/ritosa.click.si\/hr\/wp-json\/wp\/v2\/media\/20322"}],"wp:attachment":[{"href":"https:\/\/ritosa.click.si\/hr\/wp-json\/wp\/v2\/media?parent=20328"}],"wp:term":[{"taxonomy":"product_brand","embeddable":true,"href":"https:\/\/ritosa.click.si\/hr\/wp-json\/wp\/v2\/product_brand?post=20328"},{"taxonomy":"product_cat","embeddable":true,"href":"https:\/\/ritosa.click.si\/hr\/wp-json\/wp\/v2\/product_cat?post=20328"},{"taxonomy":"product_tag","embeddable":true,"href":"https:\/\/ritosa.click.si\/hr\/wp-json\/wp\/v2\/product_tag?post=20328"}],"curies":[{"name":"radni list","href":"https:\/\/api.w.org\/{rel}","templated":true}]}}