{"id":20203,"date":"2025-11-04T12:37:48","date_gmt":"2025-11-04T11:37:48","guid":{"rendered":"https:\/\/ritosa.click.si\/?post_type=product&#038;p=20203"},"modified":"2026-03-05T18:54:12","modified_gmt":"2026-03-05T17:54:12","slug":"elan-primetime-n4-w-2026-2","status":"publish","type":"product","link":"https:\/\/ritosa.click.si\/hr\/ducan\/skijanje\/skije\/zenske-skije\/elan-primetime-n4-w-2026-2\/","title":{"rendered":"Elan PRIMETIME N\u00b04 W 2026"},"content":{"rendered":"<div class=\"product-info-secondary__column\">\n<div class=\"product-info-secondary__column\">\n<div class=\"product-info-secondary__column\">\n<div class=\"product-info-secondary__column\">\n<div class=\"product attribute overview\">\n<div class=\"value\">Razigranost i udobnost u savr\u0161enoj ravnote\u017ei zahvaljuju\u0107i Mono Ti oja\u010danju.<\/div>\n<\/div>\n<\/div>\n<div class=\"pdp-attributes__accordion mage-accordion-disabled\">\n<div class=\"pdp-attributes__collapsible allow active\">\n<div class=\"pdp-attributes__content\">\n<div class=\"pdp-attributes__sustainability\">\n<div class=\"product attribute description\">\n<div class=\"value\">\n<p>O\u0161tri zavoji ne moraju zna\u010diti stalnu napetost i umorne noge! Ove skije pru\u017eaju udobno i razigrano iskustvo s pravom koli\u010dinom Titanal oja\u010danja. Sna\u017ean odskok i vrhunsko prianjanje rubnika \u010dine ove skije specijaliziranim za cjelodnevnu zabavu na snijegu.<\/p>\n<ul class=\"checkmark\">\n<li>Najbr\u017ei prijelaz od rubnika do rubnika<\/li>\n<li>Sna\u017ean odziv i prianjanje rubova<\/li>\n<li>Specijalist za rezbarenje<\/li>\n<\/ul>\n<\/div>\n<\/div>\n<\/div>\n<\/div>\n<\/div>\n<\/div>\n<\/div>\n<\/div>\n<\/div>\n<div class=\"product attribute description\">\n<div class=\"value\">\n<div class=\"pdp-attributes__trigger\">\n<h3 class=\"pdp-attributes__title\">TABLICA VELI\u010cINA<\/h3>\n<\/div>\n<div class=\"pdp-attributes__content\">\n<div class=\"pdp-attributes__content\">\n<table class=\"pdp-attributes__size-guide\">\n<thead>\n<tr>\n<th>Visina skija\u0161a<\/th>\n<th>Duljina skija<\/th>\n<\/tr>\n<\/thead>\n<tbody>\n<tr>\n<td>149 \u2013 159 cm<\/td>\n<td>144<\/td>\n<\/tr>\n<tr>\n<td>156 \u2013 166 cm<\/td>\n<td>151<\/td>\n<\/tr>\n<tr>\n<td>163 \u2013 173 cm<\/td>\n<td>158<\/td>\n<\/tr>\n<tr>\n<td>170 \u2013 180 cm<\/td>\n<td>165<\/td>\n<\/tr>\n<\/tbody>\n<\/table>\n<\/div>\n<\/div>\n<div class=\"pdp-attributes__content\">\n<h3>TEHNI\u010cKE INFORMACIJE<\/h3>\n<table>\n<tbody>\n<tr>\n<td><\/td>\n<td>144 cm<\/td>\n<td>151 cm<\/td>\n<td>158 cm<\/td>\n<td>165 cm<\/td>\n<\/tr>\n<tr>\n<td>Radij<\/td>\n<td>10<\/td>\n<td>12.2<\/td>\n<td>12.5<\/td>\n<td>13.7<\/td>\n<\/tr>\n<tr>\n<td>\u0160irina vrha skije<\/td>\n<td>121<\/td>\n<td>121<\/td>\n<td>121<\/td>\n<td>121<\/td>\n<\/tr>\n<tr>\n<td>\u0160irina sredine skije<\/td>\n<td>69<\/td>\n<td>69<\/td>\n<td>69<\/td>\n<td>69<\/td>\n<\/tr>\n<tr>\n<td>\u0160irina repa skije<\/td>\n<td>102<\/td>\n<td>102<\/td>\n<td>102<\/td>\n<td>102<\/td>\n<\/tr>\n<\/tbody>\n<\/table>\n<h3>DETALJI<\/h3>\n<table>\n<tbody>\n<tr>\n<td>Kodirati<\/td>\n<td>ACCLWE25<\/td>\n<\/tr>\n<tr>\n<td>Veza<\/td>\n<td>ELW 11.0 GW POMAK<\/td>\n<\/tr>\n<tr>\n<td>Duljina\/Radij<\/td>\n<td>158 (12.5)<\/td>\n<\/tr>\n<tr>\n<td>Sustav<\/td>\n<td>Power Shift<\/td>\n<\/tr>\n<tr>\n<td>Profil<\/td>\n<td>Amphibio<\/td>\n<\/tr>\n<tr>\n<td>Din<\/td>\n<td>3 \u2013 11<\/td>\n<\/tr>\n<tr>\n<td>Tehnologija<\/td>\n<td>Power Match tehnologija \u2013 Mono Ti, drvena jezgra dvostruke gusto\u0107e, RST bo\u010dna stijenka<\/td>\n<\/tr>\n<\/tbody>\n<\/table>\n<\/div>\n<\/div>\n<\/div>","protected":false},"excerpt":{"rendered":"<p>Elan PRIMETIME N\u00b04 W Shift X ELW11.0<\/p>\n<p>Razigranost i udobnost u savr\u0161enoj ravnote\u017ei zahvaljuju\u0107i Mono Ti oja\u010danju.<\/p>","protected":false},"featured_media":20209,"template":"","meta":{"_acf_changed":false,"inline_featured_image":false},"product_brand":[677],"product_cat":[567],"product_tag":[1946,2060,2083,2085,2084,2080],"class_list":{"0":"post-20203","1":"product","2":"type-product","3":"status-publish","4":"has-post-thumbnail","6":"product_brand-elan","7":"product_cat-zenske-smuci","8":"product_tag-elan","9":"product_tag-elan-primetime","10":"product_tag-primetime-4","11":"product_tag-zenska-smuci-elan","12":"product_tag-zenske-rekreativne-smuci","13":"product_tag-zenske-smuci","14":"pa_velikost-2214","16":"first","17":"instock","18":"sale","19":"taxable","20":"shipping-taxable","21":"purchasable","22":"product-type-variable"},"acf":[],"_links":{"self":[{"href":"https:\/\/ritosa.click.si\/hr\/wp-json\/wp\/v2\/product\/20203","targetHints":{"allow":["GET"]}}],"collection":[{"href":"https:\/\/ritosa.click.si\/hr\/wp-json\/wp\/v2\/product"}],"about":[{"href":"https:\/\/ritosa.click.si\/hr\/wp-json\/wp\/v2\/types\/product"}],"wp:featuredmedia":[{"embeddable":true,"href":"https:\/\/ritosa.click.si\/hr\/wp-json\/wp\/v2\/media\/20209"}],"wp:attachment":[{"href":"https:\/\/ritosa.click.si\/hr\/wp-json\/wp\/v2\/media?parent=20203"}],"wp:term":[{"taxonomy":"product_brand","embeddable":true,"href":"https:\/\/ritosa.click.si\/hr\/wp-json\/wp\/v2\/product_brand?post=20203"},{"taxonomy":"product_cat","embeddable":true,"href":"https:\/\/ritosa.click.si\/hr\/wp-json\/wp\/v2\/product_cat?post=20203"},{"taxonomy":"product_tag","embeddable":true,"href":"https:\/\/ritosa.click.si\/hr\/wp-json\/wp\/v2\/product_tag?post=20203"}],"curies":[{"name":"radni list","href":"https:\/\/api.w.org\/{rel}","templated":true}]}}