{"id":20078,"date":"2025-10-28T12:10:16","date_gmt":"2025-10-28T11:10:16","guid":{"rendered":"https:\/\/ritosa.click.si\/?post_type=product&#038;p=20078"},"modified":"2026-03-06T08:18:54","modified_gmt":"2026-03-06T07:18:54","slug":"elan-primetime-55-be-fx-2026","status":"publish","type":"product","link":"https:\/\/ritosa.click.si\/hr\/ducan\/skijanje\/skije\/muske-skije\/elan-primetime-55-be-fx-2026\/","title":{"rendered":"Elan PRIMETIME 55 BE FX 2026"},"content":{"rendered":"<div class=\"product attribute overview\">\n<div class=\"value\">\n<div class=\"product attribute overview\">\n<div class=\"value\">\n<p>Za najja\u010de i najbr\u017ee skija\u0161e koji cijene munjevito brze prijelaze s ruba na rub i \u010dvrsto\u0107u dvostrukog titanala i UD karbona.<\/p>\n<\/div>\n<\/div>\n<div class=\"product attribute description\">\n<div class=\"value\">\n<p>Vrhunska skija za najja\u010de i najbr\u017ee skija\u0161e koji zahtijevaju brze prijelaze s ruba na rub i neusporedive performanse. Dizajnirana za one koji pomi\u010du granice, ima Dual Ti i UD konstrukciju od karbonskih vlakana u elegantnoj crnoj zavr\u0161noj obradi, pru\u017eaju\u0107i izniman odskok i vrhunski stil. Njene vrhunske performanse rezanja pru\u017eaju potpunu kontrolu i snagu u svakom zavoju.<\/p>\n<\/div>\n<\/div>\n<\/div>\n<\/div>\n<div class=\"product attribute description\">\n<div class=\"value\">\n<ul class=\"checkmark\">\n<li>Najbr\u017ei prijelaz od rubnika do rubnika<\/li>\n<li>Najsna\u017eniji odziv i prianjanje uz rubnik<\/li>\n<li>Vrhunske performanse rezbarenja<\/li>\n<\/ul>\n<\/div>\n<\/div>\n<div class=\"product attribute description\">\n<div class=\"value\">\n<div class=\"pdp-attributes__trigger\">\n<h3 class=\"pdp-attributes__title\">TABLICA VELI\u010cINA<\/h3>\n<\/div>\n<div class=\"pdp-attributes__content\">\n<table class=\"pdp-attributes__size-guide\">\n<thead>\n<tr>\n<th>Visina skija\u0161a<\/th>\n<th>Duljina skija<\/th>\n<\/tr>\n<\/thead>\n<tbody>\n<tr>\n<td>151 \u2013 161 cm<\/td>\n<td>151<\/td>\n<\/tr>\n<tr>\n<td>158 \u2013 168 cm<\/td>\n<td>158<\/td>\n<\/tr>\n<tr>\n<td>165 \u2013 175 cm<\/td>\n<td>165<\/td>\n<\/tr>\n<tr>\n<td>172 \u2013 182 cm<\/td>\n<td>172<\/td>\n<\/tr>\n<tr>\n<td>179 \u2013 189 cm<\/td>\n<td>179<\/td>\n<\/tr>\n<\/tbody>\n<\/table>\n<\/div>\n<div class=\"pdp-attributes__content\">\n<h3>TEHNI\u010cKE INFORMACIJE<\/h3>\n<table>\n<tbody>\n<tr>\n<td><\/td>\n<td>151 cm<\/td>\n<td>158 cm<\/td>\n<td>165 cm<\/td>\n<td>172 cm<\/td>\n<td>179 cm<\/td>\n<\/tr>\n<tr>\n<td>Radij<\/td>\n<td>12.2<\/td>\n<td>12.5<\/td>\n<td>13.7<\/td>\n<td>15.1<\/td>\n<td>16.5<\/td>\n<\/tr>\n<tr>\n<td>\u0160irina vrha skije<\/td>\n<td>121<\/td>\n<td>121<\/td>\n<td>121<\/td>\n<td>121<\/td>\n<td>121<\/td>\n<\/tr>\n<tr>\n<td>\u0160irina sredine skije<\/td>\n<td>69<\/td>\n<td>69<\/td>\n<td>69<\/td>\n<td>69<\/td>\n<td>69<\/td>\n<\/tr>\n<tr>\n<td>\u0160irina repa skije<\/td>\n<td>102<\/td>\n<td>102<\/td>\n<td>102<\/td>\n<td>102<\/td>\n<td>102<\/td>\n<\/tr>\n<\/tbody>\n<\/table>\n<h3>DETALJI<\/h3>\n<table>\n<tbody>\n<tr>\n<td>Kodirati<\/td>\n<td>ABBLTR25<\/td>\n<\/tr>\n<tr>\n<td>Veza<\/td>\n<td>EMX 12.0 GW Fusion X<\/td>\n<\/tr>\n<tr>\n<td>Duljina\/Radij<\/td>\n<td>172 (15.1)<\/td>\n<\/tr>\n<tr>\n<td>Sustav<\/td>\n<td>Fusion X<\/td>\n<\/tr>\n<tr>\n<td>Profil<\/td>\n<td>Amphibio<\/td>\n<\/tr>\n<tr>\n<td>Din<\/td>\n<td>3,5 \u2013 12<\/td>\n<\/tr>\n<tr>\n<td>Tehnologija<\/td>\n<td>Power Match tehnologija \u2013 Dual Ti, drvena jezgra dvostruke gusto\u0107e, UD karbonska vlakna, RST bo\u010dna stijenka<\/td>\n<\/tr>\n<\/tbody>\n<\/table>\n<\/div>\n<\/div>\n<\/div>","protected":false},"excerpt":{"rendered":"<p>Elan PRIMETIME 55 Black Edition Fusion X EMX12.0<\/p>\n<p>Za najja\u010de i najbr\u017ee skija\u0161e koji cijene munjevito brze prijelaze s ruba na rub i \u010dvrsto\u0107u dvostrukog titanala i UD karbona.<\/p>","protected":false},"featured_media":20087,"template":"","meta":{"_acf_changed":false,"inline_featured_image":false,"_monsterinsights_skip_tracking":false,"_monsterinsights_sitenote_active":false,"_monsterinsights_sitenote_note":"","_monsterinsights_sitenote_category":0},"product_brand":[677],"product_cat":[508],"product_tag":[1946,2060,2061,2062,2063,2064],"class_list":{"0":"post-20078","1":"product","2":"type-product","3":"status-publish","4":"has-post-thumbnail","6":"product_brand-elan","7":"product_cat-moske-smuci","8":"product_tag-elan","9":"product_tag-elan-primetime","10":"product_tag-elan-smuci","11":"product_tag-primetime-55","12":"product_tag-primetime-55-2026","13":"product_tag-primetime-black-edition","14":"pa_velikost-2220","16":"first","17":"instock","18":"sale","19":"taxable","20":"shipping-taxable","21":"purchasable","22":"product-type-variable"},"acf":[],"aioseo_notices":[],"_links":{"self":[{"href":"https:\/\/ritosa.click.si\/hr\/wp-json\/wp\/v2\/product\/20078","targetHints":{"allow":["GET"]}}],"collection":[{"href":"https:\/\/ritosa.click.si\/hr\/wp-json\/wp\/v2\/product"}],"about":[{"href":"https:\/\/ritosa.click.si\/hr\/wp-json\/wp\/v2\/types\/product"}],"wp:featuredmedia":[{"embeddable":true,"href":"https:\/\/ritosa.click.si\/hr\/wp-json\/wp\/v2\/media\/20087"}],"wp:attachment":[{"href":"https:\/\/ritosa.click.si\/hr\/wp-json\/wp\/v2\/media?parent=20078"}],"wp:term":[{"taxonomy":"product_brand","embeddable":true,"href":"https:\/\/ritosa.click.si\/hr\/wp-json\/wp\/v2\/product_brand?post=20078"},{"taxonomy":"product_cat","embeddable":true,"href":"https:\/\/ritosa.click.si\/hr\/wp-json\/wp\/v2\/product_cat?post=20078"},{"taxonomy":"product_tag","embeddable":true,"href":"https:\/\/ritosa.click.si\/hr\/wp-json\/wp\/v2\/product_tag?post=20078"}],"curies":[{"name":"radni list","href":"https:\/\/api.w.org\/{rel}","templated":true}]}}